{"id":8032,"date":"2020-06-01T01:46:19","date_gmt":"2020-05-31T17:46:19","guid":{"rendered":"https:\/\/metisenergy.com\/tiep-xuc\/"},"modified":"2022-09-29T17:23:34","modified_gmt":"2022-09-29T09:23:34","slug":"lien-he","status":"publish","type":"page","link":"https:\/\/metisenergy.com\/vi\/lien-he\/","title":{"rendered":"Li\u00ean h\u1ec7"},"content":{"rendered":"\t\t<div data-elementor-type=\"wp-page\" data-elementor-id=\"8032\" class=\"elementor elementor-8032\">\n\t\t\t\t\t\t<section class=\"elementor-section elementor-top-section elementor-element elementor-element-bb53463 elementor-section-full_width elementor-section-height-default elementor-section-height-default\" data-id=\"bb53463\" data-element_type=\"section\" data-e-type=\"section\" data-settings=\"{&quot;background_background&quot;:&quot;classic&quot;}\">\n\t\t\t\t\t\t\t<div class=\"elementor-background-overlay\"><\/div>\n\t\t\t\t\t\t\t<div class=\"elementor-container elementor-column-gap-no\">\n\t\t\t\t\t<div class=\"elementor-column elementor-col-100 elementor-top-column elementor-element elementor-element-8b843db\" data-id=\"8b843db\" data-element_type=\"column\" data-e-type=\"column\">\n\t\t\t<div class=\"elementor-widget-wrap elementor-element-populated\">\n\t\t\t\t\t\t<div class=\"elementor-element elementor-element-3a9e281 elementor-widget elementor-widget-ucaddon_contactsection\" data-id=\"3a9e281\" data-element_type=\"widget\" data-e-type=\"widget\" data-widget_type=\"ucaddon_contactsection.default\">\n\t\t\t\t<div class=\"elementor-widget-container\">\n\t\t\t\t\t\n<!-- start Contact Section -->\n\n<!-- Start of Contact content -->\n\t<section id=\"contact-page-area\" class=\"contact-page-section\">\n\t\t<div class=\"container\">\n\t\t\t<div class=\"row\">\n\t\t\t\t<div class=\"col-lg-6 col-md-12\">\n\t\t\t\t\t<div class=\"contact-form-text headline pera-content\">\n\t\t\t\t\t\t<h3>Li\u00ean h\u1ec7 Ch\u00fang t\u00f4i<\/h3>\n\t\t\t\t\t\t<p><\/p>\n\t\t\t\t\t\t<div class=\"el-contact-info\">\n\t\t\t\t\t\t\t<div class=\"contact-address\">\n\t<div class=\"contact-icon\">\n            <i class='fas fa-phone'><\/i>\n      \t<\/div>\n\t<div class=\"contact-text pera-content headline\">\n\t\t<h4>Th\u00f4ng tin Li\u00ean h\u1ec7<\/h4>\n\t\t<p><b>T <\/b>\t+65 6345 0777\n<br> <b>F<\/b>\t+65 6342 0777 <br> <b>E<\/b>\tinfo@metisenergy.com\n\n<\/p>\n\t<\/div>\n<\/div>\n<div class=\"contact-address\">\n\t<div class=\"contact-icon\">\n            <i class='fas fa-map-marker-alt'><\/i>\n      \t<\/div>\n\t<div class=\"contact-text pera-content headline\">\n\t\t<h4>Tr\u1ee5 s\u1edf To\u00e0n c\u1ea7u<\/h4>\n\t\t<p>\n<br>\n<b> T\u1eadp \u0110o\u00e0n N\u0103ng L\u01b0\u1ee3ng Metis<\/b> <br>\n133 New Bridge Road\nChinatown Point #18-09\nSingapore 059413\n<\/p>\n\t<\/div>\n<\/div>\n\n\t\t\t\t\t\t<\/div>\n\t\t\t\t\t<\/div>\n\t\t\t\t<\/div>\n              \t\t\t\t\t<div class=\"col-lg-6 col-md-12\">\n\t\t\t\t\t<div class=\"el-contact-form headline\">\n\t\t\t\t\t\t<h3>G\u1eedi tin nh\u1eafn cho ch\u00fang t\u00f4i.<\/h3>\n\t\t\t\t\t\t<div class=\"contact-form-area\">\n\t\t\t\t\t\t\t\n<div class=\"wpcf7 no-js\" id=\"wpcf7-f8508-o1\" lang=\"en-US\" dir=\"ltr\" data-wpcf7-id=\"8508\">\n<div class=\"screen-reader-response\"><p role=\"status\" aria-live=\"polite\" aria-atomic=\"true\"><\/p> <ul><\/ul><\/div>\n<form action=\"\/vi\/wp-json\/wp\/v2\/pages\/8032#wpcf7-f8508-o1\" method=\"post\" class=\"wpcf7-form init 525b3b395b74 cmatic-conn cmatic-aud-1 cmatic-mapd0-0 cmatic-v0977 cmatic-sent-0 cmatic-total-4306\" aria-label=\"Contact form\" novalidate=\"novalidate\" data-status=\"init\">\n<fieldset class=\"hidden-fields-container\"><input type=\"hidden\" name=\"_wpcf7\" value=\"8508\" \/><input type=\"hidden\" name=\"_wpcf7_version\" value=\"6.1.5\" \/><input type=\"hidden\" name=\"_wpcf7_locale\" value=\"en_US\" \/><input type=\"hidden\" name=\"_wpcf7_unit_tag\" value=\"wpcf7-f8508-o1\" \/><input type=\"hidden\" name=\"_wpcf7_container_post\" value=\"0\" \/><input type=\"hidden\" name=\"_wpcf7_posted_data_hash\" value=\"\" \/>\n<\/fieldset>\n<p><span class=\"wpcf7-form-control-wrap\" data-name=\"your-name\"><input size=\"40\" maxlength=\"400\" class=\"wpcf7-form-control wpcf7-text wpcf7-validates-as-required\" aria-required=\"true\" aria-invalid=\"false\" placeholder=\"H\u1ecd v\u00e0 t\u00ean\" value=\"\" type=\"text\" name=\"your-name\" \/><\/span><span class=\"wpcf7-form-control-wrap\" data-name=\"your-email\"><input size=\"40\" maxlength=\"400\" class=\"wpcf7-form-control wpcf7-email wpcf7-validates-as-required wpcf7-text wpcf7-validates-as-email\" aria-required=\"true\" aria-invalid=\"false\" placeholder=\"E-mail\" value=\"\" type=\"email\" name=\"your-email\" \/><\/span><span class=\"wpcf7-form-control-wrap\" data-name=\"your-subject\"><input size=\"40\" maxlength=\"400\" class=\"wpcf7-form-control wpcf7-text\" aria-invalid=\"false\" placeholder=\"M\u00f4n h\u1ecdc\" value=\"\" type=\"text\" name=\"your-subject\" \/><\/span><span class=\"wpcf7-form-control-wrap\" data-name=\"your-message\"><textarea cols=\"40\" rows=\"10\" maxlength=\"2000\" class=\"wpcf7-form-control wpcf7-textarea\" aria-invalid=\"false\" placeholder=\"B\u00ecnh lu\u1eadn*\" name=\"your-message\"><\/textarea><\/span><input class=\"wpcf7-form-control wpcf7-submit has-spinner\" type=\"submit\" value=\"G\u1eedi tin nh\u1eafn\" \/>\n<\/p><div class=\"wpcf7-response-output\" aria-hidden=\"true\"><\/div>\n<\/form>\n<\/div>\n\n\t\t\t\t\t\t<\/div>\n\t\t\t\t\t<\/div>\n\t\t\t\t<\/div>\n              \t\t\t\t<\/div>\n\t\t<\/div>\n\t<\/section>\n<!-- End of Contact content -->\n<!-- end Contact Section -->\t\t\t\t<\/div>\n\t\t\t\t<\/div>\n\t\t\t\t\t<\/div>\n\t\t<\/div>\n\t\t\t\t\t<\/div>\n\t\t<\/section>\n\t\t\t\t<section class=\"elementor-section elementor-top-section elementor-element elementor-element-ae186c1 elementor-section-boxed elementor-section-height-default elementor-section-height-default\" data-id=\"ae186c1\" data-element_type=\"section\" data-e-type=\"section\">\n\t\t\t\t\t\t<div class=\"elementor-container elementor-column-gap-default\">\n\t\t\t\t\t<div class=\"elementor-column elementor-col-100 elementor-top-column elementor-element elementor-element-75c7590\" data-id=\"75c7590\" data-element_type=\"column\" data-e-type=\"column\">\n\t\t\t<div class=\"elementor-widget-wrap\">\n\t\t\t\t\t\t\t<\/div>\n\t\t<\/div>\n\t\t\t\t\t<\/div>\n\t\t<\/section>\n\t\t\t\t<section class=\"elementor-section elementor-top-section elementor-element elementor-element-b640828 elementor-section-boxed elementor-section-height-default elementor-section-height-default\" data-id=\"b640828\" data-element_type=\"section\" data-e-type=\"section\">\n\t\t\t\t\t\t<div class=\"elementor-container elementor-column-gap-default\">\n\t\t\t\t\t<div class=\"elementor-column elementor-col-50 elementor-top-column elementor-element elementor-element-be87d11\" data-id=\"be87d11\" data-element_type=\"column\" data-e-type=\"column\">\n\t\t\t<div class=\"elementor-widget-wrap elementor-element-populated\">\n\t\t\t\t\t\t<div class=\"elementor-element elementor-element-81a8cec elementor-widget elementor-widget-heading\" data-id=\"81a8cec\" data-element_type=\"widget\" data-e-type=\"widget\" data-widget_type=\"heading.default\">\n\t\t\t\t<div class=\"elementor-widget-container\">\n\t\t\t\t\t<h3 class=\"elementor-heading-title elementor-size-default\">Ch\u00ednh s\u00e1ch B\u1ea3o v\u1ec7 Ng\u01b0\u1eddi l\u00ean ti\u1ebfng<\/h3>\t\t\t\t<\/div>\n\t\t\t\t<\/div>\n\t\t\t\t<div class=\"elementor-element elementor-element-bda7ff1 elementor-widget elementor-widget-text-editor\" data-id=\"bda7ff1\" data-element_type=\"widget\" data-e-type=\"widget\" data-widget_type=\"text-editor.default\">\n\t\t\t\t<div class=\"elementor-widget-container\">\n\t\t\t\t\t\t\t\t\t<p>Ch\u00ednh s\u00e1ch B\u1ea3o v\u1ec7 Ng\u01b0\u1eddi l\u00ean ti\u1ebfng m\u1ee5c \u0111\u00edch cho ph\u00e9p v\u00e0 cung c\u1ea5p m\u1ed9t k\u00eanh \u0111\u1ec3 c\u00e1c b\u00ean li\u00ean quan b\u00e1o c\u00e1o v\u00e0 n\u00eau l\u00ean m\u1ed9t c\u00e1ch thi\u1ec7n ch\u00ed v\u00e0 tin c\u1eady, m\u1ed1i quan ng\u1ea1i c\u1ee7a h\u1ecd v\u1ec1 b\u1ea5t k\u1ef3 h\u00e0nh vi sai tr\u00e1i ho\u1eb7c s\u01a1 su\u1ea5t n\u00e0o b\u1ecb nghi ng\u1edd trong T\u1eadp \u0111o\u00e0n v\u00e0 kh\u00f4ng s\u1ee3 h\u1eadu qu\u1ea3 b\u1ea5t l\u1ee3i.<\/p>\t\t\t\t\t\t\t\t<\/div>\n\t\t\t\t<\/div>\n\t\t\t\t<div class=\"elementor-element elementor-element-51d9e6d elementor-widget elementor-widget-heading\" data-id=\"51d9e6d\" data-element_type=\"widget\" data-e-type=\"widget\" data-widget_type=\"heading.default\">\n\t\t\t\t<div class=\"elementor-widget-container\">\n\t\t\t\t\t<h3 class=\"elementor-heading-title elementor-size-default\">Tr\u00ecnh b\u00e1o<\/h3>\t\t\t\t<\/div>\n\t\t\t\t<\/div>\n\t\t\t\t<div class=\"elementor-element elementor-element-008427d elementor-widget elementor-widget-text-editor\" data-id=\"008427d\" data-element_type=\"widget\" data-e-type=\"widget\" data-widget_type=\"text-editor.default\">\n\t\t\t\t<div class=\"elementor-widget-container\">\n\t\t\t\t\t\t\t\t\t<p>C\u00e1c b\u00ean li\u00ean quan c\u00f3 ki\u1ebfn th\u1ee9c, th\u00f4ng tin v\u00e0 b\u1eb1ng ch\u1ee9ng v\u1ec1 b\u1ea5t k\u1ef3 vi ph\u1ea1m n\u00e0o b\u1ecb nghi ng\u1edd n\u00ean n\u00eau chi ti\u1ebft v\u1ec1 s\u1ef1 hi\u1ec3u bi\u1ebft c\u1ee7a h\u1ecd v\u1ec1 h\u00e0nh vi sai tr\u00e1i \u0111\u00f3 trong m\u1ed9t b\u1ee9c th\u01b0 \u2018c\u00f3 ch\u1eef k\u00fd\u2019, c\u00f9ng v\u1edbi li\u00ean h\u1ec7 c\u1ee7a b\u00ean li\u00ean quan, t\u1edbi \u0111\u1ecba ch\u1ec9 sau:<br \/>Ch\u1ee7 t\u1ecbch \u1ee6y ban Ki\u1ec3m to\u00e1n<br \/>Manhattan Resources Limited<br \/>E-mail: ACchairman@metisenergy.com<\/p>\t\t\t\t\t\t\t\t<\/div>\n\t\t\t\t<\/div>\n\t\t\t\t\t<\/div>\n\t\t<\/div>\n\t\t\t\t<div class=\"elementor-column elementor-col-50 elementor-top-column elementor-element elementor-element-53571de\" data-id=\"53571de\" data-element_type=\"column\" data-e-type=\"column\">\n\t\t\t<div class=\"elementor-widget-wrap elementor-element-populated\">\n\t\t\t\t\t\t<div class=\"elementor-element elementor-element-e263876 elementor-widget elementor-widget-heading\" data-id=\"e263876\" data-element_type=\"widget\" data-e-type=\"widget\" data-widget_type=\"heading.default\">\n\t\t\t\t<div class=\"elementor-widget-container\">\n\t\t\t\t\t<h3 class=\"elementor-heading-title elementor-size-default\">B\u1ea3o m\u1eadt<\/h3>\t\t\t\t<\/div>\n\t\t\t\t<\/div>\n\t\t\t\t<div class=\"elementor-element elementor-element-8aab7ad elementor-widget elementor-widget-text-editor\" data-id=\"8aab7ad\" data-element_type=\"widget\" data-e-type=\"widget\" data-widget_type=\"text-editor.default\">\n\t\t\t\t<div class=\"elementor-widget-container\">\n\t\t\t\t\t\t\t\t\t<p>T\u1ea5t c\u1ea3 th\u00f4ng tin \u0111\u01b0\u1ee3c b\u00e1o c\u00e1o v\u1ec1 c\u00e1c h\u00e0nh vi sai tr\u00e1i \u0111\u00e3 bi\u1ebft ho\u1eb7c nghi ng\u1edd s\u1ebd \u0111\u01b0\u1ee3c gi\u1eef b\u00ed m\u1eadt trong ph\u1ea1m vi c\u00f3 th\u1ec3 ph\u00f9 h\u1ee3p v\u1edbi nhu c\u1ea7u ti\u1ebfn h\u00e0nh \u0111\u00e1nh gi\u00e1 v\u00e0 \u0111i\u1ec1u tra th\u00edch h\u1ee3p. Kh\u00f4ng b\u00ean li\u00ean quan n\u00e0o c\u00f3 thi\u1ec7n ch\u00ed b\u00e1o c\u00e1o h\u00e0nh vi sai tr\u00e1i s\u1ebd b\u1ecb s\u00e1ch nhi\u1ec5u, tr\u1ea3 th\u00f9 ho\u1eb7c h\u1eadu qu\u1ea3 lao \u0111\u1ed9ng b\u1ea5t l\u1ee3i.<\/p>\t\t\t\t\t\t\t\t<\/div>\n\t\t\t\t<\/div>\n\t\t\t\t<div class=\"elementor-element elementor-element-cfe99f4 elementor-widget elementor-widget-heading\" data-id=\"cfe99f4\" data-element_type=\"widget\" data-e-type=\"widget\" data-widget_type=\"heading.default\">\n\t\t\t\t<div class=\"elementor-widget-container\">\n\t\t\t\t\t<h3 class=\"elementor-heading-title elementor-size-default\">\u0110i\u1ec1u tra c\u00e1c Vi ph\u1ea1m \u0111\u01b0\u1ee3c Tr\u00ecnh b\u00e1o<\/h3>\t\t\t\t<\/div>\n\t\t\t\t<\/div>\n\t\t\t\t<div class=\"elementor-element elementor-element-72c08a6 elementor-widget elementor-widget-text-editor\" data-id=\"72c08a6\" data-element_type=\"widget\" data-e-type=\"widget\" data-widget_type=\"text-editor.default\">\n\t\t\t\t<div class=\"elementor-widget-container\">\n\t\t\t\t\t\t\t\t\t<p>T\u1ea5t c\u1ea3 c\u00e1c b\u00e1o c\u00e1o v\u1ec1 vi ph\u1ea1m s\u1ebd \u0111\u01b0\u1ee3c \u0111i\u1ec1u tra m\u1ed9t c\u00e1ch th\u00edch h\u1ee3p. H\u00e0nh \u0111\u1ed9ng s\u1eeda ch\u1eefa th\u00edch h\u1ee3p s\u1ebd \u0111\u01b0\u1ee3c th\u1ef1c hi\u1ec7n n\u1ebfu \u0111\u01b0\u1ee3c \u0111\u1ea3m b\u1ea3o \u0111i\u1ec1u tra. \u00dd ki\u1ebfn ph\u00e1p l\u00fd c\u00f3 th\u1ec3 \u0111\u01b0\u1ee3c t\u00ecm ki\u1ebfm n\u1ebfu \u0111\u01b0\u1ee3c y\u00eau c\u1ea7u.Ch\u00ednh s\u00e1ch B\u1ea3o v\u1ec7 Ng\u01b0\u1eddi l\u00ean ti\u1ebfng c\u00f3 s\u1eb5n t\u1ea1i v\u0103n ph\u00f2ng \u0111\u0103ng k\u00fd c\u1ee7a C\u00f4ng ty t\u1ea1i 133 New Bridge Road, # 18-09 Chinatown Point, Singapore 059413 trong gi\u1edd l\u00e0m vi\u1ec7c b\u00ecnh th\u01b0\u1eddng.<\/p>\t\t\t\t\t\t\t\t<\/div>\n\t\t\t\t<\/div>\n\t\t\t\t\t<\/div>\n\t\t<\/div>\n\t\t\t\t\t<\/div>\n\t\t<\/section>\n\t\t\t\t<\/div>\n\t\t","protected":false},"excerpt":{"rendered":"<p>Li\u00ean h\u1ec7 Ch\u00fang t\u00f4i Th\u00f4ng tin Li\u00ean h\u1ec7 T +65 6345 0777 F +65 6342 0777 E info@metisenergy.com Tr\u1ee5 s\u1edf To\u00e0n c\u1ea7u T\u1eadp \u0110o\u00e0n N\u0103ng L\u01b0\u1ee3ng Metis 133 New Bridge Road Chinatown Point #18-09 Singapore 059413 G\u1eedi tin nh\u1eafn cho ch\u00fang t\u00f4i. Ch\u00ednh s\u00e1ch B\u1ea3o v\u1ec7 Ng\u01b0\u1eddi l\u00ean ti\u1ebfng Ch\u00ednh s\u00e1ch B\u1ea3o v\u1ec7 Ng\u01b0\u1eddi l\u00ean&hellip;<\/p>\n","protected":false},"author":11,"featured_media":0,"parent":0,"menu_order":0,"comment_status":"closed","ping_status":"closed","template":"elementor_header_footer","meta":{"footnotes":""},"class_list":["post-8032","page","type-page","status-publish","hentry"],"yoast_head":"<!-- This site is optimized with the Yoast SEO plugin v27.2 - https:\/\/yoast.com\/product\/yoast-seo-wordpress\/ -->\n<title>Li\u00ean h\u1ec7 - Metis Energy<\/title>\n<meta name=\"robots\" content=\"index, follow, max-snippet:-1, max-image-preview:large, max-video-preview:-1\" \/>\n<link rel=\"canonical\" href=\"https:\/\/metisenergy.com\/vi\/lien-he\/\" \/>\n<meta property=\"og:locale\" content=\"vi_VN\" \/>\n<meta property=\"og:type\" content=\"article\" \/>\n<meta property=\"og:title\" content=\"Li\u00ean h\u1ec7 - Metis Energy\" \/>\n<meta property=\"og:description\" content=\"Li\u00ean h\u1ec7 Ch\u00fang t\u00f4i Th\u00f4ng tin Li\u00ean h\u1ec7 T +65 6345 0777 F +65 6342 0777 E info@metisenergy.com Tr\u1ee5 s\u1edf To\u00e0n c\u1ea7u T\u1eadp \u0110o\u00e0n N\u0103ng L\u01b0\u1ee3ng Metis 133 New Bridge Road Chinatown Point #18-09 Singapore 059413 G\u1eedi tin nh\u1eafn cho ch\u00fang t\u00f4i. Ch\u00ednh s\u00e1ch B\u1ea3o v\u1ec7 Ng\u01b0\u1eddi l\u00ean ti\u1ebfng Ch\u00ednh s\u00e1ch B\u1ea3o v\u1ec7 Ng\u01b0\u1eddi l\u00ean&hellip;\" \/>\n<meta property=\"og:url\" content=\"https:\/\/metisenergy.com\/vi\/lien-he\/\" \/>\n<meta property=\"og:site_name\" content=\"Metis Energy\" \/>\n<meta property=\"article:modified_time\" content=\"2022-09-29T09:23:34+00:00\" \/>\n<meta name=\"twitter:card\" content=\"summary_large_image\" \/>\n<meta name=\"twitter:label1\" content=\"Est. reading time\" \/>\n\t<meta name=\"twitter:data1\" content=\"2 minutes\" \/>\n<script type=\"application\/ld+json\" class=\"yoast-schema-graph\">{\"@context\":\"https:\/\/schema.org\",\"@graph\":[{\"@type\":\"WebPage\",\"@id\":\"https:\/\/metisenergy.com\/vi\/lien-he\/\",\"url\":\"https:\/\/metisenergy.com\/vi\/lien-he\/\",\"name\":\"Li\u00ean h\u1ec7 - Metis Energy\",\"isPartOf\":{\"@id\":\"https:\/\/metisenergy.com\/vi\/#website\"},\"datePublished\":\"2020-05-31T17:46:19+00:00\",\"dateModified\":\"2022-09-29T09:23:34+00:00\",\"breadcrumb\":{\"@id\":\"https:\/\/metisenergy.com\/vi\/lien-he\/#breadcrumb\"},\"inLanguage\":\"vi-VN\",\"potentialAction\":[{\"@type\":\"ReadAction\",\"target\":[\"https:\/\/metisenergy.com\/vi\/lien-he\/\"]}]},{\"@type\":\"BreadcrumbList\",\"@id\":\"https:\/\/metisenergy.com\/vi\/lien-he\/#breadcrumb\",\"itemListElement\":[{\"@type\":\"ListItem\",\"position\":1,\"name\":\"Home\",\"item\":\"https:\/\/metisenergy.com\/vi\/\"},{\"@type\":\"ListItem\",\"position\":2,\"name\":\"Li\u00ean h\u1ec7\"}]},{\"@type\":\"WebSite\",\"@id\":\"https:\/\/metisenergy.com\/vi\/#website\",\"url\":\"https:\/\/metisenergy.com\/vi\/\",\"name\":\"Metis Energy\",\"description\":\"Together for a Brighter Future\u2122\",\"publisher\":{\"@id\":\"https:\/\/metisenergy.com\/vi\/#organization\"},\"potentialAction\":[{\"@type\":\"SearchAction\",\"target\":{\"@type\":\"EntryPoint\",\"urlTemplate\":\"https:\/\/metisenergy.com\/vi\/?s={search_term_string}\"},\"query-input\":{\"@type\":\"PropertyValueSpecification\",\"valueRequired\":true,\"valueName\":\"search_term_string\"}}],\"inLanguage\":\"vi-VN\"},{\"@type\":\"Organization\",\"@id\":\"https:\/\/metisenergy.com\/vi\/#organization\",\"name\":\"Metis Energy\",\"url\":\"https:\/\/metisenergy.com\/vi\/\",\"logo\":{\"@type\":\"ImageObject\",\"inLanguage\":\"vi-VN\",\"@id\":\"https:\/\/metisenergy.com\/vi\/#\/schema\/logo\/image\/\",\"url\":\"https:\/\/metisenergy.com\/wp-content\/uploads\/Metis-Logo-V.png-1.png\",\"contentUrl\":\"https:\/\/metisenergy.com\/wp-content\/uploads\/Metis-Logo-V.png-1.png\",\"width\":2394,\"height\":2469,\"caption\":\"Metis Energy\"},\"image\":{\"@id\":\"https:\/\/metisenergy.com\/vi\/#\/schema\/logo\/image\/\"}}]}<\/script>\n<!-- \/ Yoast SEO plugin. -->","yoast_head_json":{"title":"Li\u00ean h\u1ec7 - Metis Energy","robots":{"index":"index","follow":"follow","max-snippet":"max-snippet:-1","max-image-preview":"max-image-preview:large","max-video-preview":"max-video-preview:-1"},"canonical":"https:\/\/metisenergy.com\/vi\/lien-he\/","og_locale":"vi_VN","og_type":"article","og_title":"Li\u00ean h\u1ec7 - Metis Energy","og_description":"Li\u00ean h\u1ec7 Ch\u00fang t\u00f4i Th\u00f4ng tin Li\u00ean h\u1ec7 T +65 6345 0777 F +65 6342 0777 E info@metisenergy.com Tr\u1ee5 s\u1edf To\u00e0n c\u1ea7u T\u1eadp \u0110o\u00e0n N\u0103ng L\u01b0\u1ee3ng Metis 133 New Bridge Road Chinatown Point #18-09 Singapore 059413 G\u1eedi tin nh\u1eafn cho ch\u00fang t\u00f4i. Ch\u00ednh s\u00e1ch B\u1ea3o v\u1ec7 Ng\u01b0\u1eddi l\u00ean ti\u1ebfng Ch\u00ednh s\u00e1ch B\u1ea3o v\u1ec7 Ng\u01b0\u1eddi l\u00ean&hellip;","og_url":"https:\/\/metisenergy.com\/vi\/lien-he\/","og_site_name":"Metis Energy","article_modified_time":"2022-09-29T09:23:34+00:00","twitter_card":"summary_large_image","twitter_misc":{"Est. reading time":"2 minutes"},"schema":{"@context":"https:\/\/schema.org","@graph":[{"@type":"WebPage","@id":"https:\/\/metisenergy.com\/vi\/lien-he\/","url":"https:\/\/metisenergy.com\/vi\/lien-he\/","name":"Li\u00ean h\u1ec7 - Metis Energy","isPartOf":{"@id":"https:\/\/metisenergy.com\/vi\/#website"},"datePublished":"2020-05-31T17:46:19+00:00","dateModified":"2022-09-29T09:23:34+00:00","breadcrumb":{"@id":"https:\/\/metisenergy.com\/vi\/lien-he\/#breadcrumb"},"inLanguage":"vi-VN","potentialAction":[{"@type":"ReadAction","target":["https:\/\/metisenergy.com\/vi\/lien-he\/"]}]},{"@type":"BreadcrumbList","@id":"https:\/\/metisenergy.com\/vi\/lien-he\/#breadcrumb","itemListElement":[{"@type":"ListItem","position":1,"name":"Home","item":"https:\/\/metisenergy.com\/vi\/"},{"@type":"ListItem","position":2,"name":"Li\u00ean h\u1ec7"}]},{"@type":"WebSite","@id":"https:\/\/metisenergy.com\/vi\/#website","url":"https:\/\/metisenergy.com\/vi\/","name":"Metis Energy","description":"Together for a Brighter Future\u2122","publisher":{"@id":"https:\/\/metisenergy.com\/vi\/#organization"},"potentialAction":[{"@type":"SearchAction","target":{"@type":"EntryPoint","urlTemplate":"https:\/\/metisenergy.com\/vi\/?s={search_term_string}"},"query-input":{"@type":"PropertyValueSpecification","valueRequired":true,"valueName":"search_term_string"}}],"inLanguage":"vi-VN"},{"@type":"Organization","@id":"https:\/\/metisenergy.com\/vi\/#organization","name":"Metis Energy","url":"https:\/\/metisenergy.com\/vi\/","logo":{"@type":"ImageObject","inLanguage":"vi-VN","@id":"https:\/\/metisenergy.com\/vi\/#\/schema\/logo\/image\/","url":"https:\/\/metisenergy.com\/wp-content\/uploads\/Metis-Logo-V.png-1.png","contentUrl":"https:\/\/metisenergy.com\/wp-content\/uploads\/Metis-Logo-V.png-1.png","width":2394,"height":2469,"caption":"Metis Energy"},"image":{"@id":"https:\/\/metisenergy.com\/vi\/#\/schema\/logo\/image\/"}}]}},"_links":{"self":[{"href":"https:\/\/metisenergy.com\/vi\/wp-json\/wp\/v2\/pages\/8032","targetHints":{"allow":["GET"]}}],"collection":[{"href":"https:\/\/metisenergy.com\/vi\/wp-json\/wp\/v2\/pages"}],"about":[{"href":"https:\/\/metisenergy.com\/vi\/wp-json\/wp\/v2\/types\/page"}],"author":[{"embeddable":true,"href":"https:\/\/metisenergy.com\/vi\/wp-json\/wp\/v2\/users\/11"}],"replies":[{"embeddable":true,"href":"https:\/\/metisenergy.com\/vi\/wp-json\/wp\/v2\/comments?post=8032"}],"version-history":[{"count":31,"href":"https:\/\/metisenergy.com\/vi\/wp-json\/wp\/v2\/pages\/8032\/revisions"}],"predecessor-version":[{"id":9551,"href":"https:\/\/metisenergy.com\/vi\/wp-json\/wp\/v2\/pages\/8032\/revisions\/9551"}],"wp:attachment":[{"href":"https:\/\/metisenergy.com\/vi\/wp-json\/wp\/v2\/media?parent=8032"}],"curies":[{"name":"wp","href":"https:\/\/api.w.org\/{rel}","templated":true}]}}