{"id":8046,"date":"2022-05-23T11:25:38","date_gmt":"2022-05-23T03:25:38","guid":{"rendered":"https:\/\/metisenergy.com\/phuong-tien-truyen-thong\/"},"modified":"2022-09-29T14:14:17","modified_gmt":"2022-09-29T06:14:17","slug":"phuong-tien-truyen-thong","status":"publish","type":"page","link":"https:\/\/metisenergy.com\/vi\/phuong-tien-truyen-thong\/","title":{"rendered":"Ph\u01b0\u01a1ng ti\u1ec7n truy\u1ec1n th\u00f4ng"},"content":{"rendered":"\t\t<div data-elementor-type=\"wp-page\" data-elementor-id=\"8046\" class=\"elementor elementor-8046\">\n\t\t\t\t\t\t<section class=\"elementor-section elementor-top-section elementor-element elementor-element-5e7b8bf elementor-section-stretched elementor-section-boxed elementor-section-height-default elementor-section-height-default\" data-id=\"5e7b8bf\" data-element_type=\"section\" data-e-type=\"section\" data-settings=\"{&quot;stretch_section&quot;:&quot;section-stretched&quot;}\">\n\t\t\t\t\t\t<div class=\"elementor-container elementor-column-gap-default\">\n\t\t\t\t\t<div class=\"elementor-column elementor-col-50 elementor-top-column elementor-element elementor-element-58dc27a\" data-id=\"58dc27a\" data-element_type=\"column\" data-e-type=\"column\">\n\t\t\t<div class=\"elementor-widget-wrap elementor-element-populated\">\n\t\t\t\t\t\t<div class=\"elementor-element elementor-element-fa22fe2 elementor-widget elementor-widget-heading\" data-id=\"fa22fe2\" data-element_type=\"widget\" data-e-type=\"widget\" data-widget_type=\"heading.default\">\n\t\t\t\t<div class=\"elementor-widget-container\">\n\t\t\t\t\t<h1 class=\"elementor-heading-title elementor-size-default\">Tin t\u1ee9c G\u1ea7n \u0111\u00e2y<\/h1>\t\t\t\t<\/div>\n\t\t\t\t<\/div>\n\t\t\t\t<div class=\"elementor-element elementor-element-3049796 elementor-grid-2 elementor-posts--thumbnail-none elementor-posts--align-left elementor-grid-tablet-2 elementor-grid-mobile-1 elementor-card-shadow-yes elementor-posts__hover-gradient elementor-widget elementor-widget-posts\" data-id=\"3049796\" data-element_type=\"widget\" data-e-type=\"widget\" data-settings=\"{&quot;cards_columns&quot;:&quot;2&quot;,&quot;cards_row_gap&quot;:{&quot;unit&quot;:&quot;px&quot;,&quot;size&quot;:55,&quot;sizes&quot;:[]},&quot;cards_columns_tablet&quot;:&quot;2&quot;,&quot;cards_columns_mobile&quot;:&quot;1&quot;,&quot;cards_row_gap_tablet&quot;:{&quot;unit&quot;:&quot;px&quot;,&quot;size&quot;:&quot;&quot;,&quot;sizes&quot;:[]},&quot;cards_row_gap_mobile&quot;:{&quot;unit&quot;:&quot;px&quot;,&quot;size&quot;:&quot;&quot;,&quot;sizes&quot;:[]}}\" data-widget_type=\"posts.cards\">\n\t\t\t\t<div class=\"elementor-widget-container\">\n\t\t\t\t\t\t\t<div class=\"elementor-posts-container elementor-posts elementor-posts--skin-cards elementor-grid\">\r\n\t\t\t\t<article class=\"elementor-post elementor-grid-item post-8203 post type-post status-publish format-standard has-post-thumbnail hentry category-tin-tuc\">\r\n\t\t\t<div class=\"elementor-post__card\">\r\n\t\t\t\t<div class=\"elementor-post__text\">\r\n\t\t\t\t<h3 class=\"elementor-post__title\">\r\n\t\t\t<a href=\"https:\/\/metisenergy.com\/vi\/athena-energy-cung-cap-thanh-cong-du-an-nang-luong-mat-troi-ci-tren-mai-nha-lon-nhat-viet-nam\/\" >\r\n\t\t\t\tAthena Energy Cung c\u1ea5p th\u00e0nh c\u00f4ng d\u1ef1 \u00e1n n\u0103ng l\u01b0\u1ee3ng m\u1eb7t tr\u1eddi tr\u00ean m\u00e1i nh\u00e0 C&#038;I l\u1edbn nh\u1ea5t Vi\u1ec7t Nam\t\t\t<\/a>\r\n\t\t<\/h3>\r\n\t\t\t\t\t<a class=\"elementor-post__read-more\" href=\"https:\/\/metisenergy.com\/vi\/athena-energy-cung-cap-thanh-cong-du-an-nang-luong-mat-troi-ci-tren-mai-nha-lon-nhat-viet-nam\/\" >\r\n\t\t\t\t\u0110\u1ecdc th\u00eam \"\t\t\t<\/a>\r\n\t\t\t\t<\/div>\r\n\t\t\t\t<div class=\"elementor-post__meta-data\">\r\n\t\t\t\t\t<span class=\"elementor-post-date\">\r\n\t\t\t15 June 2022\t\t<\/span>\r\n\t\t\t\t<\/div>\r\n\t\t\t\t\t<\/div>\r\n\t\t<\/article>\r\n\t\t\t\t<article class=\"elementor-post elementor-grid-item post-8100 post type-post status-publish format-standard has-post-thumbnail hentry category-tin-tuc\">\r\n\t\t\t<div class=\"elementor-post__card\">\r\n\t\t\t\t<div class=\"elementor-post__text\">\r\n\t\t\t\t<h3 class=\"elementor-post__title\">\r\n\t\t\t<a href=\"https:\/\/metisenergy.com\/vi\/metis-truoc-day-la-manhattan-resources-tai-dinh-hinh-tuong-lai-nang-luong-tai-tao\/\" >\r\n\t\t\t\tMetis, tr\u01b0\u1edbc \u0111\u00e2y l\u00e0 Manhattan Resources, nh\u1eafc l\u1ea1i t\u01b0\u01a1ng lai v\u1ec1 n\u0103ng l\u01b0\u1ee3ng t\u00e1i t\u1ea1o\t\t\t<\/a>\r\n\t\t<\/h3>\r\n\t\t\t\t\t<a class=\"elementor-post__read-more\" href=\"https:\/\/metisenergy.com\/vi\/metis-truoc-day-la-manhattan-resources-tai-dinh-hinh-tuong-lai-nang-luong-tai-tao\/\" >\r\n\t\t\t\t\u0110\u1ecdc th\u00eam \"\t\t\t<\/a>\r\n\t\t\t\t<\/div>\r\n\t\t\t\t<div class=\"elementor-post__meta-data\">\r\n\t\t\t\t\t<span class=\"elementor-post-date\">\r\n\t\t\t8 May 2022\t\t<\/span>\r\n\t\t\t\t<\/div>\r\n\t\t\t\t\t<\/div>\r\n\t\t<\/article>\r\n\t\t\t\t<article class=\"elementor-post elementor-grid-item post-8162 post type-post status-publish format-standard has-post-thumbnail hentry category-tin-tuc\">\r\n\t\t\t<div class=\"elementor-post__card\">\r\n\t\t\t\t<div class=\"elementor-post__text\">\r\n\t\t\t\t<h3 class=\"elementor-post__title\">\r\n\t\t\t<a href=\"https:\/\/metisenergy.com\/vi\/cong-ty-con-cua-metis-energy-athena-huy-dong-duoc-14-trieu-usd-tu-cac-quy-khi-hau-co-kha-nang-quan-ly\/\" >\r\n\t\t\t\tC\u00f4ng ty con c\u1ee7a N\u0103ng L\u01b0\u1ee3ng Metis, Athena, huy \u0111\u1ed9ng \u0111\u01b0\u1ee3c 14 tri\u1ec7u USD t\u1eeb c\u00e1c qu\u1ef9 kh\u00ed h\u1eadu c\u00f3 kh\u1ea3 n\u0103ng qu\u1ea3n l\u00fd\t\t\t<\/a>\r\n\t\t<\/h3>\r\n\t\t\t\t\t<a class=\"elementor-post__read-more\" href=\"https:\/\/metisenergy.com\/vi\/cong-ty-con-cua-metis-energy-athena-huy-dong-duoc-14-trieu-usd-tu-cac-quy-khi-hau-co-kha-nang-quan-ly\/\" >\r\n\t\t\t\t\u0110\u1ecdc th\u00eam \"\t\t\t<\/a>\r\n\t\t\t\t<\/div>\r\n\t\t\t\t<div class=\"elementor-post__meta-data\">\r\n\t\t\t\t\t<span class=\"elementor-post-date\">\r\n\t\t\t30 March 2022\t\t<\/span>\r\n\t\t\t\t<\/div>\r\n\t\t\t\t\t<\/div>\r\n\t\t<\/article>\r\n\t\t\t\t<article class=\"elementor-post elementor-grid-item post-8184 post type-post status-publish format-standard has-post-thumbnail hentry category-tin-tuc tag-dien-luc tag-nang-luong tag-nang-luong-mat-troi tag-quyen-luc\">\r\n\t\t\t<div class=\"elementor-post__card\">\r\n\t\t\t\t<div class=\"elementor-post__text\">\r\n\t\t\t\t<h3 class=\"elementor-post__title\">\r\n\t\t\t<a href=\"https:\/\/metisenergy.com\/vi\/manhattan-resources-mua-lai-cong-ty-nang-luong-tai-tao-athena-energy\/\" >\r\n\t\t\t\tManhattan Resources mua l\u1ea1i c\u00f4ng ty n\u0103ng l\u01b0\u1ee3ng t\u00e1i t\u1ea1o Athena Energy\t\t\t<\/a>\r\n\t\t<\/h3>\r\n\t\t\t\t\t<a class=\"elementor-post__read-more\" href=\"https:\/\/metisenergy.com\/vi\/manhattan-resources-mua-lai-cong-ty-nang-luong-tai-tao-athena-energy\/\" >\r\n\t\t\t\t\u0110\u1ecdc th\u00eam \"\t\t\t<\/a>\r\n\t\t\t\t<\/div>\r\n\t\t\t\t<div class=\"elementor-post__meta-data\">\r\n\t\t\t\t\t<span class=\"elementor-post-date\">\r\n\t\t\t20 October 2021\t\t<\/span>\r\n\t\t\t\t<\/div>\r\n\t\t\t\t\t<\/div>\r\n\t\t<\/article>\r\n\t\t\t\t<\/div>\r\n\r\n\r\n\t\t\r\n\t\t\t\t\t\t<\/div>\n\t\t\t\t<\/div>\n\t\t\t\t\t<\/div>\n\t\t<\/div>\n\t\t\t\t<div class=\"elementor-column elementor-col-50 elementor-top-column elementor-element elementor-element-711344e\" data-id=\"711344e\" data-element_type=\"column\" data-e-type=\"column\">\n\t\t\t<div class=\"elementor-widget-wrap elementor-element-populated\">\n\t\t\t\t\t\t<div class=\"elementor-element elementor-element-f9c728d elementor-widget elementor-widget-image\" data-id=\"f9c728d\" data-element_type=\"widget\" data-e-type=\"widget\" data-widget_type=\"image.default\">\n\t\t\t\t<div class=\"elementor-widget-container\">\n\t\t\t\t\t\t\t\t\t\t\t\t\t\t\t<img fetchpriority=\"high\" decoding=\"async\" width=\"429\" height=\"677\" src=\"https:\/\/metisenergy.com\/wp-content\/uploads\/metis-media-banner.jpg\" class=\"attachment-large size-large wp-image-7597\" alt=\"\" \/>\t\t\t\t\t\t\t\t\t\t\t\t\t\t\t<\/div>\n\t\t\t\t<\/div>\n\t\t\t\t\t<\/div>\n\t\t<\/div>\n\t\t\t\t\t<\/div>\n\t\t<\/section>\n\t\t\t\t<\/div>\n\t\t","protected":false},"excerpt":{"rendered":"<p>Tin t\u1ee9c G\u1ea7n \u0111\u00e2y<\/p>\n","protected":false},"author":11,"featured_media":7441,"parent":0,"menu_order":0,"comment_status":"closed","ping_status":"closed","template":"elementor_header_footer","meta":{"footnotes":""},"class_list":["post-8046","page","type-page","status-publish","has-post-thumbnail","hentry"],"yoast_head":"<!-- This site is optimized with the Yoast SEO plugin v27.2 - https:\/\/yoast.com\/product\/yoast-seo-wordpress\/ -->\n<title>Ph\u01b0\u01a1ng ti\u1ec7n truy\u1ec1n th\u00f4ng - Metis Energy<\/title>\n<meta name=\"robots\" content=\"index, follow, max-snippet:-1, max-image-preview:large, max-video-preview:-1\" \/>\n<link rel=\"canonical\" href=\"https:\/\/metisenergy.com\/vi\/phuong-tien-truyen-thong\/\" \/>\n<meta property=\"og:locale\" content=\"vi_VN\" \/>\n<meta property=\"og:type\" content=\"article\" \/>\n<meta property=\"og:title\" content=\"Ph\u01b0\u01a1ng ti\u1ec7n truy\u1ec1n th\u00f4ng - Metis Energy\" \/>\n<meta property=\"og:description\" content=\"Tin t\u1ee9c G\u1ea7n \u0111\u00e2y\" \/>\n<meta property=\"og:url\" content=\"https:\/\/metisenergy.com\/vi\/phuong-tien-truyen-thong\/\" \/>\n<meta property=\"og:site_name\" content=\"Metis Energy\" \/>\n<meta property=\"article:modified_time\" content=\"2022-09-29T06:14:17+00:00\" \/>\n<meta property=\"og:image\" content=\"https:\/\/metisenergy.com\/wp-content\/uploads\/Metis-Pattern-V1-1.png\" \/>\n\t<meta property=\"og:image:width\" content=\"2339\" \/>\n\t<meta property=\"og:image:height\" content=\"1654\" \/>\n\t<meta property=\"og:image:type\" content=\"image\/png\" \/>\n<meta name=\"twitter:card\" content=\"summary_large_image\" \/>\n<meta name=\"twitter:label1\" content=\"Est. reading time\" \/>\n\t<meta name=\"twitter:data1\" content=\"1 minute\" \/>\n<script type=\"application\/ld+json\" class=\"yoast-schema-graph\">{\"@context\":\"https:\/\/schema.org\",\"@graph\":[{\"@type\":\"WebPage\",\"@id\":\"https:\/\/metisenergy.com\/vi\/phuong-tien-truyen-thong\/\",\"url\":\"https:\/\/metisenergy.com\/vi\/phuong-tien-truyen-thong\/\",\"name\":\"Ph\u01b0\u01a1ng ti\u1ec7n truy\u1ec1n th\u00f4ng - Metis Energy\",\"isPartOf\":{\"@id\":\"https:\/\/metisenergy.com\/vi\/#website\"},\"primaryImageOfPage\":{\"@id\":\"https:\/\/metisenergy.com\/vi\/phuong-tien-truyen-thong\/#primaryimage\"},\"image\":{\"@id\":\"https:\/\/metisenergy.com\/vi\/phuong-tien-truyen-thong\/#primaryimage\"},\"thumbnailUrl\":\"https:\/\/metisenergy.com\/wp-content\/uploads\/Metis-Pattern-V1-1.png\",\"datePublished\":\"2022-05-23T03:25:38+00:00\",\"dateModified\":\"2022-09-29T06:14:17+00:00\",\"breadcrumb\":{\"@id\":\"https:\/\/metisenergy.com\/vi\/phuong-tien-truyen-thong\/#breadcrumb\"},\"inLanguage\":\"vi-VN\",\"potentialAction\":[{\"@type\":\"ReadAction\",\"target\":[\"https:\/\/metisenergy.com\/vi\/phuong-tien-truyen-thong\/\"]}]},{\"@type\":\"ImageObject\",\"inLanguage\":\"vi-VN\",\"@id\":\"https:\/\/metisenergy.com\/vi\/phuong-tien-truyen-thong\/#primaryimage\",\"url\":\"https:\/\/metisenergy.com\/wp-content\/uploads\/Metis-Pattern-V1-1.png\",\"contentUrl\":\"https:\/\/metisenergy.com\/wp-content\/uploads\/Metis-Pattern-V1-1.png\",\"width\":2339,\"height\":1654},{\"@type\":\"BreadcrumbList\",\"@id\":\"https:\/\/metisenergy.com\/vi\/phuong-tien-truyen-thong\/#breadcrumb\",\"itemListElement\":[{\"@type\":\"ListItem\",\"position\":1,\"name\":\"Home\",\"item\":\"https:\/\/metisenergy.com\/vi\/\"},{\"@type\":\"ListItem\",\"position\":2,\"name\":\"Ph\u01b0\u01a1ng ti\u1ec7n truy\u1ec1n th\u00f4ng\"}]},{\"@type\":\"WebSite\",\"@id\":\"https:\/\/metisenergy.com\/vi\/#website\",\"url\":\"https:\/\/metisenergy.com\/vi\/\",\"name\":\"Metis Energy\",\"description\":\"Together for a Brighter Future\u2122\",\"publisher\":{\"@id\":\"https:\/\/metisenergy.com\/vi\/#organization\"},\"potentialAction\":[{\"@type\":\"SearchAction\",\"target\":{\"@type\":\"EntryPoint\",\"urlTemplate\":\"https:\/\/metisenergy.com\/vi\/?s={search_term_string}\"},\"query-input\":{\"@type\":\"PropertyValueSpecification\",\"valueRequired\":true,\"valueName\":\"search_term_string\"}}],\"inLanguage\":\"vi-VN\"},{\"@type\":\"Organization\",\"@id\":\"https:\/\/metisenergy.com\/vi\/#organization\",\"name\":\"Metis Energy\",\"url\":\"https:\/\/metisenergy.com\/vi\/\",\"logo\":{\"@type\":\"ImageObject\",\"inLanguage\":\"vi-VN\",\"@id\":\"https:\/\/metisenergy.com\/vi\/#\/schema\/logo\/image\/\",\"url\":\"https:\/\/metisenergy.com\/wp-content\/uploads\/Metis-Logo-V.png-1.png\",\"contentUrl\":\"https:\/\/metisenergy.com\/wp-content\/uploads\/Metis-Logo-V.png-1.png\",\"width\":2394,\"height\":2469,\"caption\":\"Metis Energy\"},\"image\":{\"@id\":\"https:\/\/metisenergy.com\/vi\/#\/schema\/logo\/image\/\"}}]}<\/script>\n<!-- \/ Yoast SEO plugin. -->","yoast_head_json":{"title":"Ph\u01b0\u01a1ng ti\u1ec7n truy\u1ec1n th\u00f4ng - Metis Energy","robots":{"index":"index","follow":"follow","max-snippet":"max-snippet:-1","max-image-preview":"max-image-preview:large","max-video-preview":"max-video-preview:-1"},"canonical":"https:\/\/metisenergy.com\/vi\/phuong-tien-truyen-thong\/","og_locale":"vi_VN","og_type":"article","og_title":"Ph\u01b0\u01a1ng ti\u1ec7n truy\u1ec1n th\u00f4ng - Metis Energy","og_description":"Tin t\u1ee9c G\u1ea7n \u0111\u00e2y","og_url":"https:\/\/metisenergy.com\/vi\/phuong-tien-truyen-thong\/","og_site_name":"Metis Energy","article_modified_time":"2022-09-29T06:14:17+00:00","og_image":[{"width":2339,"height":1654,"url":"https:\/\/metisenergy.com\/wp-content\/uploads\/Metis-Pattern-V1-1.png","type":"image\/png"}],"twitter_card":"summary_large_image","twitter_misc":{"Est. reading time":"1 minute"},"schema":{"@context":"https:\/\/schema.org","@graph":[{"@type":"WebPage","@id":"https:\/\/metisenergy.com\/vi\/phuong-tien-truyen-thong\/","url":"https:\/\/metisenergy.com\/vi\/phuong-tien-truyen-thong\/","name":"Ph\u01b0\u01a1ng ti\u1ec7n truy\u1ec1n th\u00f4ng - Metis Energy","isPartOf":{"@id":"https:\/\/metisenergy.com\/vi\/#website"},"primaryImageOfPage":{"@id":"https:\/\/metisenergy.com\/vi\/phuong-tien-truyen-thong\/#primaryimage"},"image":{"@id":"https:\/\/metisenergy.com\/vi\/phuong-tien-truyen-thong\/#primaryimage"},"thumbnailUrl":"https:\/\/metisenergy.com\/wp-content\/uploads\/Metis-Pattern-V1-1.png","datePublished":"2022-05-23T03:25:38+00:00","dateModified":"2022-09-29T06:14:17+00:00","breadcrumb":{"@id":"https:\/\/metisenergy.com\/vi\/phuong-tien-truyen-thong\/#breadcrumb"},"inLanguage":"vi-VN","potentialAction":[{"@type":"ReadAction","target":["https:\/\/metisenergy.com\/vi\/phuong-tien-truyen-thong\/"]}]},{"@type":"ImageObject","inLanguage":"vi-VN","@id":"https:\/\/metisenergy.com\/vi\/phuong-tien-truyen-thong\/#primaryimage","url":"https:\/\/metisenergy.com\/wp-content\/uploads\/Metis-Pattern-V1-1.png","contentUrl":"https:\/\/metisenergy.com\/wp-content\/uploads\/Metis-Pattern-V1-1.png","width":2339,"height":1654},{"@type":"BreadcrumbList","@id":"https:\/\/metisenergy.com\/vi\/phuong-tien-truyen-thong\/#breadcrumb","itemListElement":[{"@type":"ListItem","position":1,"name":"Home","item":"https:\/\/metisenergy.com\/vi\/"},{"@type":"ListItem","position":2,"name":"Ph\u01b0\u01a1ng ti\u1ec7n truy\u1ec1n th\u00f4ng"}]},{"@type":"WebSite","@id":"https:\/\/metisenergy.com\/vi\/#website","url":"https:\/\/metisenergy.com\/vi\/","name":"Metis Energy","description":"Together for a Brighter Future\u2122","publisher":{"@id":"https:\/\/metisenergy.com\/vi\/#organization"},"potentialAction":[{"@type":"SearchAction","target":{"@type":"EntryPoint","urlTemplate":"https:\/\/metisenergy.com\/vi\/?s={search_term_string}"},"query-input":{"@type":"PropertyValueSpecification","valueRequired":true,"valueName":"search_term_string"}}],"inLanguage":"vi-VN"},{"@type":"Organization","@id":"https:\/\/metisenergy.com\/vi\/#organization","name":"Metis Energy","url":"https:\/\/metisenergy.com\/vi\/","logo":{"@type":"ImageObject","inLanguage":"vi-VN","@id":"https:\/\/metisenergy.com\/vi\/#\/schema\/logo\/image\/","url":"https:\/\/metisenergy.com\/wp-content\/uploads\/Metis-Logo-V.png-1.png","contentUrl":"https:\/\/metisenergy.com\/wp-content\/uploads\/Metis-Logo-V.png-1.png","width":2394,"height":2469,"caption":"Metis Energy"},"image":{"@id":"https:\/\/metisenergy.com\/vi\/#\/schema\/logo\/image\/"}}]}},"_links":{"self":[{"href":"https:\/\/metisenergy.com\/vi\/wp-json\/wp\/v2\/pages\/8046","targetHints":{"allow":["GET"]}}],"collection":[{"href":"https:\/\/metisenergy.com\/vi\/wp-json\/wp\/v2\/pages"}],"about":[{"href":"https:\/\/metisenergy.com\/vi\/wp-json\/wp\/v2\/types\/page"}],"author":[{"embeddable":true,"href":"https:\/\/metisenergy.com\/vi\/wp-json\/wp\/v2\/users\/11"}],"replies":[{"embeddable":true,"href":"https:\/\/metisenergy.com\/vi\/wp-json\/wp\/v2\/comments?post=8046"}],"version-history":[{"count":7,"href":"https:\/\/metisenergy.com\/vi\/wp-json\/wp\/v2\/pages\/8046\/revisions"}],"predecessor-version":[{"id":9483,"href":"https:\/\/metisenergy.com\/vi\/wp-json\/wp\/v2\/pages\/8046\/revisions\/9483"}],"wp:featuredmedia":[{"embeddable":true,"href":"https:\/\/metisenergy.com\/vi\/wp-json\/wp\/v2\/media\/7441"}],"wp:attachment":[{"href":"https:\/\/metisenergy.com\/vi\/wp-json\/wp\/v2\/media?parent=8046"}],"curies":[{"name":"wp","href":"https:\/\/api.w.org\/{rel}","templated":true}]}}