{"id":8096,"date":"2022-05-25T00:32:51","date_gmt":"2022-05-24T16:32:51","guid":{"rendered":"https:\/\/metisenergy.com\/dieu-khoan-su-dung\/"},"modified":"2022-09-29T16:40:55","modified_gmt":"2022-09-29T08:40:55","slug":"dieu-khoan-su-dung","status":"publish","type":"page","link":"https:\/\/metisenergy.com\/vi\/dieu-khoan-su-dung\/","title":{"rendered":"\u0110i\u1ec1u kho\u1ea3n s\u1eed d\u1ee5ng"},"content":{"rendered":"\t\t<div data-elementor-type=\"wp-page\" data-elementor-id=\"8096\" class=\"elementor elementor-8096\">\n\t\t\t\t\t\t<footer class=\"elementor-section elementor-top-section elementor-element elementor-element-0089ccf elementor-section-boxed elementor-section-height-default elementor-section-height-default\" data-id=\"0089ccf\" data-element_type=\"section\" data-e-type=\"section\" id=\"privacypolicy\">\n\t\t\t\t\t\t<div class=\"elementor-container elementor-column-gap-default\">\n\t\t\t\t\t<div class=\"elementor-column elementor-col-100 elementor-top-column elementor-element elementor-element-ce56a2e\" data-id=\"ce56a2e\" data-element_type=\"column\" data-e-type=\"column\">\n\t\t\t<div class=\"elementor-widget-wrap elementor-element-populated\">\n\t\t\t\t\t\t<div class=\"elementor-element elementor-element-fdc65e1 elementor-widget elementor-widget-heading\" data-id=\"fdc65e1\" data-element_type=\"widget\" data-e-type=\"widget\" data-widget_type=\"heading.default\">\n\t\t\t\t<div class=\"elementor-widget-container\">\n\t\t\t\t\t<h2 class=\"elementor-heading-title elementor-size-default\"><span style=\"font-size: 38.4px\">\u0110i\u1ec1u kho\u1ea3n S\u1eed d\u1ee5ng<\/span><\/h2>\t\t\t\t<\/div>\n\t\t\t\t<\/div>\n\t\t\t\t<div class=\"elementor-element elementor-element-1e3893b elementor-widget elementor-widget-text-editor\" data-id=\"1e3893b\" data-element_type=\"widget\" data-e-type=\"widget\" data-widget_type=\"text-editor.default\">\n\t\t\t\t<div class=\"elementor-widget-container\">\n\t\t\t\t\t\t\t\t\t<p>Ch\u00e0o m\u1eebng \u0111\u1ebfn v\u1edbi website c\u1ee7a ch\u00fang t\u00f4i. N\u1ebfu b\u1ea1n ti\u1ebfp t\u1ee5c duy\u1ec7t v\u00e0 s\u1eed d\u1ee5ng trang web n\u00e0y, b\u1ea1n \u0111\u1ed3ng \u00fd tu\u00e2n th\u1ee7 v\u00e0 b\u1ecb r\u00e0ng bu\u1ed9c b\u1edfi c\u00e1c \u0111i\u1ec1u kho\u1ea3n v\u00e0 \u0111i\u1ec1u ki\u1ec7n s\u1eed d\u1ee5ng sau \u0111\u00e2y, c\u00f9ng v\u1edbi ch\u00ednh s\u00e1ch b\u1ea3o m\u1eadt c\u1ee7a ch\u00fang t\u00f4i \u0111i\u1ec1u ch\u1ec9nh m\u1ed1i quan h\u1ec7 c\u1ee7a N\u0103ng L\u01b0\u1ee3ng Metis v\u1edbi b\u1ea1n li\u00ean quan \u0111\u1ebfn trang web n\u00e0y. N\u1ebfu b\u1ea1n kh\u00f4ng \u0111\u1ed3ng \u00fd v\u1edbi b\u1ea5t k\u1ef3 ph\u1ea7n n\u00e0o c\u1ee7a c\u00e1c \u0111i\u1ec1u kho\u1ea3n v\u00e0 \u0111i\u1ec1u ki\u1ec7n n\u00e0y, vui l\u00f2ng kh\u00f4ng s\u1eed d\u1ee5ng trang web c\u1ee7a ch\u00fang t\u00f4i.<\/p><p>Thu\u1eadt ng\u1eef \u2018N\u0103ng L\u01b0\u1ee3ng Metis\u2019 ho\u1eb7c \u2018T\u00ean Vi\u1ebft t\u1eaft\u2019 ho\u1eb7c \u2018T\u00ean Thay th\u1ebf\u2019 ho\u1eb7c \u2018ch\u00fang t\u00f4i\u2019 d\u00f9ng \u0111\u1ec3 ch\u1ec9 ch\u1ee7 s\u1edf h\u1eefu c\u1ee7a trang web c\u00f3 \u0111\u1ecba ch\u1ec9 \u0111\u0103ng k\u00fd l\u00e0 N\u0103ng L\u01b0\u1ee3ng Metis, 133 New Bridge Road Chinatown Point # 18-09 Singapore 059413. Thu\u1eadt ng\u1eef \u2018b\u1ea1n\u2019 \u0111\u1ec1 c\u1eadp \u0111\u1ebfn ng\u01b0\u1eddi d\u00f9ng ho\u1eb7c ng\u01b0\u1eddi xem trang web c\u1ee7a ch\u00fang t\u00f4i.<\/p>\t\t\t\t\t\t\t\t<\/div>\n\t\t\t\t<\/div>\n\t\t\t\t<div class=\"elementor-element elementor-element-8d90373 elementor-widget elementor-widget-text-editor\" data-id=\"8d90373\" data-element_type=\"widget\" data-e-type=\"widget\" data-widget_type=\"text-editor.default\">\n\t\t\t\t<div class=\"elementor-widget-container\">\n\t\t\t\t\t\t\t\t\t<p>Vi\u1ec7c s\u1eed d\u1ee5ng trang web n\u00e0y tu\u00e2n theo c\u00e1c \u0111i\u1ec1u kho\u1ea3n s\u1eed d\u1ee5ng sau:<\/p><ul><li>N\u1ed9i dung c\u1ee7a c\u00e1c trang c\u1ee7a trang web n\u00e0y l\u00e0 \u0111\u1ec3 th\u00f4ng tin chung cho b\u1ea1n v\u00e0 ch\u1ec9 \u0111\u1ec3 s\u1eed d\u1ee5ng. N\u1ed9i dung c\u00f3 th\u1ec3 thay \u0111\u1ed5i m\u00e0 kh\u00f4ng c\u1ea7n th\u00f4ng b\u00e1o.<\/li><li>Ch\u00fang t\u00f4i v\u00e0 b\u1ea5t k\u1ef3 b\u00ean th\u1ee9 ba n\u00e0o kh\u00f4ng \u0111\u1ea3m b\u1ea3o n\u00e0o v\u1ec1 t\u00ednh ch\u00ednh x\u00e1c, k\u1ecbp th\u1eddi, hi\u1ec7u su\u1ea5t, t\u00ednh ho\u00e0n ch\u1ec9nh ho\u1eb7c t\u00ednh ph\u00f9 h\u1ee3p c\u1ee7a th\u00f4ng tin v\u00e0 t\u00e0i li\u1ec7u \u0111\u01b0\u1ee3c t\u00ecm th\u1ea5y ho\u1eb7c cung c\u1ea5p tr\u00ean trang web n\u00e0y cho b\u1ea5t k\u1ef3 m\u1ee5c \u0111\u00edch c\u1ee5 th\u1ec3 n\u00e0o. B\u1ea1n th\u1eeba nh\u1eadn r\u1eb1ng th\u00f4ng tin v\u00e0 t\u00e0i li\u1ec7u \u0111\u00f3 c\u00f3 th\u1ec3 kh\u00f4ng ch\u00ednh x\u00e1c ho\u1eb7c sai s\u00f3t v\u00e0 ch\u00fang t\u00f4i \u0111\u01b0\u1ee3c mi\u1ec5n tr\u1eeb tr\u00e1ch nhi\u1ec7m ph\u00e1p l\u00fd \u0111\u1ed1i v\u1edbi b\u1ea5t k\u1ef3 s\u1ef1 kh\u00f4ng ch\u00ednh x\u00e1c ho\u1eb7c sai s\u00f3t n\u00e0o nh\u01b0 v\u1eady trong ph\u1ea1m vi t\u1ed1i \u0111a \u0111\u01b0\u1ee3c ph\u00e1p lu\u1eadt cho ph\u00e9p.<\/li><li>Vi\u1ec7c b\u1ea1n s\u1eed d\u1ee5ng b\u1ea5t k\u1ef3 th\u00f4ng tin ho\u1eb7c t\u00e0i li\u1ec7u n\u00e0o tr\u00ean trang web n\u00e0y ho\u00e0n to\u00e0n do b\u1ea1n t\u1ef1 ch\u1ecbu r\u1ee7i ro m\u00e0 ch\u00fang t\u00f4i kh\u00f4ng ch\u1ecbu tr\u00e1ch nhi\u1ec7m. B\u1ea1n c\u00f3 tr\u00e1ch nhi\u1ec7m \u0111\u1ea3m b\u1ea3o r\u1eb1ng m\u1ecdi s\u1ea3n ph\u1ea9m, d\u1ecbch v\u1ee5 ho\u1eb7c th\u00f4ng tin c\u00f3 s\u1eb5n tr\u00ean trang web n\u00e0y \u0111\u00e1p \u1ee9ng c\u00e1c y\u00eau c\u1ea7u c\u1ee5 th\u1ec3 c\u1ee7a b\u1ea1n.<\/li><li>Ch\u00fang t\u00f4i v\u00e0 b\u1ea5t k\u1ef3 b\u00ean th\u1ee9 ba n\u00e0o kh\u00f4ng \u0111\u1ea3m b\u1ea3o n\u00e0o v\u1ec1 t\u00ednh ch\u00ednh x\u00e1c, k\u1ecbp th\u1eddi, hi\u1ec7u su\u1ea5t, t\u00ednh ho\u00e0n ch\u1ec9nh ho\u1eb7c t\u00ednh ph\u00f9 h\u1ee3p c\u1ee7a th\u00f4ng tin v\u00e0 t\u00e0i li\u1ec7u \u0111\u01b0\u1ee3c t\u00ecm th\u1ea5y ho\u1eb7c cung c\u1ea5p tr\u00ean trang web n\u00e0y cho b\u1ea5t k\u1ef3 m\u1ee5c \u0111\u00edch c\u1ee5 th\u1ec3 n\u00e0o. B\u1ea1n th\u1eeba nh\u1eadn r\u1eb1ng th\u00f4ng tin v\u00e0 t\u00e0i li\u1ec7u \u0111\u00f3 c\u00f3 th\u1ec3 kh\u00f4ng ch\u00ednh x\u00e1c ho\u1eb7c sai s\u00f3t v\u00e0 ch\u00fang t\u00f4i \u0111\u01b0\u1ee3c mi\u1ec5n tr\u1eeb tr\u00e1ch nhi\u1ec7m ph\u00e1p l\u00fd \u0111\u1ed1i v\u1edbi b\u1ea5t k\u1ef3 s\u1ef1 kh\u00f4ng ch\u00ednh x\u00e1c ho\u1eb7c sai s\u00f3t n\u00e0o nh\u01b0 v\u1eady trong ph\u1ea1m vi t\u1ed1i \u0111a \u0111\u01b0\u1ee3c ph\u00e1p lu\u1eadt cho ph\u00e9p.<\/li><li>Vi\u1ec7c s\u1eed d\u1ee5ng tr\u00e1i ph\u00e9p trang web n\u00e0y c\u00f3 th\u1ec3 d\u1eabn \u0111\u1ebfn y\u00eau c\u1ea7u b\u1ed3i th\u01b0\u1eddng thi\u1ec7t h\u1ea1i v\u00e0\/ho\u1eb7c l\u00e0 m\u1ed9t h\u00e0nh vi ph\u1ea1m t\u1ed9i.<\/li><li>\u0110\u00f4i khi, trang web n\u00e0y c\u0169ng c\u00f3 th\u1ec3 ch\u1ee9a c\u00e1c li\u00ean k\u1ebft \u0111\u1ebfn c\u00e1c trang web kh\u00e1c. C\u00e1c li\u00ean k\u1ebft n\u00e0y \u0111\u01b0\u1ee3c cung c\u1ea5p \u0111\u1ec3 b\u1ea1n ti\u1ec7n cung c\u1ea5p th\u00eam th\u00f4ng tin. Ch\u00fang kh\u00f4ng th\u1ec3 hi\u1ec7n r\u1eb1ng ch\u00fang t\u00f4i th\u1eeba nh\u1eadn (c\u00e1c) trang web \u0111\u00f3. Ch\u00fang t\u00f4i kh\u00f4ng ch\u1ecbu tr\u00e1ch nhi\u1ec7m v\u1ec1 n\u1ed9i dung c\u1ee7a (c\u00e1c) trang web \u0111\u01b0\u1ee3c li\u00ean k\u1ebft.<\/li><li>Vi\u1ec7c s\u1eed d\u1ee5ng trang web n\u00e0y v\u00e0 c\u00e1c \u0111i\u1ec1u kho\u1ea3n n\u00e0y ch\u1ecbu quy \u0111\u1ecbnh b\u1edfi lu\u1eadt ph\u00e1p c\u1ee7a Singapore. B\u1ea5t k\u1ef3 khi\u1ebfu n\u1ea1i n\u00e0o li\u00ean quan \u0111\u1ebfn vi\u1ec7c s\u1eed d\u1ee5ng trang web s\u1ebd \u0111\u01b0\u1ee3c T\u00f2a \u00e1n Singapore x\u00e9t x\u1eed.<\/li><\/ul>\t\t\t\t\t\t\t\t<\/div>\n\t\t\t\t<\/div>\n\t\t\t\t\t<\/div>\n\t\t<\/div>\n\t\t\t\t\t<\/div>\n\t\t<\/footer>\n\t\t\t\t<\/div>\n\t\t","protected":false},"excerpt":{"rendered":"<p>\u0110i\u1ec1u kho\u1ea3n S\u1eed d\u1ee5ng Ch\u00e0o m\u1eebng \u0111\u1ebfn v\u1edbi website c\u1ee7a ch\u00fang t\u00f4i. N\u1ebfu b\u1ea1n ti\u1ebfp t\u1ee5c duy\u1ec7t v\u00e0 s\u1eed d\u1ee5ng trang web n\u00e0y, b\u1ea1n \u0111\u1ed3ng \u00fd tu\u00e2n th\u1ee7 v\u00e0 b\u1ecb r\u00e0ng bu\u1ed9c b\u1edfi c\u00e1c \u0111i\u1ec1u kho\u1ea3n v\u00e0 \u0111i\u1ec1u ki\u1ec7n s\u1eed d\u1ee5ng sau \u0111\u00e2y, c\u00f9ng v\u1edbi ch\u00ednh s\u00e1ch b\u1ea3o m\u1eadt c\u1ee7a ch\u00fang t\u00f4i \u0111i\u1ec1u ch\u1ec9nh m\u1ed1i&hellip;<\/p>\n","protected":false},"author":11,"featured_media":7759,"parent":0,"menu_order":0,"comment_status":"closed","ping_status":"closed","template":"elementor_header_footer","meta":{"footnotes":""},"class_list":["post-8096","page","type-page","status-publish","has-post-thumbnail","hentry"],"yoast_head":"<!-- This site is optimized with the Yoast SEO plugin v27.2 - https:\/\/yoast.com\/product\/yoast-seo-wordpress\/ -->\n<title>\u0110i\u1ec1u kho\u1ea3n s\u1eed d\u1ee5ng - Metis Energy<\/title>\n<meta name=\"robots\" content=\"index, follow, max-snippet:-1, max-image-preview:large, max-video-preview:-1\" \/>\n<link rel=\"canonical\" href=\"https:\/\/metisenergy.com\/vi\/dieu-khoan-su-dung\/\" \/>\n<meta property=\"og:locale\" content=\"vi_VN\" \/>\n<meta property=\"og:type\" content=\"article\" \/>\n<meta property=\"og:title\" content=\"\u0110i\u1ec1u kho\u1ea3n s\u1eed d\u1ee5ng - Metis Energy\" \/>\n<meta property=\"og:description\" content=\"\u0110i\u1ec1u kho\u1ea3n S\u1eed d\u1ee5ng Ch\u00e0o m\u1eebng \u0111\u1ebfn v\u1edbi website c\u1ee7a ch\u00fang t\u00f4i. N\u1ebfu b\u1ea1n ti\u1ebfp t\u1ee5c duy\u1ec7t v\u00e0 s\u1eed d\u1ee5ng trang web n\u00e0y, b\u1ea1n \u0111\u1ed3ng \u00fd tu\u00e2n th\u1ee7 v\u00e0 b\u1ecb r\u00e0ng bu\u1ed9c b\u1edfi c\u00e1c \u0111i\u1ec1u kho\u1ea3n v\u00e0 \u0111i\u1ec1u ki\u1ec7n s\u1eed d\u1ee5ng sau \u0111\u00e2y, c\u00f9ng v\u1edbi ch\u00ednh s\u00e1ch b\u1ea3o m\u1eadt c\u1ee7a ch\u00fang t\u00f4i \u0111i\u1ec1u ch\u1ec9nh m\u1ed1i&hellip;\" \/>\n<meta property=\"og:url\" content=\"https:\/\/metisenergy.com\/vi\/dieu-khoan-su-dung\/\" \/>\n<meta property=\"og:site_name\" content=\"Metis Energy\" \/>\n<meta property=\"article:modified_time\" content=\"2022-09-29T08:40:55+00:00\" \/>\n<meta property=\"og:image\" content=\"https:\/\/metisenergy.com\/wp-content\/uploads\/metis-energy-terms-condition-1.jpg\" \/>\n\t<meta property=\"og:image:width\" content=\"1920\" \/>\n\t<meta property=\"og:image:height\" content=\"369\" \/>\n\t<meta property=\"og:image:type\" content=\"image\/jpeg\" \/>\n<meta name=\"twitter:card\" content=\"summary_large_image\" \/>\n<meta name=\"twitter:label1\" content=\"Est. reading time\" \/>\n\t<meta name=\"twitter:data1\" content=\"4 minutes\" \/>\n<script type=\"application\/ld+json\" class=\"yoast-schema-graph\">{\"@context\":\"https:\/\/schema.org\",\"@graph\":[{\"@type\":\"WebPage\",\"@id\":\"https:\/\/metisenergy.com\/vi\/dieu-khoan-su-dung\/\",\"url\":\"https:\/\/metisenergy.com\/vi\/dieu-khoan-su-dung\/\",\"name\":\"\u0110i\u1ec1u kho\u1ea3n s\u1eed d\u1ee5ng - Metis Energy\",\"isPartOf\":{\"@id\":\"https:\/\/metisenergy.com\/vi\/#website\"},\"primaryImageOfPage\":{\"@id\":\"https:\/\/metisenergy.com\/vi\/dieu-khoan-su-dung\/#primaryimage\"},\"image\":{\"@id\":\"https:\/\/metisenergy.com\/vi\/dieu-khoan-su-dung\/#primaryimage\"},\"thumbnailUrl\":\"https:\/\/metisenergy.com\/wp-content\/uploads\/metis-energy-terms-condition-1.jpg\",\"datePublished\":\"2022-05-24T16:32:51+00:00\",\"dateModified\":\"2022-09-29T08:40:55+00:00\",\"breadcrumb\":{\"@id\":\"https:\/\/metisenergy.com\/vi\/dieu-khoan-su-dung\/#breadcrumb\"},\"inLanguage\":\"vi-VN\",\"potentialAction\":[{\"@type\":\"ReadAction\",\"target\":[\"https:\/\/metisenergy.com\/vi\/dieu-khoan-su-dung\/\"]}]},{\"@type\":\"ImageObject\",\"inLanguage\":\"vi-VN\",\"@id\":\"https:\/\/metisenergy.com\/vi\/dieu-khoan-su-dung\/#primaryimage\",\"url\":\"https:\/\/metisenergy.com\/wp-content\/uploads\/metis-energy-terms-condition-1.jpg\",\"contentUrl\":\"https:\/\/metisenergy.com\/wp-content\/uploads\/metis-energy-terms-condition-1.jpg\",\"width\":1920,\"height\":369},{\"@type\":\"BreadcrumbList\",\"@id\":\"https:\/\/metisenergy.com\/vi\/dieu-khoan-su-dung\/#breadcrumb\",\"itemListElement\":[{\"@type\":\"ListItem\",\"position\":1,\"name\":\"Home\",\"item\":\"https:\/\/metisenergy.com\/vi\/\"},{\"@type\":\"ListItem\",\"position\":2,\"name\":\"\u0110i\u1ec1u kho\u1ea3n s\u1eed d\u1ee5ng\"}]},{\"@type\":\"WebSite\",\"@id\":\"https:\/\/metisenergy.com\/vi\/#website\",\"url\":\"https:\/\/metisenergy.com\/vi\/\",\"name\":\"Metis Energy\",\"description\":\"Together for a Brighter Future\u2122\",\"publisher\":{\"@id\":\"https:\/\/metisenergy.com\/vi\/#organization\"},\"potentialAction\":[{\"@type\":\"SearchAction\",\"target\":{\"@type\":\"EntryPoint\",\"urlTemplate\":\"https:\/\/metisenergy.com\/vi\/?s={search_term_string}\"},\"query-input\":{\"@type\":\"PropertyValueSpecification\",\"valueRequired\":true,\"valueName\":\"search_term_string\"}}],\"inLanguage\":\"vi-VN\"},{\"@type\":\"Organization\",\"@id\":\"https:\/\/metisenergy.com\/vi\/#organization\",\"name\":\"Metis Energy\",\"url\":\"https:\/\/metisenergy.com\/vi\/\",\"logo\":{\"@type\":\"ImageObject\",\"inLanguage\":\"vi-VN\",\"@id\":\"https:\/\/metisenergy.com\/vi\/#\/schema\/logo\/image\/\",\"url\":\"https:\/\/metisenergy.com\/wp-content\/uploads\/Metis-Logo-V.png-1.png\",\"contentUrl\":\"https:\/\/metisenergy.com\/wp-content\/uploads\/Metis-Logo-V.png-1.png\",\"width\":2394,\"height\":2469,\"caption\":\"Metis Energy\"},\"image\":{\"@id\":\"https:\/\/metisenergy.com\/vi\/#\/schema\/logo\/image\/\"}}]}<\/script>\n<!-- \/ Yoast SEO plugin. -->","yoast_head_json":{"title":"\u0110i\u1ec1u kho\u1ea3n s\u1eed d\u1ee5ng - Metis Energy","robots":{"index":"index","follow":"follow","max-snippet":"max-snippet:-1","max-image-preview":"max-image-preview:large","max-video-preview":"max-video-preview:-1"},"canonical":"https:\/\/metisenergy.com\/vi\/dieu-khoan-su-dung\/","og_locale":"vi_VN","og_type":"article","og_title":"\u0110i\u1ec1u kho\u1ea3n s\u1eed d\u1ee5ng - Metis Energy","og_description":"\u0110i\u1ec1u kho\u1ea3n S\u1eed d\u1ee5ng Ch\u00e0o m\u1eebng \u0111\u1ebfn v\u1edbi website c\u1ee7a ch\u00fang t\u00f4i. N\u1ebfu b\u1ea1n ti\u1ebfp t\u1ee5c duy\u1ec7t v\u00e0 s\u1eed d\u1ee5ng trang web n\u00e0y, b\u1ea1n \u0111\u1ed3ng \u00fd tu\u00e2n th\u1ee7 v\u00e0 b\u1ecb r\u00e0ng bu\u1ed9c b\u1edfi c\u00e1c \u0111i\u1ec1u kho\u1ea3n v\u00e0 \u0111i\u1ec1u ki\u1ec7n s\u1eed d\u1ee5ng sau \u0111\u00e2y, c\u00f9ng v\u1edbi ch\u00ednh s\u00e1ch b\u1ea3o m\u1eadt c\u1ee7a ch\u00fang t\u00f4i \u0111i\u1ec1u ch\u1ec9nh m\u1ed1i&hellip;","og_url":"https:\/\/metisenergy.com\/vi\/dieu-khoan-su-dung\/","og_site_name":"Metis Energy","article_modified_time":"2022-09-29T08:40:55+00:00","og_image":[{"width":1920,"height":369,"url":"https:\/\/metisenergy.com\/wp-content\/uploads\/metis-energy-terms-condition-1.jpg","type":"image\/jpeg"}],"twitter_card":"summary_large_image","twitter_misc":{"Est. reading time":"4 minutes"},"schema":{"@context":"https:\/\/schema.org","@graph":[{"@type":"WebPage","@id":"https:\/\/metisenergy.com\/vi\/dieu-khoan-su-dung\/","url":"https:\/\/metisenergy.com\/vi\/dieu-khoan-su-dung\/","name":"\u0110i\u1ec1u kho\u1ea3n s\u1eed d\u1ee5ng - Metis Energy","isPartOf":{"@id":"https:\/\/metisenergy.com\/vi\/#website"},"primaryImageOfPage":{"@id":"https:\/\/metisenergy.com\/vi\/dieu-khoan-su-dung\/#primaryimage"},"image":{"@id":"https:\/\/metisenergy.com\/vi\/dieu-khoan-su-dung\/#primaryimage"},"thumbnailUrl":"https:\/\/metisenergy.com\/wp-content\/uploads\/metis-energy-terms-condition-1.jpg","datePublished":"2022-05-24T16:32:51+00:00","dateModified":"2022-09-29T08:40:55+00:00","breadcrumb":{"@id":"https:\/\/metisenergy.com\/vi\/dieu-khoan-su-dung\/#breadcrumb"},"inLanguage":"vi-VN","potentialAction":[{"@type":"ReadAction","target":["https:\/\/metisenergy.com\/vi\/dieu-khoan-su-dung\/"]}]},{"@type":"ImageObject","inLanguage":"vi-VN","@id":"https:\/\/metisenergy.com\/vi\/dieu-khoan-su-dung\/#primaryimage","url":"https:\/\/metisenergy.com\/wp-content\/uploads\/metis-energy-terms-condition-1.jpg","contentUrl":"https:\/\/metisenergy.com\/wp-content\/uploads\/metis-energy-terms-condition-1.jpg","width":1920,"height":369},{"@type":"BreadcrumbList","@id":"https:\/\/metisenergy.com\/vi\/dieu-khoan-su-dung\/#breadcrumb","itemListElement":[{"@type":"ListItem","position":1,"name":"Home","item":"https:\/\/metisenergy.com\/vi\/"},{"@type":"ListItem","position":2,"name":"\u0110i\u1ec1u kho\u1ea3n s\u1eed d\u1ee5ng"}]},{"@type":"WebSite","@id":"https:\/\/metisenergy.com\/vi\/#website","url":"https:\/\/metisenergy.com\/vi\/","name":"Metis Energy","description":"Together for a Brighter Future\u2122","publisher":{"@id":"https:\/\/metisenergy.com\/vi\/#organization"},"potentialAction":[{"@type":"SearchAction","target":{"@type":"EntryPoint","urlTemplate":"https:\/\/metisenergy.com\/vi\/?s={search_term_string}"},"query-input":{"@type":"PropertyValueSpecification","valueRequired":true,"valueName":"search_term_string"}}],"inLanguage":"vi-VN"},{"@type":"Organization","@id":"https:\/\/metisenergy.com\/vi\/#organization","name":"Metis Energy","url":"https:\/\/metisenergy.com\/vi\/","logo":{"@type":"ImageObject","inLanguage":"vi-VN","@id":"https:\/\/metisenergy.com\/vi\/#\/schema\/logo\/image\/","url":"https:\/\/metisenergy.com\/wp-content\/uploads\/Metis-Logo-V.png-1.png","contentUrl":"https:\/\/metisenergy.com\/wp-content\/uploads\/Metis-Logo-V.png-1.png","width":2394,"height":2469,"caption":"Metis Energy"},"image":{"@id":"https:\/\/metisenergy.com\/vi\/#\/schema\/logo\/image\/"}}]}},"_links":{"self":[{"href":"https:\/\/metisenergy.com\/vi\/wp-json\/wp\/v2\/pages\/8096","targetHints":{"allow":["GET"]}}],"collection":[{"href":"https:\/\/metisenergy.com\/vi\/wp-json\/wp\/v2\/pages"}],"about":[{"href":"https:\/\/metisenergy.com\/vi\/wp-json\/wp\/v2\/types\/page"}],"author":[{"embeddable":true,"href":"https:\/\/metisenergy.com\/vi\/wp-json\/wp\/v2\/users\/11"}],"replies":[{"embeddable":true,"href":"https:\/\/metisenergy.com\/vi\/wp-json\/wp\/v2\/comments?post=8096"}],"version-history":[{"count":15,"href":"https:\/\/metisenergy.com\/vi\/wp-json\/wp\/v2\/pages\/8096\/revisions"}],"predecessor-version":[{"id":9528,"href":"https:\/\/metisenergy.com\/vi\/wp-json\/wp\/v2\/pages\/8096\/revisions\/9528"}],"wp:featuredmedia":[{"embeddable":true,"href":"https:\/\/metisenergy.com\/vi\/wp-json\/wp\/v2\/media\/7759"}],"wp:attachment":[{"href":"https:\/\/metisenergy.com\/vi\/wp-json\/wp\/v2\/media?parent=8096"}],"curies":[{"name":"wp","href":"https:\/\/api.w.org\/{rel}","templated":true}]}}