{"id":8102,"date":"2022-05-24T15:18:35","date_gmt":"2022-05-24T07:18:35","guid":{"rendered":"https:\/\/metisenergy.com\/nghe-nghiep\/"},"modified":"2026-04-10T19:31:57","modified_gmt":"2026-04-10T11:31:57","slug":"nghe-nhiep","status":"publish","type":"page","link":"https:\/\/metisenergy.com\/vi\/nghe-nhiep\/","title":{"rendered":"Ngh\u1ec1 nghi\u1ec7p"},"content":{"rendered":"\t\t<div data-elementor-type=\"wp-page\" data-elementor-id=\"8102\" class=\"elementor elementor-8102\">\n\t\t\t\t\t\t<section class=\"elementor-section elementor-top-section elementor-element elementor-element-a0ba599 elementor-section-boxed elementor-section-height-default elementor-section-height-default\" data-id=\"a0ba599\" data-element_type=\"section\" data-e-type=\"section\">\n\t\t\t\t\t\t<div class=\"elementor-container elementor-column-gap-default\">\n\t\t\t\t\t<div class=\"elementor-column elementor-col-50 elementor-top-column elementor-element elementor-element-e98d89b\" data-id=\"e98d89b\" data-element_type=\"column\" data-e-type=\"column\">\n\t\t\t<div class=\"elementor-widget-wrap elementor-element-populated\">\n\t\t\t\t\t\t<div class=\"elementor-element elementor-element-f4777fd elementor-widget elementor-widget-image\" data-id=\"f4777fd\" data-element_type=\"widget\" data-e-type=\"widget\" data-widget_type=\"image.default\">\n\t\t\t\t<div class=\"elementor-widget-container\">\n\t\t\t\t\t\t\t\t\t\t\t\t\t\t\t<img decoding=\"async\" src=\"https:\/\/metisenergy.com\/wp-content\/uploads\/elementor\/thumbs\/pexels-alexander-suhorucov-6457515-ppaigk8nm0m7x8u1lavuhwe7bkifdc44w4i4pn7bao.jpg\" title=\"metis-n\u0103ng l\u01b0\u1ee3ng-s\u1ef1 nghi\u1ec7p\" alt=\"metis-n\u0103ng l\u01b0\u1ee3ng-s\u1ef1 nghi\u1ec7p\" loading=\"lazy\" \/>\t\t\t\t\t\t\t\t\t\t\t\t\t\t\t<\/div>\n\t\t\t\t<\/div>\n\t\t\t\t\t<\/div>\n\t\t<\/div>\n\t\t\t\t<div class=\"elementor-column elementor-col-50 elementor-top-column elementor-element elementor-element-bb8c07e\" data-id=\"bb8c07e\" data-element_type=\"column\" data-e-type=\"column\">\n\t\t\t<div class=\"elementor-widget-wrap elementor-element-populated\">\n\t\t\t\t\t\t<div class=\"elementor-element elementor-element-3d39e00 elementor-widget elementor-widget-text-editor\" data-id=\"3d39e00\" data-element_type=\"widget\" data-e-type=\"widget\" data-widget_type=\"text-editor.default\">\n\t\t\t\t<div class=\"elementor-widget-container\">\n\t\t\t\t\t\t\t\t\t<h1>Ngh\u1ec1 nghi\u1ec7p<\/h1>\t\t\t\t\t\t\t\t<\/div>\n\t\t\t\t<\/div>\n\t\t\t\t<div class=\"elementor-element elementor-element-6faed32 elementor-widget elementor-widget-text-editor\" data-id=\"6faed32\" data-element_type=\"widget\" data-e-type=\"widget\" data-widget_type=\"text-editor.default\">\n\t\t\t\t<div class=\"elementor-widget-container\">\n\t\t\t\t\t\t\t\t\t<p>Ch\u00fang t\u00f4i \u0111ang t\u00ecm ki\u1ebfm nh\u1eefng c\u00e1 nh\u00e2n \u0111\u1ea7y \u0111\u1ed9ng l\u1ef1c v\u00e0 \u0111\u1ed9c l\u1eadp \u0111\u1ec3 tham gia m\u1ee5c ti\u00eau c\u1ee7a ch\u00fang t\u00f4i &#8211; v\u00ec m\u1ed9t t\u01b0\u01a1ng lai t\u01b0\u01a1i s\u00e1ng v\u00e0 xanh h\u01a1n!<\/p><hr \/><p><b>V\u1eca TR\u00cd M\u1ede<\/b><\/p><p><b>Vi\u1ec7t Nam<\/b><br \/>Qu\u1ea3n l\u00fd D\u1ef1 \u00e1n<br \/>K\u1ef9 s\u01b0 K\u1ebft c\u1ea5u &amp; D\u00e2n d\u1ee5ng<br \/>K\u1ef9 s\u01b0 PV O&amp;M<\/p><p><strong>Ch\u00e2u \u00dac<\/strong><br \/>Qu\u1ea3n l\u00fd D\u1ef1 \u00e1n<\/p><p><strong>Singapore<\/strong><br \/>Qu\u1ea3n l\u00fd T\u00e0i s\u1ea3n<br \/>Qu\u1ea3n l\u00fd D\u1ef1 \u00e1n<br \/>\u0110i\u1ec1u h\u00e0nh D\u1ef1 \u00e1n<\/p><p><b>Indonesia<\/b><br \/>Qu\u1ea3n l\u00fd D\u1ef1 \u00e1n<br \/>K\u1ef9 s\u01b0 K\u1ebft c\u1ea5u &amp; D\u00e2n d\u1ee5ng<br \/>K\u1ef9 s\u01b0 PV O&amp;M<\/p><hr \/><p><span style=\"font-weight: 400;\">Vui l\u00f2ng g\u1eedi h\u1ed3 s\u01a1 c\u1ee7a b\u1ea1n<\/span> <span style=\"font-weight: 400;\">\u0111\u1ebfn <a href=\"mailto:info@metisenergy.com\"><span style=\"text-decoration: underline;\">info@metisenergy.com<\/span><\/a><\/span><\/p>\t\t\t\t\t\t\t\t<\/div>\n\t\t\t\t<\/div>\n\t\t\t\t\t<\/div>\n\t\t<\/div>\n\t\t\t\t\t<\/div>\n\t\t<\/section>\n\t\t\t\t<section class=\"elementor-section elementor-top-section elementor-element elementor-element-c16bb0f elementor-section-boxed elementor-section-height-default elementor-section-height-default\" data-id=\"c16bb0f\" data-element_type=\"section\" data-e-type=\"section\">\n\t\t\t\t\t\t<div class=\"elementor-container elementor-column-gap-default\">\n\t\t\t\t\t<div class=\"elementor-column elementor-col-100 elementor-top-column elementor-element elementor-element-283256a\" data-id=\"283256a\" data-element_type=\"column\" data-e-type=\"column\">\n\t\t\t<div class=\"elementor-widget-wrap elementor-element-populated\">\n\t\t\t\t\t\t<div class=\"elementor-element elementor-element-36cfb36 elementor-widget elementor-widget-spacer\" data-id=\"36cfb36\" data-element_type=\"widget\" data-e-type=\"widget\" data-widget_type=\"spacer.default\">\n\t\t\t\t<div class=\"elementor-widget-container\">\n\t\t\t\t\t\t\t<div class=\"elementor-spacer\">\n\t\t\t<div class=\"elementor-spacer-inner\"><\/div>\n\t\t<\/div>\n\t\t\t\t\t\t<\/div>\n\t\t\t\t<\/div>\n\t\t\t\t\t<\/div>\n\t\t<\/div>\n\t\t\t\t\t<\/div>\n\t\t<\/section>\n\t\t\t\t<\/div>\n\t\t","protected":false},"excerpt":{"rendered":"<p>Ngh\u1ec1 nghi\u1ec7p Ch\u00fang t\u00f4i \u0111ang t\u00ecm ki\u1ebfm nh\u1eefng c\u00e1 nh\u00e2n c\u00f3 \u0111\u1ed9ng l\u1ef1c cao v\u00e0 \u0111\u1ed9c l\u1eadp \u0111\u1ec3 tham gia m\u1ee5c ti\u00eau c\u1ee7a ch\u00fang t\u00f4i v\u00ec m\u1ed9t t\u01b0\u01a1ng lai t\u01b0\u01a1i s\u00e1ng v\u00e0 xanh h\u01a1n! Vui l\u00f2ng g\u1eedi h\u1ed3 s\u01a1 xin vi\u1ec7c c\u1ee7a b\u1ea1n \u0111\u1ebfn \u0111\u1ecba ch\u1ec9 recruitment@metisenergy.com<\/p>\n","protected":false},"author":11,"featured_media":0,"parent":0,"menu_order":0,"comment_status":"closed","ping_status":"closed","template":"elementor_header_footer","meta":{"footnotes":""},"class_list":["post-8102","page","type-page","status-publish","hentry"],"yoast_head":"<!-- This site is optimized with the Yoast SEO plugin v27.2 - https:\/\/yoast.com\/product\/yoast-seo-wordpress\/ -->\n<title>Ngh\u1ec1 nghi\u1ec7p - Metis Energy<\/title>\n<meta name=\"robots\" content=\"index, follow, max-snippet:-1, max-image-preview:large, max-video-preview:-1\" \/>\n<link rel=\"canonical\" href=\"https:\/\/metisenergy.com\/vi\/nghe-nhiep\/\" \/>\n<meta property=\"og:locale\" content=\"vi_VN\" \/>\n<meta property=\"og:type\" content=\"article\" \/>\n<meta property=\"og:title\" content=\"Ngh\u1ec1 nghi\u1ec7p - Metis Energy\" \/>\n<meta property=\"og:description\" content=\"Ngh\u1ec1 nghi\u1ec7p Ch\u00fang t\u00f4i \u0111ang t\u00ecm ki\u1ebfm nh\u1eefng c\u00e1 nh\u00e2n c\u00f3 \u0111\u1ed9ng l\u1ef1c cao v\u00e0 \u0111\u1ed9c l\u1eadp \u0111\u1ec3 tham gia m\u1ee5c ti\u00eau c\u1ee7a ch\u00fang t\u00f4i v\u00ec m\u1ed9t t\u01b0\u01a1ng lai t\u01b0\u01a1i s\u00e1ng v\u00e0 xanh h\u01a1n! Vui l\u00f2ng g\u1eedi h\u1ed3 s\u01a1 xin vi\u1ec7c c\u1ee7a b\u1ea1n \u0111\u1ebfn \u0111\u1ecba ch\u1ec9 recruitment@metisenergy.com\" \/>\n<meta property=\"og:url\" content=\"https:\/\/metisenergy.com\/vi\/nghe-nhiep\/\" \/>\n<meta property=\"og:site_name\" content=\"Metis Energy\" \/>\n<meta property=\"article:modified_time\" content=\"2026-04-10T11:31:57+00:00\" \/>\n<meta property=\"og:image\" content=\"https:\/\/metisenergy.com\/wp-content\/uploads\/elementor\/thumbs\/pexels-alexander-suhorucov-6457515-ppaigk8nm0m7x8u1lavuhwe7bkifdc44w4i4pn7bao.jpg\" \/>\n<meta name=\"twitter:card\" content=\"summary_large_image\" \/>\n<meta name=\"twitter:label1\" content=\"Est. reading time\" \/>\n\t<meta name=\"twitter:data1\" content=\"1 minute\" \/>\n<script type=\"application\/ld+json\" class=\"yoast-schema-graph\">{\"@context\":\"https:\/\/schema.org\",\"@graph\":[{\"@type\":\"WebPage\",\"@id\":\"https:\/\/metisenergy.com\/vi\/nghe-nhiep\/\",\"url\":\"https:\/\/metisenergy.com\/vi\/nghe-nhiep\/\",\"name\":\"Ngh\u1ec1 nghi\u1ec7p - Metis Energy\",\"isPartOf\":{\"@id\":\"https:\/\/metisenergy.com\/vi\/#website\"},\"primaryImageOfPage\":{\"@id\":\"https:\/\/metisenergy.com\/vi\/nghe-nhiep\/#primaryimage\"},\"image\":{\"@id\":\"https:\/\/metisenergy.com\/vi\/nghe-nhiep\/#primaryimage\"},\"thumbnailUrl\":\"https:\/\/metisenergy.com\/wp-content\/uploads\/elementor\/thumbs\/pexels-alexander-suhorucov-6457515-ppaigk8nm0m7x8u1lavuhwe7bkifdc44w4i4pn7bao.jpg\",\"datePublished\":\"2022-05-24T07:18:35+00:00\",\"dateModified\":\"2026-04-10T11:31:57+00:00\",\"breadcrumb\":{\"@id\":\"https:\/\/metisenergy.com\/vi\/nghe-nhiep\/#breadcrumb\"},\"inLanguage\":\"vi-VN\",\"potentialAction\":[{\"@type\":\"ReadAction\",\"target\":[\"https:\/\/metisenergy.com\/vi\/nghe-nhiep\/\"]}]},{\"@type\":\"ImageObject\",\"inLanguage\":\"vi-VN\",\"@id\":\"https:\/\/metisenergy.com\/vi\/nghe-nhiep\/#primaryimage\",\"url\":\"https:\/\/metisenergy.com\/wp-content\/uploads\/elementor\/thumbs\/pexels-alexander-suhorucov-6457515-ppaigk8nm0m7x8u1lavuhwe7bkifdc44w4i4pn7bao.jpg\",\"contentUrl\":\"https:\/\/metisenergy.com\/wp-content\/uploads\/elementor\/thumbs\/pexels-alexander-suhorucov-6457515-ppaigk8nm0m7x8u1lavuhwe7bkifdc44w4i4pn7bao.jpg\"},{\"@type\":\"BreadcrumbList\",\"@id\":\"https:\/\/metisenergy.com\/vi\/nghe-nhiep\/#breadcrumb\",\"itemListElement\":[{\"@type\":\"ListItem\",\"position\":1,\"name\":\"Home\",\"item\":\"https:\/\/metisenergy.com\/vi\/\"},{\"@type\":\"ListItem\",\"position\":2,\"name\":\"Ngh\u1ec1 nghi\u1ec7p\"}]},{\"@type\":\"WebSite\",\"@id\":\"https:\/\/metisenergy.com\/vi\/#website\",\"url\":\"https:\/\/metisenergy.com\/vi\/\",\"name\":\"Metis Energy\",\"description\":\"Together for a Brighter Future\u2122\",\"publisher\":{\"@id\":\"https:\/\/metisenergy.com\/vi\/#organization\"},\"potentialAction\":[{\"@type\":\"SearchAction\",\"target\":{\"@type\":\"EntryPoint\",\"urlTemplate\":\"https:\/\/metisenergy.com\/vi\/?s={search_term_string}\"},\"query-input\":{\"@type\":\"PropertyValueSpecification\",\"valueRequired\":true,\"valueName\":\"search_term_string\"}}],\"inLanguage\":\"vi-VN\"},{\"@type\":\"Organization\",\"@id\":\"https:\/\/metisenergy.com\/vi\/#organization\",\"name\":\"Metis Energy\",\"url\":\"https:\/\/metisenergy.com\/vi\/\",\"logo\":{\"@type\":\"ImageObject\",\"inLanguage\":\"vi-VN\",\"@id\":\"https:\/\/metisenergy.com\/vi\/#\/schema\/logo\/image\/\",\"url\":\"https:\/\/metisenergy.com\/wp-content\/uploads\/Metis-Logo-V.png-1.png\",\"contentUrl\":\"https:\/\/metisenergy.com\/wp-content\/uploads\/Metis-Logo-V.png-1.png\",\"width\":2394,\"height\":2469,\"caption\":\"Metis Energy\"},\"image\":{\"@id\":\"https:\/\/metisenergy.com\/vi\/#\/schema\/logo\/image\/\"}}]}<\/script>\n<!-- \/ Yoast SEO plugin. -->","yoast_head_json":{"title":"Ngh\u1ec1 nghi\u1ec7p - Metis Energy","robots":{"index":"index","follow":"follow","max-snippet":"max-snippet:-1","max-image-preview":"max-image-preview:large","max-video-preview":"max-video-preview:-1"},"canonical":"https:\/\/metisenergy.com\/vi\/nghe-nhiep\/","og_locale":"vi_VN","og_type":"article","og_title":"Ngh\u1ec1 nghi\u1ec7p - Metis Energy","og_description":"Ngh\u1ec1 nghi\u1ec7p Ch\u00fang t\u00f4i \u0111ang t\u00ecm ki\u1ebfm nh\u1eefng c\u00e1 nh\u00e2n c\u00f3 \u0111\u1ed9ng l\u1ef1c cao v\u00e0 \u0111\u1ed9c l\u1eadp \u0111\u1ec3 tham gia m\u1ee5c ti\u00eau c\u1ee7a ch\u00fang t\u00f4i v\u00ec m\u1ed9t t\u01b0\u01a1ng lai t\u01b0\u01a1i s\u00e1ng v\u00e0 xanh h\u01a1n! Vui l\u00f2ng g\u1eedi h\u1ed3 s\u01a1 xin vi\u1ec7c c\u1ee7a b\u1ea1n \u0111\u1ebfn \u0111\u1ecba ch\u1ec9 recruitment@metisenergy.com","og_url":"https:\/\/metisenergy.com\/vi\/nghe-nhiep\/","og_site_name":"Metis Energy","article_modified_time":"2026-04-10T11:31:57+00:00","og_image":[{"url":"https:\/\/metisenergy.com\/wp-content\/uploads\/elementor\/thumbs\/pexels-alexander-suhorucov-6457515-ppaigk8nm0m7x8u1lavuhwe7bkifdc44w4i4pn7bao.jpg","type":"","width":"","height":""}],"twitter_card":"summary_large_image","twitter_misc":{"Est. reading time":"1 minute"},"schema":{"@context":"https:\/\/schema.org","@graph":[{"@type":"WebPage","@id":"https:\/\/metisenergy.com\/vi\/nghe-nhiep\/","url":"https:\/\/metisenergy.com\/vi\/nghe-nhiep\/","name":"Ngh\u1ec1 nghi\u1ec7p - Metis Energy","isPartOf":{"@id":"https:\/\/metisenergy.com\/vi\/#website"},"primaryImageOfPage":{"@id":"https:\/\/metisenergy.com\/vi\/nghe-nhiep\/#primaryimage"},"image":{"@id":"https:\/\/metisenergy.com\/vi\/nghe-nhiep\/#primaryimage"},"thumbnailUrl":"https:\/\/metisenergy.com\/wp-content\/uploads\/elementor\/thumbs\/pexels-alexander-suhorucov-6457515-ppaigk8nm0m7x8u1lavuhwe7bkifdc44w4i4pn7bao.jpg","datePublished":"2022-05-24T07:18:35+00:00","dateModified":"2026-04-10T11:31:57+00:00","breadcrumb":{"@id":"https:\/\/metisenergy.com\/vi\/nghe-nhiep\/#breadcrumb"},"inLanguage":"vi-VN","potentialAction":[{"@type":"ReadAction","target":["https:\/\/metisenergy.com\/vi\/nghe-nhiep\/"]}]},{"@type":"ImageObject","inLanguage":"vi-VN","@id":"https:\/\/metisenergy.com\/vi\/nghe-nhiep\/#primaryimage","url":"https:\/\/metisenergy.com\/wp-content\/uploads\/elementor\/thumbs\/pexels-alexander-suhorucov-6457515-ppaigk8nm0m7x8u1lavuhwe7bkifdc44w4i4pn7bao.jpg","contentUrl":"https:\/\/metisenergy.com\/wp-content\/uploads\/elementor\/thumbs\/pexels-alexander-suhorucov-6457515-ppaigk8nm0m7x8u1lavuhwe7bkifdc44w4i4pn7bao.jpg"},{"@type":"BreadcrumbList","@id":"https:\/\/metisenergy.com\/vi\/nghe-nhiep\/#breadcrumb","itemListElement":[{"@type":"ListItem","position":1,"name":"Home","item":"https:\/\/metisenergy.com\/vi\/"},{"@type":"ListItem","position":2,"name":"Ngh\u1ec1 nghi\u1ec7p"}]},{"@type":"WebSite","@id":"https:\/\/metisenergy.com\/vi\/#website","url":"https:\/\/metisenergy.com\/vi\/","name":"Metis Energy","description":"Together for a Brighter Future\u2122","publisher":{"@id":"https:\/\/metisenergy.com\/vi\/#organization"},"potentialAction":[{"@type":"SearchAction","target":{"@type":"EntryPoint","urlTemplate":"https:\/\/metisenergy.com\/vi\/?s={search_term_string}"},"query-input":{"@type":"PropertyValueSpecification","valueRequired":true,"valueName":"search_term_string"}}],"inLanguage":"vi-VN"},{"@type":"Organization","@id":"https:\/\/metisenergy.com\/vi\/#organization","name":"Metis Energy","url":"https:\/\/metisenergy.com\/vi\/","logo":{"@type":"ImageObject","inLanguage":"vi-VN","@id":"https:\/\/metisenergy.com\/vi\/#\/schema\/logo\/image\/","url":"https:\/\/metisenergy.com\/wp-content\/uploads\/Metis-Logo-V.png-1.png","contentUrl":"https:\/\/metisenergy.com\/wp-content\/uploads\/Metis-Logo-V.png-1.png","width":2394,"height":2469,"caption":"Metis Energy"},"image":{"@id":"https:\/\/metisenergy.com\/vi\/#\/schema\/logo\/image\/"}}]}},"_links":{"self":[{"href":"https:\/\/metisenergy.com\/vi\/wp-json\/wp\/v2\/pages\/8102","targetHints":{"allow":["GET"]}}],"collection":[{"href":"https:\/\/metisenergy.com\/vi\/wp-json\/wp\/v2\/pages"}],"about":[{"href":"https:\/\/metisenergy.com\/vi\/wp-json\/wp\/v2\/types\/page"}],"author":[{"embeddable":true,"href":"https:\/\/metisenergy.com\/vi\/wp-json\/wp\/v2\/users\/11"}],"replies":[{"embeddable":true,"href":"https:\/\/metisenergy.com\/vi\/wp-json\/wp\/v2\/comments?post=8102"}],"version-history":[{"count":24,"href":"https:\/\/metisenergy.com\/vi\/wp-json\/wp\/v2\/pages\/8102\/revisions"}],"predecessor-version":[{"id":10053,"href":"https:\/\/metisenergy.com\/vi\/wp-json\/wp\/v2\/pages\/8102\/revisions\/10053"}],"wp:attachment":[{"href":"https:\/\/metisenergy.com\/vi\/wp-json\/wp\/v2\/media?parent=8102"}],"curies":[{"name":"wp","href":"https:\/\/api.w.org\/{rel}","templated":true}]}}