{"id":8126,"date":"2022-05-28T17:02:12","date_gmt":"2022-05-28T09:02:12","guid":{"rendered":"https:\/\/metisenergy.com\/diem-noi-bat-ve-tai-chinh\/"},"modified":"2026-04-10T20:12:51","modified_gmt":"2026-04-10T12:12:51","slug":"diem-noi-bat-ve-tai-chinh","status":"publish","type":"page","link":"https:\/\/metisenergy.com\/vi\/diem-noi-bat-ve-tai-chinh\/","title":{"rendered":"\u0111i\u1ec3m n\u1ed5i b\u1eadt v\u1ec1 t\u00e0i ch\u00ednh"},"content":{"rendered":"\t\t<div data-elementor-type=\"wp-page\" data-elementor-id=\"8126\" class=\"elementor elementor-8126\">\n\t\t\t\t\t\t<section class=\"elementor-section elementor-top-section elementor-element elementor-element-4574a24 elementor-section-full_width elementor-section-height-default elementor-section-height-default\" data-id=\"4574a24\" data-element_type=\"section\" data-e-type=\"section\" data-settings=\"{&quot;background_background&quot;:&quot;classic&quot;}\">\n\t\t\t\t\t\t<div class=\"elementor-container elementor-column-gap-no\">\n\t\t\t\t\t<div class=\"elementor-column elementor-col-100 elementor-top-column elementor-element elementor-element-aec06a5\" data-id=\"aec06a5\" data-element_type=\"column\" data-e-type=\"column\">\n\t\t\t<div class=\"elementor-widget-wrap elementor-element-populated\">\n\t\t\t\t\t\t<div class=\"elementor-element elementor-element-dc361eb elementor-widget elementor-widget-heading\" data-id=\"dc361eb\" data-element_type=\"widget\" data-e-type=\"widget\" data-widget_type=\"heading.default\">\n\t\t\t\t<div class=\"elementor-widget-container\">\n\t\t\t\t\t<div class=\"elementor-heading-title elementor-size-default\">QUAN H\u1ec6 \u0110\u1ea6U T\u01af<\/div>\t\t\t\t<\/div>\n\t\t\t\t<\/div>\n\t\t\t\t<div class=\"elementor-element elementor-element-addf602 elementor-widget elementor-widget-heading\" data-id=\"addf602\" data-element_type=\"widget\" data-e-type=\"widget\" data-widget_type=\"heading.default\">\n\t\t\t\t<div class=\"elementor-widget-container\">\n\t\t\t\t\t<h2 class=\"elementor-heading-title elementor-size-default\">\u0110i\u1ec3m n\u1ed5i b\u1eadt v\u1ec1 T\u00e0i ch\u00ednh<\/h2>\t\t\t\t<\/div>\n\t\t\t\t<\/div>\n\t\t\t\t<div class=\"elementor-element elementor-element-81986d3 elementor-widget elementor-widget-image\" data-id=\"81986d3\" data-element_type=\"widget\" data-e-type=\"widget\" data-widget_type=\"image.default\">\n\t\t\t\t<div class=\"elementor-widget-container\">\n\t\t\t\t\t\t\t\t\t\t\t\t\t\t\t<img fetchpriority=\"high\" decoding=\"async\" width=\"1238\" height=\"696\" src=\"https:\/\/metisenergy.com\/wp-content\/uploads\/metis-energy-financial-highlight-1-2.jpg\" class=\"attachment-large size-large wp-image-7909\" alt=\"\" srcset=\"https:\/\/metisenergy.com\/wp-content\/uploads\/metis-energy-financial-highlight-1-2.jpg 1238w, https:\/\/metisenergy.com\/wp-content\/uploads\/metis-energy-financial-highlight-1-2-768x432.jpg 768w\" sizes=\"(max-width: 1238px) 100vw, 1238px\" \/>\t\t\t\t\t\t\t\t\t\t\t\t\t\t\t<\/div>\n\t\t\t\t<\/div>\n\t\t\t\t\t<\/div>\n\t\t<\/div>\n\t\t\t\t\t<\/div>\n\t\t<\/section>\n\t\t\t\t<\/div>\n\t\t","protected":false},"excerpt":{"rendered":"<p>QUAN H\u1ec6 NH\u00c0 \u0110\u1ea6U T\u01af \u0111i\u1ec3m n\u1ed5i b\u1eadt v\u1ec1 t\u00e0i ch\u00ednh N\u0103m t\u00e0i ch\u00ednh 2025 N\u0103m t\u00e0i ch\u00ednh 2024 N\u0103m t\u00e0i ch\u00ednh 2023 N\u0103m t\u00e0i ch\u00ednh 2022 N\u0103m t\u00e0i ch\u00ednh 2021 $&#8217;000 $&#8217;000 $&#8217;000 $&#8217;000 $&#8217;000 Doanh thu 4,669 4,790 3,680 12,609 9,237 L\u1ee3i nhu\u1eadn \/ (l\u1ed7) tr\u01b0\u1edbc thu\u1ebf (12,238) (13,189) (9,501) 6,047 (5,879) L\u1ee3i&hellip;<\/p>\n","protected":false},"author":11,"featured_media":0,"parent":0,"menu_order":0,"comment_status":"closed","ping_status":"closed","template":"elementor_header_footer","meta":{"footnotes":""},"class_list":["post-8126","page","type-page","status-publish","hentry"],"yoast_head":"<!-- This site is optimized with the Yoast SEO plugin v27.2 - https:\/\/yoast.com\/product\/yoast-seo-wordpress\/ -->\n<title>\u0111i\u1ec3m n\u1ed5i b\u1eadt v\u1ec1 t\u00e0i ch\u00ednh - Metis Energy<\/title>\n<meta name=\"robots\" content=\"index, follow, max-snippet:-1, max-image-preview:large, max-video-preview:-1\" \/>\n<link rel=\"canonical\" href=\"https:\/\/metisenergy.com\/vi\/diem-noi-bat-ve-tai-chinh\/\" \/>\n<meta property=\"og:locale\" content=\"vi_VN\" \/>\n<meta property=\"og:type\" content=\"article\" \/>\n<meta property=\"og:title\" content=\"\u0111i\u1ec3m n\u1ed5i b\u1eadt v\u1ec1 t\u00e0i ch\u00ednh - Metis Energy\" \/>\n<meta property=\"og:description\" content=\"QUAN H\u1ec6 NH\u00c0 \u0110\u1ea6U T\u01af \u0111i\u1ec3m n\u1ed5i b\u1eadt v\u1ec1 t\u00e0i ch\u00ednh N\u0103m t\u00e0i ch\u00ednh 2025 N\u0103m t\u00e0i ch\u00ednh 2024 N\u0103m t\u00e0i ch\u00ednh 2023 N\u0103m t\u00e0i ch\u00ednh 2022 N\u0103m t\u00e0i ch\u00ednh 2021 $&#8217;000 $&#8217;000 $&#8217;000 $&#8217;000 $&#8217;000 Doanh thu 4,669 4,790 3,680 12,609 9,237 L\u1ee3i nhu\u1eadn \/ (l\u1ed7) tr\u01b0\u1edbc thu\u1ebf (12,238) (13,189) (9,501) 6,047 (5,879) L\u1ee3i&hellip;\" \/>\n<meta property=\"og:url\" content=\"https:\/\/metisenergy.com\/vi\/diem-noi-bat-ve-tai-chinh\/\" \/>\n<meta property=\"og:site_name\" content=\"Metis Energy\" \/>\n<meta property=\"article:modified_time\" content=\"2026-04-10T12:12:51+00:00\" \/>\n<meta name=\"twitter:card\" content=\"summary_large_image\" \/>\n<meta name=\"twitter:label1\" content=\"Est. reading time\" \/>\n\t<meta name=\"twitter:data1\" content=\"1 minute\" \/>\n<script type=\"application\/ld+json\" class=\"yoast-schema-graph\">{\"@context\":\"https:\/\/schema.org\",\"@graph\":[{\"@type\":\"WebPage\",\"@id\":\"https:\/\/metisenergy.com\/vi\/diem-noi-bat-ve-tai-chinh\/\",\"url\":\"https:\/\/metisenergy.com\/vi\/diem-noi-bat-ve-tai-chinh\/\",\"name\":\"\u0111i\u1ec3m n\u1ed5i b\u1eadt v\u1ec1 t\u00e0i ch\u00ednh - Metis Energy\",\"isPartOf\":{\"@id\":\"https:\/\/metisenergy.com\/vi\/#website\"},\"datePublished\":\"2022-05-28T09:02:12+00:00\",\"dateModified\":\"2026-04-10T12:12:51+00:00\",\"breadcrumb\":{\"@id\":\"https:\/\/metisenergy.com\/vi\/diem-noi-bat-ve-tai-chinh\/#breadcrumb\"},\"inLanguage\":\"vi-VN\",\"potentialAction\":[{\"@type\":\"ReadAction\",\"target\":[\"https:\/\/metisenergy.com\/vi\/diem-noi-bat-ve-tai-chinh\/\"]}]},{\"@type\":\"BreadcrumbList\",\"@id\":\"https:\/\/metisenergy.com\/vi\/diem-noi-bat-ve-tai-chinh\/#breadcrumb\",\"itemListElement\":[{\"@type\":\"ListItem\",\"position\":1,\"name\":\"Home\",\"item\":\"https:\/\/metisenergy.com\/vi\/\"},{\"@type\":\"ListItem\",\"position\":2,\"name\":\"\u0111i\u1ec3m n\u1ed5i b\u1eadt v\u1ec1 t\u00e0i ch\u00ednh\"}]},{\"@type\":\"WebSite\",\"@id\":\"https:\/\/metisenergy.com\/vi\/#website\",\"url\":\"https:\/\/metisenergy.com\/vi\/\",\"name\":\"Metis Energy\",\"description\":\"Together for a Brighter Future\u2122\",\"publisher\":{\"@id\":\"https:\/\/metisenergy.com\/vi\/#organization\"},\"potentialAction\":[{\"@type\":\"SearchAction\",\"target\":{\"@type\":\"EntryPoint\",\"urlTemplate\":\"https:\/\/metisenergy.com\/vi\/?s={search_term_string}\"},\"query-input\":{\"@type\":\"PropertyValueSpecification\",\"valueRequired\":true,\"valueName\":\"search_term_string\"}}],\"inLanguage\":\"vi-VN\"},{\"@type\":\"Organization\",\"@id\":\"https:\/\/metisenergy.com\/vi\/#organization\",\"name\":\"Metis Energy\",\"url\":\"https:\/\/metisenergy.com\/vi\/\",\"logo\":{\"@type\":\"ImageObject\",\"inLanguage\":\"vi-VN\",\"@id\":\"https:\/\/metisenergy.com\/vi\/#\/schema\/logo\/image\/\",\"url\":\"https:\/\/metisenergy.com\/wp-content\/uploads\/Metis-Logo-V.png-1.png\",\"contentUrl\":\"https:\/\/metisenergy.com\/wp-content\/uploads\/Metis-Logo-V.png-1.png\",\"width\":2394,\"height\":2469,\"caption\":\"Metis Energy\"},\"image\":{\"@id\":\"https:\/\/metisenergy.com\/vi\/#\/schema\/logo\/image\/\"}}]}<\/script>\n<!-- \/ Yoast SEO plugin. -->","yoast_head_json":{"title":"\u0111i\u1ec3m n\u1ed5i b\u1eadt v\u1ec1 t\u00e0i ch\u00ednh - Metis Energy","robots":{"index":"index","follow":"follow","max-snippet":"max-snippet:-1","max-image-preview":"max-image-preview:large","max-video-preview":"max-video-preview:-1"},"canonical":"https:\/\/metisenergy.com\/vi\/diem-noi-bat-ve-tai-chinh\/","og_locale":"vi_VN","og_type":"article","og_title":"\u0111i\u1ec3m n\u1ed5i b\u1eadt v\u1ec1 t\u00e0i ch\u00ednh - Metis Energy","og_description":"QUAN H\u1ec6 NH\u00c0 \u0110\u1ea6U T\u01af \u0111i\u1ec3m n\u1ed5i b\u1eadt v\u1ec1 t\u00e0i ch\u00ednh N\u0103m t\u00e0i ch\u00ednh 2025 N\u0103m t\u00e0i ch\u00ednh 2024 N\u0103m t\u00e0i ch\u00ednh 2023 N\u0103m t\u00e0i ch\u00ednh 2022 N\u0103m t\u00e0i ch\u00ednh 2021 $&#8217;000 $&#8217;000 $&#8217;000 $&#8217;000 $&#8217;000 Doanh thu 4,669 4,790 3,680 12,609 9,237 L\u1ee3i nhu\u1eadn \/ (l\u1ed7) tr\u01b0\u1edbc thu\u1ebf (12,238) (13,189) (9,501) 6,047 (5,879) L\u1ee3i&hellip;","og_url":"https:\/\/metisenergy.com\/vi\/diem-noi-bat-ve-tai-chinh\/","og_site_name":"Metis Energy","article_modified_time":"2026-04-10T12:12:51+00:00","twitter_card":"summary_large_image","twitter_misc":{"Est. reading time":"1 minute"},"schema":{"@context":"https:\/\/schema.org","@graph":[{"@type":"WebPage","@id":"https:\/\/metisenergy.com\/vi\/diem-noi-bat-ve-tai-chinh\/","url":"https:\/\/metisenergy.com\/vi\/diem-noi-bat-ve-tai-chinh\/","name":"\u0111i\u1ec3m n\u1ed5i b\u1eadt v\u1ec1 t\u00e0i ch\u00ednh - Metis Energy","isPartOf":{"@id":"https:\/\/metisenergy.com\/vi\/#website"},"datePublished":"2022-05-28T09:02:12+00:00","dateModified":"2026-04-10T12:12:51+00:00","breadcrumb":{"@id":"https:\/\/metisenergy.com\/vi\/diem-noi-bat-ve-tai-chinh\/#breadcrumb"},"inLanguage":"vi-VN","potentialAction":[{"@type":"ReadAction","target":["https:\/\/metisenergy.com\/vi\/diem-noi-bat-ve-tai-chinh\/"]}]},{"@type":"BreadcrumbList","@id":"https:\/\/metisenergy.com\/vi\/diem-noi-bat-ve-tai-chinh\/#breadcrumb","itemListElement":[{"@type":"ListItem","position":1,"name":"Home","item":"https:\/\/metisenergy.com\/vi\/"},{"@type":"ListItem","position":2,"name":"\u0111i\u1ec3m n\u1ed5i b\u1eadt v\u1ec1 t\u00e0i ch\u00ednh"}]},{"@type":"WebSite","@id":"https:\/\/metisenergy.com\/vi\/#website","url":"https:\/\/metisenergy.com\/vi\/","name":"Metis Energy","description":"Together for a Brighter Future\u2122","publisher":{"@id":"https:\/\/metisenergy.com\/vi\/#organization"},"potentialAction":[{"@type":"SearchAction","target":{"@type":"EntryPoint","urlTemplate":"https:\/\/metisenergy.com\/vi\/?s={search_term_string}"},"query-input":{"@type":"PropertyValueSpecification","valueRequired":true,"valueName":"search_term_string"}}],"inLanguage":"vi-VN"},{"@type":"Organization","@id":"https:\/\/metisenergy.com\/vi\/#organization","name":"Metis Energy","url":"https:\/\/metisenergy.com\/vi\/","logo":{"@type":"ImageObject","inLanguage":"vi-VN","@id":"https:\/\/metisenergy.com\/vi\/#\/schema\/logo\/image\/","url":"https:\/\/metisenergy.com\/wp-content\/uploads\/Metis-Logo-V.png-1.png","contentUrl":"https:\/\/metisenergy.com\/wp-content\/uploads\/Metis-Logo-V.png-1.png","width":2394,"height":2469,"caption":"Metis Energy"},"image":{"@id":"https:\/\/metisenergy.com\/vi\/#\/schema\/logo\/image\/"}}]}},"_links":{"self":[{"href":"https:\/\/metisenergy.com\/vi\/wp-json\/wp\/v2\/pages\/8126","targetHints":{"allow":["GET"]}}],"collection":[{"href":"https:\/\/metisenergy.com\/vi\/wp-json\/wp\/v2\/pages"}],"about":[{"href":"https:\/\/metisenergy.com\/vi\/wp-json\/wp\/v2\/types\/page"}],"author":[{"embeddable":true,"href":"https:\/\/metisenergy.com\/vi\/wp-json\/wp\/v2\/users\/11"}],"replies":[{"embeddable":true,"href":"https:\/\/metisenergy.com\/vi\/wp-json\/wp\/v2\/comments?post=8126"}],"version-history":[{"count":9,"href":"https:\/\/metisenergy.com\/vi\/wp-json\/wp\/v2\/pages\/8126\/revisions"}],"predecessor-version":[{"id":10069,"href":"https:\/\/metisenergy.com\/vi\/wp-json\/wp\/v2\/pages\/8126\/revisions\/10069"}],"wp:attachment":[{"href":"https:\/\/metisenergy.com\/vi\/wp-json\/wp\/v2\/media?parent=8126"}],"curies":[{"name":"wp","href":"https:\/\/api.w.org\/{rel}","templated":true}]}}