{"id":8160,"date":"2022-05-23T16:36:28","date_gmt":"2022-05-23T08:36:28","guid":{"rendered":"https:\/\/metisenergy.com\/su-ben-vung\/"},"modified":"2022-09-28T13:17:16","modified_gmt":"2022-09-28T05:17:16","slug":"tinh-ben-vung","status":"publish","type":"page","link":"https:\/\/metisenergy.com\/vi\/tinh-ben-vung\/","title":{"rendered":"T\u00ednh b\u1ec1n v\u1eefng"},"content":{"rendered":"\t\t<div data-elementor-type=\"wp-page\" data-elementor-id=\"8160\" class=\"elementor elementor-8160\">\n\t\t\t\t\t\t<section class=\"elementor-section elementor-top-section elementor-element elementor-element-509354c elementor-section-full_width elementor-section-height-default elementor-section-height-default\" data-id=\"509354c\" data-element_type=\"section\" data-e-type=\"section\" data-settings=\"{&quot;background_background&quot;:&quot;classic&quot;}\">\n\t\t\t\t\t\t<div class=\"elementor-container elementor-column-gap-no\">\n\t\t\t\t\t<div class=\"elementor-column elementor-col-50 elementor-top-column elementor-element elementor-element-741b64a\" data-id=\"741b64a\" data-element_type=\"column\" data-e-type=\"column\" data-settings=\"{&quot;background_background&quot;:&quot;classic&quot;}\">\n\t\t\t<div class=\"elementor-widget-wrap elementor-element-populated\">\n\t\t\t\t\t\t<div class=\"elementor-element elementor-element-75d4aaa elementor-widget elementor-widget-spacer\" data-id=\"75d4aaa\" data-element_type=\"widget\" data-e-type=\"widget\" data-widget_type=\"spacer.default\">\n\t\t\t\t<div class=\"elementor-widget-container\">\n\t\t\t\t\t\t\t<div class=\"elementor-spacer\">\n\t\t\t<div class=\"elementor-spacer-inner\"><\/div>\n\t\t<\/div>\n\t\t\t\t\t\t<\/div>\n\t\t\t\t<\/div>\n\t\t\t\t\t<\/div>\n\t\t<\/div>\n\t\t\t\t<div class=\"elementor-column elementor-col-50 elementor-top-column elementor-element elementor-element-2a67785\" data-id=\"2a67785\" data-element_type=\"column\" data-e-type=\"column\">\n\t\t\t<div class=\"elementor-widget-wrap elementor-element-populated\">\n\t\t\t\t\t\t<div class=\"elementor-element elementor-element-87fc65b elementor-widget elementor-widget-heading\" data-id=\"87fc65b\" data-element_type=\"widget\" data-e-type=\"widget\" data-widget_type=\"heading.default\">\n\t\t\t\t<div class=\"elementor-widget-container\">\n\t\t\t\t\t<h2 class=\"elementor-heading-title elementor-size-default\">Cam k\u1ebft c\u1ee7a ch\u00fang t\u00f4i v\u1ec1 T\u00ednh b\u1ec1n v\u1eefng<\/h2>\t\t\t\t<\/div>\n\t\t\t\t<\/div>\n\t\t\t\t<div class=\"elementor-element elementor-element-1c952b6 elementor-widget elementor-widget-text-editor\" data-id=\"1c952b6\" data-element_type=\"widget\" data-e-type=\"widget\" data-widget_type=\"text-editor.default\">\n\t\t\t\t<div class=\"elementor-widget-container\">\n\t\t\t\t\t\t\t\t\t<p>T\u1ea1i N\u0103ng l\u01b0\u1ee3ng Metis, ch\u00fang t\u00f4i cam k\u1ebft \u0111\u1ea3m b\u1ea3o t\u00ednh b\u1ec1n v\u1eefng c\u1ee7a t\u1ea5t c\u1ea3 c\u00e1c d\u1ef1 \u00e1n n\u0103ng l\u01b0\u1ee3ng t\u00e1i t\u1ea1o. Ch\u00fang t\u00f4i tin r\u1eb1ng c\u00e1c th\u1ef1c h\u00e0nh b\u1ec1n v\u1eefng l\u00e0 kh\u00f4ng th\u1ec3 thi\u1ebfu trong t\u1ea5t c\u1ea3 c\u00e1c quy tr\u00ecnh c\u1ee7a ch\u00fang t\u00f4i v\u00e0 l\u00e0 y\u1ebfu t\u1ed1 quan tr\u1ecdng trong vi\u1ec7c t\u1ea1o ra t\u0103ng tr\u01b0\u1edfng b\u1ec1n v\u1eefng l\u00e2u d\u00e0i cho nh\u00f3m, c\u00e1c b\u00ean li\u00ean quan v\u00e0 quan tr\u1ecdng nh\u1ea5t l\u00e0 c\u00e1c th\u1ebf h\u1ec7 t\u01b0\u01a1ng lai c\u1ee7a ch\u00fang t\u00f4i.<\/p>\t\t\t\t\t\t\t\t<\/div>\n\t\t\t\t<\/div>\n\t\t\t\t\t<\/div>\n\t\t<\/div>\n\t\t\t\t\t<\/div>\n\t\t<\/section>\n\t\t\t\t<section class=\"elementor-section elementor-top-section elementor-element elementor-element-ef9603b elementor-section-full_width elementor-section-height-default elementor-section-height-default\" data-id=\"ef9603b\" data-element_type=\"section\" data-e-type=\"section\" data-settings=\"{&quot;background_background&quot;:&quot;classic&quot;}\">\n\t\t\t\t\t\t<div class=\"elementor-container elementor-column-gap-no\">\n\t\t\t\t\t<div class=\"elementor-column elementor-col-50 elementor-top-column elementor-element elementor-element-ce01505\" data-id=\"ce01505\" data-element_type=\"column\" data-e-type=\"column\">\n\t\t\t<div class=\"elementor-widget-wrap elementor-element-populated\">\n\t\t\t\t\t\t<div class=\"elementor-element elementor-element-49da20d elementor-widget elementor-widget-heading\" data-id=\"49da20d\" data-element_type=\"widget\" data-e-type=\"widget\" data-widget_type=\"heading.default\">\n\t\t\t\t<div class=\"elementor-widget-container\">\n\t\t\t\t\t<h2 class=\"elementor-heading-title elementor-size-default\">Cam k\u1ebft c\u1ee7a ch\u00fang t\u00f4i v\u1edbi C\u1ed9ng \u0111\u1ed3ng<\/h2>\t\t\t\t<\/div>\n\t\t\t\t<\/div>\n\t\t\t\t<div class=\"elementor-element elementor-element-797649f elementor-widget elementor-widget-text-editor\" data-id=\"797649f\" data-element_type=\"widget\" data-e-type=\"widget\" data-widget_type=\"text-editor.default\">\n\t\t\t\t<div class=\"elementor-widget-container\">\n\t\t\t\t\t\t\t\t\t<p>T\u1ea1i N\u0103ng l\u01b0\u1ee3ng Metis, ch\u00fang t\u00f4i t\u00f4n tr\u1ecdng c\u00e1c n\u1ec1n v\u0103n h\u00f3a v\u00e0 t\u1eadp qu\u00e1n \u0111a d\u1ea1ng c\u1ee7a c\u00e1c c\u1ed9ng \u0111\u1ed3ng \u0111\u1ecba ph\u01b0\u01a1ng. V\u00e0 ch\u00fang t\u00f4i tin r\u1eb1ng nhi\u1ec7m v\u1ee5 c\u1ee7a ch\u00fang t\u00f4i l\u00e0 ph\u1ea3i tr\u1ea3 l\u1ea1i cho c\u1ed9ng \u0111\u1ed3ng. Ch\u00fang t\u00f4i t\u01b0\u01a1ng t\u00e1c tr\u1ef1c ti\u1ebfp v\u1edbi c\u00e1c nh\u00e0 l\u00e3nh \u0111\u1ea1o c\u1ed9ng \u0111\u1ed3ng \u0111\u1ec3 t\u00e0i tr\u1ee3 v\u00e0 ph\u00e1t tri\u1ec3n c\u00e1c d\u1ef1 \u00e1n c\u1ed9ng \u0111\u1ed3ng c\u00f3 t\u00e1c \u0111\u1ed9ng l\u00e2u d\u00e0i. T\u1ea5t c\u1ea3 \u0111\u01a1n gi\u1ea3n v\u00ec ch\u00fang t\u00f4i bi\u1ebft r\u1eb1ng ta \u0111ang \u0111o\u00e0n k\u1ebft c\u00f9ng nhau v\u00ec m\u1ed9t t\u01b0\u01a1ng lai t\u01b0\u01a1i s\u00e1ng h\u01a1n.<\/p>\t\t\t\t\t\t\t\t<\/div>\n\t\t\t\t<\/div>\n\t\t\t\t\t<\/div>\n\t\t<\/div>\n\t\t\t\t<div class=\"elementor-column elementor-col-50 elementor-top-column elementor-element elementor-element-08a6787\" data-id=\"08a6787\" data-element_type=\"column\" data-e-type=\"column\" data-settings=\"{&quot;background_background&quot;:&quot;classic&quot;}\">\n\t\t\t<div class=\"elementor-widget-wrap elementor-element-populated\">\n\t\t\t\t\t\t<div class=\"elementor-element elementor-element-61d06c2 elementor-widget elementor-widget-spacer\" data-id=\"61d06c2\" data-element_type=\"widget\" data-e-type=\"widget\" data-widget_type=\"spacer.default\">\n\t\t\t\t<div class=\"elementor-widget-container\">\n\t\t\t\t\t\t\t<div class=\"elementor-spacer\">\n\t\t\t<div class=\"elementor-spacer-inner\"><\/div>\n\t\t<\/div>\n\t\t\t\t\t\t<\/div>\n\t\t\t\t<\/div>\n\t\t\t\t\t<\/div>\n\t\t<\/div>\n\t\t\t\t\t<\/div>\n\t\t<\/section>\n\t\t\t\t<section class=\"elementor-section elementor-top-section elementor-element elementor-element-96b6d67 elementor-section-boxed elementor-section-height-default elementor-section-height-default\" data-id=\"96b6d67\" data-element_type=\"section\" data-e-type=\"section\">\n\t\t\t\t\t\t<div class=\"elementor-container elementor-column-gap-default\">\n\t\t\t\t\t<div class=\"elementor-column elementor-col-100 elementor-top-column elementor-element elementor-element-829bff3\" data-id=\"829bff3\" data-element_type=\"column\" data-e-type=\"column\">\n\t\t\t<div class=\"elementor-widget-wrap\">\n\t\t\t\t\t\t\t<\/div>\n\t\t<\/div>\n\t\t\t\t\t<\/div>\n\t\t<\/section>\n\t\t\t\t<\/div>\n\t\t","protected":false},"excerpt":{"rendered":"<p>Cam k\u1ebft c\u1ee7a ch\u00fang t\u00f4i v\u1ec1 T\u00ednh b\u1ec1n v\u1eefng T\u1ea1i N\u0103ng l\u01b0\u1ee3ng Metis, ch\u00fang t\u00f4i cam k\u1ebft \u0111\u1ea3m b\u1ea3o t\u00ednh b\u1ec1n v\u1eefng c\u1ee7a t\u1ea5t c\u1ea3 c\u00e1c d\u1ef1 \u00e1n n\u0103ng l\u01b0\u1ee3ng t\u00e1i t\u1ea1o. Ch\u00fang t\u00f4i tin r\u1eb1ng c\u00e1c th\u1ef1c h\u00e0nh b\u1ec1n v\u1eefng l\u00e0 kh\u00f4ng th\u1ec3 thi\u1ebfu trong t\u1ea5t c\u1ea3 c\u00e1c quy tr\u00ecnh c\u1ee7a ch\u00fang t\u00f4i v\u00e0&hellip;<\/p>\n","protected":false},"author":11,"featured_media":7771,"parent":0,"menu_order":0,"comment_status":"closed","ping_status":"closed","template":"elementor_header_footer","meta":{"footnotes":""},"class_list":["post-8160","page","type-page","status-publish","has-post-thumbnail","hentry"],"yoast_head":"<!-- This site is optimized with the Yoast SEO plugin v27.2 - https:\/\/yoast.com\/product\/yoast-seo-wordpress\/ -->\n<title>T\u00ednh b\u1ec1n v\u1eefng - Metis Energy<\/title>\n<meta name=\"robots\" content=\"index, follow, max-snippet:-1, max-image-preview:large, max-video-preview:-1\" \/>\n<link rel=\"canonical\" href=\"https:\/\/metisenergy.com\/vi\/tinh-ben-vung\/\" \/>\n<meta property=\"og:locale\" content=\"vi_VN\" \/>\n<meta property=\"og:type\" content=\"article\" \/>\n<meta property=\"og:title\" content=\"T\u00ednh b\u1ec1n v\u1eefng - Metis Energy\" \/>\n<meta property=\"og:description\" content=\"Cam k\u1ebft c\u1ee7a ch\u00fang t\u00f4i v\u1ec1 T\u00ednh b\u1ec1n v\u1eefng T\u1ea1i N\u0103ng l\u01b0\u1ee3ng Metis, ch\u00fang t\u00f4i cam k\u1ebft \u0111\u1ea3m b\u1ea3o t\u00ednh b\u1ec1n v\u1eefng c\u1ee7a t\u1ea5t c\u1ea3 c\u00e1c d\u1ef1 \u00e1n n\u0103ng l\u01b0\u1ee3ng t\u00e1i t\u1ea1o. Ch\u00fang t\u00f4i tin r\u1eb1ng c\u00e1c th\u1ef1c h\u00e0nh b\u1ec1n v\u1eefng l\u00e0 kh\u00f4ng th\u1ec3 thi\u1ebfu trong t\u1ea5t c\u1ea3 c\u00e1c quy tr\u00ecnh c\u1ee7a ch\u00fang t\u00f4i v\u00e0&hellip;\" \/>\n<meta property=\"og:url\" content=\"https:\/\/metisenergy.com\/vi\/tinh-ben-vung\/\" \/>\n<meta property=\"og:site_name\" content=\"Metis Energy\" \/>\n<meta property=\"article:modified_time\" content=\"2022-09-28T05:17:16+00:00\" \/>\n<meta property=\"og:image\" content=\"https:\/\/metisenergy.com\/wp-content\/uploads\/metis-energy-suistanability-1.jpg\" \/>\n\t<meta property=\"og:image:width\" content=\"1920\" \/>\n\t<meta property=\"og:image:height\" content=\"369\" \/>\n\t<meta property=\"og:image:type\" content=\"image\/jpeg\" \/>\n<meta name=\"twitter:card\" content=\"summary_large_image\" \/>\n<meta name=\"twitter:label1\" content=\"Est. reading time\" \/>\n\t<meta name=\"twitter:data1\" content=\"2 minutes\" \/>\n<script type=\"application\/ld+json\" class=\"yoast-schema-graph\">{\"@context\":\"https:\/\/schema.org\",\"@graph\":[{\"@type\":\"WebPage\",\"@id\":\"https:\/\/metisenergy.com\/vi\/tinh-ben-vung\/\",\"url\":\"https:\/\/metisenergy.com\/vi\/tinh-ben-vung\/\",\"name\":\"T\u00ednh b\u1ec1n v\u1eefng - Metis Energy\",\"isPartOf\":{\"@id\":\"https:\/\/metisenergy.com\/vi\/#website\"},\"primaryImageOfPage\":{\"@id\":\"https:\/\/metisenergy.com\/vi\/tinh-ben-vung\/#primaryimage\"},\"image\":{\"@id\":\"https:\/\/metisenergy.com\/vi\/tinh-ben-vung\/#primaryimage\"},\"thumbnailUrl\":\"https:\/\/metisenergy.com\/wp-content\/uploads\/metis-energy-suistanability-1.jpg\",\"datePublished\":\"2022-05-23T08:36:28+00:00\",\"dateModified\":\"2022-09-28T05:17:16+00:00\",\"breadcrumb\":{\"@id\":\"https:\/\/metisenergy.com\/vi\/tinh-ben-vung\/#breadcrumb\"},\"inLanguage\":\"vi-VN\",\"potentialAction\":[{\"@type\":\"ReadAction\",\"target\":[\"https:\/\/metisenergy.com\/vi\/tinh-ben-vung\/\"]}]},{\"@type\":\"ImageObject\",\"inLanguage\":\"vi-VN\",\"@id\":\"https:\/\/metisenergy.com\/vi\/tinh-ben-vung\/#primaryimage\",\"url\":\"https:\/\/metisenergy.com\/wp-content\/uploads\/metis-energy-suistanability-1.jpg\",\"contentUrl\":\"https:\/\/metisenergy.com\/wp-content\/uploads\/metis-energy-suistanability-1.jpg\",\"width\":1920,\"height\":369},{\"@type\":\"BreadcrumbList\",\"@id\":\"https:\/\/metisenergy.com\/vi\/tinh-ben-vung\/#breadcrumb\",\"itemListElement\":[{\"@type\":\"ListItem\",\"position\":1,\"name\":\"Home\",\"item\":\"https:\/\/metisenergy.com\/vi\/\"},{\"@type\":\"ListItem\",\"position\":2,\"name\":\"T\u00ednh b\u1ec1n v\u1eefng\"}]},{\"@type\":\"WebSite\",\"@id\":\"https:\/\/metisenergy.com\/vi\/#website\",\"url\":\"https:\/\/metisenergy.com\/vi\/\",\"name\":\"Metis Energy\",\"description\":\"Together for a Brighter Future\u2122\",\"publisher\":{\"@id\":\"https:\/\/metisenergy.com\/vi\/#organization\"},\"potentialAction\":[{\"@type\":\"SearchAction\",\"target\":{\"@type\":\"EntryPoint\",\"urlTemplate\":\"https:\/\/metisenergy.com\/vi\/?s={search_term_string}\"},\"query-input\":{\"@type\":\"PropertyValueSpecification\",\"valueRequired\":true,\"valueName\":\"search_term_string\"}}],\"inLanguage\":\"vi-VN\"},{\"@type\":\"Organization\",\"@id\":\"https:\/\/metisenergy.com\/vi\/#organization\",\"name\":\"Metis Energy\",\"url\":\"https:\/\/metisenergy.com\/vi\/\",\"logo\":{\"@type\":\"ImageObject\",\"inLanguage\":\"vi-VN\",\"@id\":\"https:\/\/metisenergy.com\/vi\/#\/schema\/logo\/image\/\",\"url\":\"https:\/\/metisenergy.com\/wp-content\/uploads\/Metis-Logo-V.png-1.png\",\"contentUrl\":\"https:\/\/metisenergy.com\/wp-content\/uploads\/Metis-Logo-V.png-1.png\",\"width\":2394,\"height\":2469,\"caption\":\"Metis Energy\"},\"image\":{\"@id\":\"https:\/\/metisenergy.com\/vi\/#\/schema\/logo\/image\/\"}}]}<\/script>\n<!-- \/ Yoast SEO plugin. -->","yoast_head_json":{"title":"T\u00ednh b\u1ec1n v\u1eefng - Metis Energy","robots":{"index":"index","follow":"follow","max-snippet":"max-snippet:-1","max-image-preview":"max-image-preview:large","max-video-preview":"max-video-preview:-1"},"canonical":"https:\/\/metisenergy.com\/vi\/tinh-ben-vung\/","og_locale":"vi_VN","og_type":"article","og_title":"T\u00ednh b\u1ec1n v\u1eefng - Metis Energy","og_description":"Cam k\u1ebft c\u1ee7a ch\u00fang t\u00f4i v\u1ec1 T\u00ednh b\u1ec1n v\u1eefng T\u1ea1i N\u0103ng l\u01b0\u1ee3ng Metis, ch\u00fang t\u00f4i cam k\u1ebft \u0111\u1ea3m b\u1ea3o t\u00ednh b\u1ec1n v\u1eefng c\u1ee7a t\u1ea5t c\u1ea3 c\u00e1c d\u1ef1 \u00e1n n\u0103ng l\u01b0\u1ee3ng t\u00e1i t\u1ea1o. Ch\u00fang t\u00f4i tin r\u1eb1ng c\u00e1c th\u1ef1c h\u00e0nh b\u1ec1n v\u1eefng l\u00e0 kh\u00f4ng th\u1ec3 thi\u1ebfu trong t\u1ea5t c\u1ea3 c\u00e1c quy tr\u00ecnh c\u1ee7a ch\u00fang t\u00f4i v\u00e0&hellip;","og_url":"https:\/\/metisenergy.com\/vi\/tinh-ben-vung\/","og_site_name":"Metis Energy","article_modified_time":"2022-09-28T05:17:16+00:00","og_image":[{"width":1920,"height":369,"url":"https:\/\/metisenergy.com\/wp-content\/uploads\/metis-energy-suistanability-1.jpg","type":"image\/jpeg"}],"twitter_card":"summary_large_image","twitter_misc":{"Est. reading time":"2 minutes"},"schema":{"@context":"https:\/\/schema.org","@graph":[{"@type":"WebPage","@id":"https:\/\/metisenergy.com\/vi\/tinh-ben-vung\/","url":"https:\/\/metisenergy.com\/vi\/tinh-ben-vung\/","name":"T\u00ednh b\u1ec1n v\u1eefng - Metis Energy","isPartOf":{"@id":"https:\/\/metisenergy.com\/vi\/#website"},"primaryImageOfPage":{"@id":"https:\/\/metisenergy.com\/vi\/tinh-ben-vung\/#primaryimage"},"image":{"@id":"https:\/\/metisenergy.com\/vi\/tinh-ben-vung\/#primaryimage"},"thumbnailUrl":"https:\/\/metisenergy.com\/wp-content\/uploads\/metis-energy-suistanability-1.jpg","datePublished":"2022-05-23T08:36:28+00:00","dateModified":"2022-09-28T05:17:16+00:00","breadcrumb":{"@id":"https:\/\/metisenergy.com\/vi\/tinh-ben-vung\/#breadcrumb"},"inLanguage":"vi-VN","potentialAction":[{"@type":"ReadAction","target":["https:\/\/metisenergy.com\/vi\/tinh-ben-vung\/"]}]},{"@type":"ImageObject","inLanguage":"vi-VN","@id":"https:\/\/metisenergy.com\/vi\/tinh-ben-vung\/#primaryimage","url":"https:\/\/metisenergy.com\/wp-content\/uploads\/metis-energy-suistanability-1.jpg","contentUrl":"https:\/\/metisenergy.com\/wp-content\/uploads\/metis-energy-suistanability-1.jpg","width":1920,"height":369},{"@type":"BreadcrumbList","@id":"https:\/\/metisenergy.com\/vi\/tinh-ben-vung\/#breadcrumb","itemListElement":[{"@type":"ListItem","position":1,"name":"Home","item":"https:\/\/metisenergy.com\/vi\/"},{"@type":"ListItem","position":2,"name":"T\u00ednh b\u1ec1n v\u1eefng"}]},{"@type":"WebSite","@id":"https:\/\/metisenergy.com\/vi\/#website","url":"https:\/\/metisenergy.com\/vi\/","name":"Metis Energy","description":"Together for a Brighter Future\u2122","publisher":{"@id":"https:\/\/metisenergy.com\/vi\/#organization"},"potentialAction":[{"@type":"SearchAction","target":{"@type":"EntryPoint","urlTemplate":"https:\/\/metisenergy.com\/vi\/?s={search_term_string}"},"query-input":{"@type":"PropertyValueSpecification","valueRequired":true,"valueName":"search_term_string"}}],"inLanguage":"vi-VN"},{"@type":"Organization","@id":"https:\/\/metisenergy.com\/vi\/#organization","name":"Metis Energy","url":"https:\/\/metisenergy.com\/vi\/","logo":{"@type":"ImageObject","inLanguage":"vi-VN","@id":"https:\/\/metisenergy.com\/vi\/#\/schema\/logo\/image\/","url":"https:\/\/metisenergy.com\/wp-content\/uploads\/Metis-Logo-V.png-1.png","contentUrl":"https:\/\/metisenergy.com\/wp-content\/uploads\/Metis-Logo-V.png-1.png","width":2394,"height":2469,"caption":"Metis Energy"},"image":{"@id":"https:\/\/metisenergy.com\/vi\/#\/schema\/logo\/image\/"}}]}},"_links":{"self":[{"href":"https:\/\/metisenergy.com\/vi\/wp-json\/wp\/v2\/pages\/8160","targetHints":{"allow":["GET"]}}],"collection":[{"href":"https:\/\/metisenergy.com\/vi\/wp-json\/wp\/v2\/pages"}],"about":[{"href":"https:\/\/metisenergy.com\/vi\/wp-json\/wp\/v2\/types\/page"}],"author":[{"embeddable":true,"href":"https:\/\/metisenergy.com\/vi\/wp-json\/wp\/v2\/users\/11"}],"replies":[{"embeddable":true,"href":"https:\/\/metisenergy.com\/vi\/wp-json\/wp\/v2\/comments?post=8160"}],"version-history":[{"count":13,"href":"https:\/\/metisenergy.com\/vi\/wp-json\/wp\/v2\/pages\/8160\/revisions"}],"predecessor-version":[{"id":9320,"href":"https:\/\/metisenergy.com\/vi\/wp-json\/wp\/v2\/pages\/8160\/revisions\/9320"}],"wp:featuredmedia":[{"embeddable":true,"href":"https:\/\/metisenergy.com\/vi\/wp-json\/wp\/v2\/media\/7771"}],"wp:attachment":[{"href":"https:\/\/metisenergy.com\/vi\/wp-json\/wp\/v2\/media?parent=8160"}],"curies":[{"name":"wp","href":"https:\/\/api.w.org\/{rel}","templated":true}]}}