{"id":8161,"date":"2022-05-25T00:29:42","date_gmt":"2022-05-24T16:29:42","guid":{"rendered":"https:\/\/metisenergy.com\/chinh-sach-bao-mat\/"},"modified":"2022-09-29T16:43:28","modified_gmt":"2022-09-29T08:43:28","slug":"chinh-sach-bao-mat","status":"publish","type":"page","link":"https:\/\/metisenergy.com\/vi\/chinh-sach-bao-mat\/","title":{"rendered":"Ch\u00ednh s\u00e1ch b\u1ea3o m\u1eadt"},"content":{"rendered":"\t\t<div data-elementor-type=\"wp-page\" data-elementor-id=\"8161\" class=\"elementor elementor-8161\">\n\t\t\t\t\t\t<section class=\"elementor-section elementor-top-section elementor-element elementor-element-8a823f6 elementor-section-boxed elementor-section-height-default elementor-section-height-default\" data-id=\"8a823f6\" data-element_type=\"section\" data-e-type=\"section\">\n\t\t\t\t\t\t<div class=\"elementor-container elementor-column-gap-default\">\n\t\t\t\t\t<div class=\"elementor-column elementor-col-100 elementor-top-column elementor-element elementor-element-5ed4cdf\" data-id=\"5ed4cdf\" data-element_type=\"column\" data-e-type=\"column\">\n\t\t\t<div class=\"elementor-widget-wrap elementor-element-populated\">\n\t\t\t\t\t\t<div class=\"elementor-element elementor-element-f21cd33 elementor-widget elementor-widget-heading\" data-id=\"f21cd33\" data-element_type=\"widget\" data-e-type=\"widget\" data-widget_type=\"heading.default\">\n\t\t\t\t<div class=\"elementor-widget-container\">\n\t\t\t\t\t<h2 class=\"elementor-heading-title elementor-size-default\"><span style=\"font-size: 38.4px\">Ch\u00ednh s\u00e1ch B\u1ea3o m\u1eadt<\/span><\/h2>\t\t\t\t<\/div>\n\t\t\t\t<\/div>\n\t\t\t\t\t<\/div>\n\t\t<\/div>\n\t\t\t\t\t<\/div>\n\t\t<\/section>\n\t\t\t\t<section class=\"elementor-section elementor-top-section elementor-element elementor-element-40f1289 elementor-section-boxed elementor-section-height-default elementor-section-height-default\" data-id=\"40f1289\" data-element_type=\"section\" data-e-type=\"section\">\n\t\t\t\t\t\t<div class=\"elementor-container elementor-column-gap-default\">\n\t\t\t\t\t<div class=\"elementor-column elementor-col-100 elementor-top-column elementor-element elementor-element-62f5aa5\" data-id=\"62f5aa5\" data-element_type=\"column\" data-e-type=\"column\">\n\t\t\t<div class=\"elementor-widget-wrap elementor-element-populated\">\n\t\t\t\t\t\t<div class=\"elementor-element elementor-element-d8b91f2 elementor-widget elementor-widget-text-editor\" data-id=\"d8b91f2\" data-element_type=\"widget\" data-e-type=\"widget\" data-widget_type=\"text-editor.default\">\n\t\t\t\t<div class=\"elementor-widget-container\">\n\t\t\t\t\t\t\t\t\t<p>Ch\u00ednh s\u00e1ch b\u1ea3o m\u1eadt n\u00e0y quy \u0111\u1ecbnh c\u00e1ch N\u0103ng L\u01b0\u1ee3ng Metis s\u1eed d\u1ee5ng v\u00e0 b\u1ea3o v\u1ec7 b\u1ea5t k\u1ef3 th\u00f4ng tin n\u00e0o m\u00e0 b\u1ea1n cung c\u1ea5p cho N\u0103ng L\u01b0\u1ee3ng Metis khi b\u1ea1n s\u1eed d\u1ee5ng trang web n\u00e0y.<\/p><p>N\u0103ng L\u01b0\u1ee3ng Metis cam k\u1ebft \u0111\u1ea3m b\u1ea3o r\u1eb1ng s\u1ef1 ri\u00eang t\u01b0 c\u1ee7a b\u1ea1n \u0111\u01b0\u1ee3c b\u1ea3o v\u1ec7. N\u1ebfu ch\u00fang t\u00f4i y\u00eau c\u1ea7u b\u1ea1n cung c\u1ea5p m\u1ed9t s\u1ed1 th\u00f4ng tin nh\u1ea5t \u0111\u1ecbnh m\u00e0 b\u1ea1n c\u00f3 th\u1ec3 \u0111\u01b0\u1ee3c x\u00e1c \u0111\u1ecbnh khi s\u1eed d\u1ee5ng trang web n\u00e0y, b\u1ea1n c\u00f3 th\u1ec3 y\u00ean t\u00e2m r\u1eb1ng th\u00f4ng tin \u0111\u00f3 s\u1ebd ch\u1ec9 \u0111\u01b0\u1ee3c s\u1eed d\u1ee5ng theo tuy\u00ean b\u1ed1 v\u1ec1 quy\u1ec1n ri\u00eang t\u01b0 n\u00e0y.<\/p><p>\u0110\u1ec3 b\u1ea3o v\u1ec7 d\u1eef li\u1ec7u c\u00e1 nh\u00e2n c\u1ee7a b\u1ea1n, t\u1ea5t c\u1ea3 vi\u1ec7c l\u01b0u tr\u1eef \u0111i\u1ec7n t\u1eed v\u00e0 truy\u1ec1n d\u1eef li\u1ec7u c\u00e1 nh\u00e2n \u0111\u1ec1u \u0111\u01b0\u1ee3c b\u1ea3o m\u1eadt b\u1eb1ng c\u00e1c c\u00f4ng ngh\u1ec7 b\u1ea3o m\u1eadt th\u00edch h\u1ee3p.<\/p><p>N\u1ebfu b\u1ea1n ch\u1ec9 duy\u1ec7t trang web n\u00e0y, ch\u00fang t\u00f4i kh\u00f4ng thu th\u1eadp d\u1eef li\u1ec7u cho ph\u00e9p ch\u00fang t\u00f4i nh\u1eadn d\u1ea1ng c\u00e1 nh\u00e2n b\u1ea1n.<\/p>\t\t\t\t\t\t\t\t<\/div>\n\t\t\t\t<\/div>\n\t\t\t\t<div class=\"elementor-element elementor-element-4f0c43c elementor-widget elementor-widget-heading\" data-id=\"4f0c43c\" data-element_type=\"widget\" data-e-type=\"widget\" data-widget_type=\"heading.default\">\n\t\t\t\t<div class=\"elementor-widget-container\">\n\t\t\t\t\t<h2 class=\"elementor-heading-title elementor-size-medium\">Nh\u1eefng g\u00ec ch\u00fang t\u00f4i thu th\u1eadp<\/h2>\t\t\t\t<\/div>\n\t\t\t\t<\/div>\n\t\t\t\t<div class=\"elementor-element elementor-element-50ea9f8 elementor-widget elementor-widget-text-editor\" data-id=\"50ea9f8\" data-element_type=\"widget\" data-e-type=\"widget\" data-widget_type=\"text-editor.default\">\n\t\t\t\t<div class=\"elementor-widget-container\">\n\t\t\t\t\t\t\t\t\t<p>Ch\u00fang t\u00f4i c\u00f3 th\u1ec3 thu th\u1eadp c\u00e1c th\u00f4ng tin sau:<\/p><ul><li>T\u00ean<\/li><li>Th\u00f4ng tin li\u00ean h\u1ec7 bao g\u1ed3m \u0111\u1ecba ch\u1ec9 email<\/li><li>Th\u00f4ng tin kh\u00e1c c\u00f3 li\u00ean quan \u0111\u1ebfn kh\u1ea3o s\u00e1t kh\u00e1ch h\u00e0ng v\u00e0 \/ ho\u1eb7c \u01b0u \u0111\u00e3i<\/li><\/ul>\t\t\t\t\t\t\t\t<\/div>\n\t\t\t\t<\/div>\n\t\t\t\t<div class=\"elementor-element elementor-element-2cd95db elementor-widget elementor-widget-heading\" data-id=\"2cd95db\" data-element_type=\"widget\" data-e-type=\"widget\" data-widget_type=\"heading.default\">\n\t\t\t\t<div class=\"elementor-widget-container\">\n\t\t\t\t\t<h2 class=\"elementor-heading-title elementor-size-medium\">Ch\u00fang t\u00f4i l\u00e0m g\u00ec v\u1edbi nh\u1eefng th\u00f4ng tin ch\u00fang t\u00f4i thu th\u1eadp<\/h2>\t\t\t\t<\/div>\n\t\t\t\t<\/div>\n\t\t\t\t<div class=\"elementor-element elementor-element-2efe7de elementor-widget elementor-widget-text-editor\" data-id=\"2efe7de\" data-element_type=\"widget\" data-e-type=\"widget\" data-widget_type=\"text-editor.default\">\n\t\t\t\t<div class=\"elementor-widget-container\">\n\t\t\t\t\t\t\t\t\t<p>Ch\u00fang t\u00f4i y\u00eau c\u1ea7u th\u00f4ng tin n\u00e0y \u0111\u1ec3 hi\u1ec3u nhu c\u1ea7u c\u1ee7a b\u1ea1n v\u00e0 cung c\u1ea5p cho b\u1ea1n d\u1ecbch v\u1ee5 t\u1ed1t h\u01a1n, v\u00e0 \u0111\u1eb7c bi\u1ec7t v\u00ec nh\u1eefng l\u00fd do sau:<\/p><ul><li>L\u01b0u tr\u1eef h\u1ed3 s\u01a1 n\u1ed9i b\u1ed9.<\/li><li>Ch\u00fang t\u00f4i c\u00f3 th\u1ec3 s\u1eed d\u1ee5ng th\u00f4ng tin \u0111\u1ec3 c\u1ea3i thi\u1ec7n c\u00e1c s\u1ea3n ph\u1ea9m v\u00e0 d\u1ecbch v\u1ee5 c\u1ee7a m\u00ecnh.<\/li><li>Ch\u00fang t\u00f4i c\u00f3 th\u1ec3 \u0111\u1ecbnh k\u1ef3 g\u1eedi email qu\u1ea3ng c\u00e1o v\u1ec1 c\u00e1c s\u1ea3n ph\u1ea9m m\u1edbi, \u01b0u \u0111\u00e3i \u0111\u1eb7c bi\u1ec7t ho\u1eb7c th\u00f4ng tin kh\u00e1c m\u00e0 ch\u00fang t\u00f4i ngh\u0129 r\u1eb1ng b\u1ea1n c\u00f3 th\u1ec3 th\u1ea5y th\u00fa v\u1ecb b\u1eb1ng c\u00e1ch s\u1eed d\u1ee5ng \u0111\u1ecba ch\u1ec9 email m\u00e0 b\u1ea1n \u0111\u00e3 cung c\u1ea5p.<\/li><\/ul>\t\t\t\t\t\t\t\t<\/div>\n\t\t\t\t<\/div>\n\t\t\t\t<div class=\"elementor-element elementor-element-b9ddebe elementor-widget elementor-widget-heading\" data-id=\"b9ddebe\" data-element_type=\"widget\" data-e-type=\"widget\" data-widget_type=\"heading.default\">\n\t\t\t\t<div class=\"elementor-widget-container\">\n\t\t\t\t\t<h2 class=\"elementor-heading-title elementor-size-medium\">B\u1ea3o v\u1ec7<\/h2>\t\t\t\t<\/div>\n\t\t\t\t<\/div>\n\t\t\t\t<div class=\"elementor-element elementor-element-02e00da elementor-widget elementor-widget-text-editor\" data-id=\"02e00da\" data-element_type=\"widget\" data-e-type=\"widget\" data-widget_type=\"text-editor.default\">\n\t\t\t\t<div class=\"elementor-widget-container\">\n\t\t\t\t\t\t\t\t\t<p>Ch\u00fang t\u00f4i cam k\u1ebft \u0111\u1ea3m b\u1ea3o r\u1eb1ng th\u00f4ng tin c\u1ee7a b\u1ea1n \u0111\u01b0\u1ee3c b\u1ea3o m\u1eadt. \u0110\u1ec3 ng\u0103n ch\u1eb7n truy c\u1eadp tr\u00e1i ph\u00e9p ho\u1eb7c ti\u1ebft l\u1ed9, ch\u00fang t\u00f4i \u0111\u00e3 \u00e1p d\u1ee5ng c\u00e1c quy tr\u00ecnh v\u1eadt l\u00fd, \u0111i\u1ec7n t\u1eed v\u00e0 qu\u1ea3n l\u00fd ph\u00f9 h\u1ee3p \u0111\u1ec3 b\u1ea3o v\u1ec7 v\u00e0 b\u1ea3o m\u1eadt th\u00f4ng tin m\u00e0 ch\u00fang t\u00f4i thu th\u1eadp tr\u1ef1c tuy\u1ebfn.<\/p>\t\t\t\t\t\t\t\t<\/div>\n\t\t\t\t<\/div>\n\t\t\t\t<div class=\"elementor-element elementor-element-a7fa849 elementor-widget elementor-widget-heading\" data-id=\"a7fa849\" data-element_type=\"widget\" data-e-type=\"widget\" data-widget_type=\"heading.default\">\n\t\t\t\t<div class=\"elementor-widget-container\">\n\t\t\t\t\t<h2 class=\"elementor-heading-title elementor-size-medium\">C\u00e1ch ch\u00fang t\u00f4i s\u1eed d\u1ee5ng Cookie<\/h2>\t\t\t\t<\/div>\n\t\t\t\t<\/div>\n\t\t\t\t<div class=\"elementor-element elementor-element-53f59b2 elementor-widget elementor-widget-text-editor\" data-id=\"53f59b2\" data-element_type=\"widget\" data-e-type=\"widget\" data-widget_type=\"text-editor.default\">\n\t\t\t\t<div class=\"elementor-widget-container\">\n\t\t\t\t\t\t\t\t\t<p>Cookie l\u00e0 m\u1ed9t t\u1ec7p nh\u1ecf y\u00eau c\u1ea7u quy\u1ec1n \u0111\u01b0\u1ee3c \u0111\u1eb7t tr\u00ean \u1ed5 c\u1ee9ng m\u00e1y t\u00ednh c\u1ee7a b\u1ea1n. Khi b\u1ea1n \u0111\u1ed3ng \u00fd, t\u1ec7p s\u1ebd \u0111\u01b0\u1ee3c th\u00eam v\u00e0o v\u00e0 cookie gi\u00fap ph\u00e2n t\u00edch l\u01b0u l\u01b0\u1ee3ng truy c\u1eadp web ho\u1eb7c cho b\u1ea1n bi\u1ebft khi n\u00e0o b\u1ea1n truy c\u1eadp m\u1ed9t trang web c\u1ee5 th\u1ec3.<\/p><p>Cookie cho ph\u00e9p c\u00e1c \u1ee9ng d\u1ee5ng web tr\u1ea3 l\u1eddi b\u1ea1n v\u1edbi t\u01b0 c\u00e1ch c\u00e1 nh\u00e2n. \u1ee8ng d\u1ee5ng web c\u00f3 th\u1ec3 \u0111i\u1ec1u ch\u1ec9nh c\u00e1c ho\u1ea1t \u0111\u1ed9ng c\u1ee7a n\u00f3 theo nhu c\u1ea7u, s\u1edf th\u00edch v\u00e0 kh\u00f4ng th\u00edch c\u1ee7a b\u1ea1n b\u1eb1ng c\u00e1ch thu th\u1eadp v\u00e0 ghi nh\u1edb th\u00f4ng tin v\u1ec1 s\u1edf th\u00edch c\u1ee7a b\u1ea1n.<\/p><p>Ch\u00fang t\u00f4i s\u1eed d\u1ee5ng cookie nh\u1eadt k\u00fd l\u01b0u l\u01b0\u1ee3ng truy c\u1eadp \u0111\u1ec3 x\u00e1c \u0111\u1ecbnh nh\u1eefng trang n\u00e0o \u0111ang \u0111\u01b0\u1ee3c s\u1eed d\u1ee5ng. \u0110i\u1ec1u n\u00e0y gi\u00fap ch\u00fang t\u00f4i ph\u00e2n t\u00edch d\u1eef li\u1ec7u v\u1ec1 l\u01b0u l\u01b0\u1ee3ng truy c\u1eadp trang web v\u00e0 c\u1ea3i thi\u1ec7n trang web c\u1ee7a ch\u00fang t\u00f4i \u0111\u1ec3 \u0111i\u1ec1u ch\u1ec9nh n\u00f3 cho ph\u00f9 h\u1ee3p v\u1edbi nhu c\u1ea7u c\u1ee7a kh\u00e1ch h\u00e0ng. Ch\u00fang t\u00f4i ch\u1ec9 s\u1eed d\u1ee5ng th\u00f4ng tin n\u00e0y cho m\u1ee5c \u0111\u00edch ph\u00e2n t\u00edch th\u1ed1ng k\u00ea v\u00e0 sau \u0111\u00f3 d\u1eef li\u1ec7u s\u1ebd b\u1ecb x\u00f3a kh\u1ecfi h\u1ec7 th\u1ed1ng.<\/p><p>Nh\u00ecn chung, cookie gi\u00fap ch\u00fang t\u00f4i cung c\u1ea5p cho b\u1ea1n m\u1ed9t trang web t\u1ed1t h\u01a1n, b\u1eb1ng c\u00e1ch cho ph\u00e9p ch\u00fang t\u00f4i theo d\u00f5i trang n\u00e0o b\u1ea1n th\u1ea5y h\u1eefu \u00edch v\u00e0 trang n\u00e0o b\u1ea1n kh\u00f4ng th\u1ea5y. Cookie kh\u00f4ng c\u00f3 c\u00e1ch n\u00e0o cung c\u1ea5p cho ch\u00fang t\u00f4i quy\u1ec1n truy c\u1eadp v\u00e0o m\u00e1y t\u00ednh c\u1ee7a b\u1ea1n ho\u1eb7c b\u1ea5t k\u1ef3 th\u00f4ng tin n\u00e0o v\u1ec1 b\u1ea1n, ngo\u00e0i d\u1eef li\u1ec7u b\u1ea1n ch\u1ecdn chia s\u1ebb v\u1edbi ch\u00fang t\u00f4i.<\/p><p>B\u1ea1n c\u00f3 th\u1ec3 ch\u1ecdn \u0111\u1ec3 ch\u1ea5p nh\u1eadn ho\u1eb7c t\u1eeb ch\u1ed1i cookie. H\u1ea7u h\u1ebft c\u00e1c tr\u00ecnh duy\u1ec7t web t\u1ef1 \u0111\u1ed9ng ch\u1ea5p nh\u1eadn cookie, nh\u01b0ng b\u1ea1n th\u01b0\u1eddng c\u00f3 th\u1ec3 s\u1eeda \u0111\u1ed5i c\u00e0i \u0111\u1eb7t tr\u00ecnh duy\u1ec7t c\u1ee7a m\u00ecnh \u0111\u1ec3 t\u1eeb ch\u1ed1i cookie n\u1ebfu b\u1ea1n mu\u1ed1n. \u0110i\u1ec1u n\u00e0y c\u00f3 th\u1ec3 khi\u1ebfn b\u1ea1n kh\u00f4ng t\u1eadn d\u1ee5ng \u0111\u01b0\u1ee3c h\u1ebft trang web.<\/p>\t\t\t\t\t\t\t\t<\/div>\n\t\t\t\t<\/div>\n\t\t\t\t<div class=\"elementor-element elementor-element-4178f4b elementor-widget elementor-widget-heading\" data-id=\"4178f4b\" data-element_type=\"widget\" data-e-type=\"widget\" data-widget_type=\"heading.default\">\n\t\t\t\t<div class=\"elementor-widget-container\">\n\t\t\t\t\t<h2 class=\"elementor-heading-title elementor-size-medium\">Li\u00ean k\u1ebft \u0111\u1ebfn c\u00e1c trang web kh\u00e1c<\/h2>\t\t\t\t<\/div>\n\t\t\t\t<\/div>\n\t\t\t\t<div class=\"elementor-element elementor-element-2917bbd elementor-widget elementor-widget-text-editor\" data-id=\"2917bbd\" data-element_type=\"widget\" data-e-type=\"widget\" data-widget_type=\"text-editor.default\">\n\t\t\t\t<div class=\"elementor-widget-container\">\n\t\t\t\t\t\t\t\t\t<p>Trang web c\u1ee7a ch\u00fang t\u00f4i c\u00f3 th\u1ec3 ch\u1ee9a c\u00e1c li\u00ean k\u1ebft \u0111\u1ebfn c\u00e1c trang web kh\u00e1c m\u00e0 b\u1ea1n quan t\u00e2m. Tuy nhi\u00ean, khi b\u1ea1n \u0111\u00e3 s\u1eed d\u1ee5ng c\u00e1c li\u00ean k\u1ebft n\u00e0y \u0111\u1ec3 r\u1eddi kh\u1ecfi trang web c\u1ee7a ch\u00fang t\u00f4i, b\u1ea1n c\u1ea7n l\u01b0u \u00fd r\u1eb1ng ch\u00fang t\u00f4i kh\u00f4ng c\u00f3 b\u1ea5t k\u1ef3 quy\u1ec1n ki\u1ec3m so\u00e1t n\u00e0o \u0111\u1ed1i v\u1edbi trang web kh\u00e1c \u0111\u00f3. Do \u0111\u00f3, ch\u00fang t\u00f4i kh\u00f4ng th\u1ec3 ch\u1ecbu tr\u00e1ch nhi\u1ec7m v\u1ec1 vi\u1ec7c b\u1ea3o v\u1ec7 v\u00e0 quy\u1ec1n ri\u00eang t\u01b0 c\u1ee7a b\u1ea5t k\u1ef3 th\u00f4ng tin n\u00e0o m\u00e0 b\u1ea1n cung c\u1ea5p trong khi truy c\u1eadp c\u00e1c trang web \u0111\u00f3 v\u00e0 c\u00e1c trang web \u0111\u00f3 kh\u00f4ng b\u1ecb \u0111i\u1ec1u ch\u1ec9nh b\u1edfi tuy\u00ean b\u1ed1 v\u1ec1 quy\u1ec1n ri\u00eang t\u01b0 n\u00e0y. B\u1ea1n n\u00ean th\u1eadn tr\u1ecdng v\u00e0 xem x\u00e9t tuy\u00ean b\u1ed1 v\u1ec1 quy\u1ec1n ri\u00eang t\u01b0 \u00e1p d\u1ee5ng cho trang web \u0111\u01b0\u1ee3c \u0111\u1ec1 c\u1eadp.<\/p>\t\t\t\t\t\t\t\t<\/div>\n\t\t\t\t<\/div>\n\t\t\t\t<div class=\"elementor-element elementor-element-ca5455b elementor-widget elementor-widget-heading\" data-id=\"ca5455b\" data-element_type=\"widget\" data-e-type=\"widget\" data-widget_type=\"heading.default\">\n\t\t\t\t<div class=\"elementor-widget-container\">\n\t\t\t\t\t<h2 class=\"elementor-heading-title elementor-size-medium\">Ki\u1ec3m so\u00e1t th\u00f4ng tin c\u00e1 nh\u00e2n c\u1ee7a b\u1ea1n<\/h2>\t\t\t\t<\/div>\n\t\t\t\t<\/div>\n\t\t\t\t<div class=\"elementor-element elementor-element-4beeb47 elementor-widget elementor-widget-text-editor\" data-id=\"4beeb47\" data-element_type=\"widget\" data-e-type=\"widget\" data-widget_type=\"text-editor.default\">\n\t\t\t\t<div class=\"elementor-widget-container\">\n\t\t\t\t\t\t\t\t\t<p>Ch\u00fang t\u00f4i s\u1ebd kh\u00f4ng b\u00e1n, ph\u00e2n ph\u1ed1i ho\u1eb7c cho thu\u00ea th\u00f4ng tin c\u00e1 nh\u00e2n c\u1ee7a b\u1ea1n cho b\u00ean th\u1ee9 ba tr\u1eeb khi ch\u00fang t\u00f4i c\u00f3 s\u1ef1 cho ph\u00e9p c\u1ee7a b\u1ea1n ho\u1eb7c \u0111\u01b0\u1ee3c ph\u00e1p lu\u1eadt y\u00eau c\u1ea7u l\u00e0m nh\u01b0 v\u1eady.<\/p><p>N\u1ebfu tr\u01b0\u1edbc \u0111\u00e2y b\u1ea1n \u0111\u00e3 \u0111\u1ed3ng \u00fd cho ch\u00fang t\u00f4i s\u1eed d\u1ee5ng th\u00f4ng tin c\u00e1 nh\u00e2n c\u1ee7a b\u1ea1n cho m\u1ee5c \u0111\u00edch ti\u1ebfp th\u1ecb tr\u1ef1c ti\u1ebfp, b\u1ea1n c\u00f3 th\u1ec3 thay \u0111\u1ed5i quy\u1ebft \u0111\u1ecbnh b\u1ea5t c\u1ee9 l\u00fac n\u00e0o b\u1eb1ng c\u00e1ch g\u1eedi th\u01b0 ho\u1eb7c g\u1eedi email cho ch\u00fang t\u00f4i t\u1ea1i <a href=\"mailto:info@metisenergy.com\">info@metisenergy.com<\/a> .<\/p><p>N\u1ebfu b\u1ea1n tin r\u1eb1ng b\u1ea5t k\u1ef3 th\u00f4ng tin n\u00e0o ch\u00fang t\u00f4i \u0111ang n\u1eafm gi\u1eef v\u1ec1 b\u1ea1n l\u00e0 kh\u00f4ng ch\u00ednh x\u00e1c ho\u1eb7c kh\u00f4ng \u0111\u1ea7y \u0111\u1ee7, vui l\u00f2ng vi\u1ebft th\u01b0 ho\u1eb7c g\u1eedi email cho ch\u00fang t\u00f4i c\u00e0ng s\u1edbm c\u00e0ng t\u1ed1t, theo \u0111\u1ecba ch\u1ec9 tr\u00ean. Ch\u00fang t\u00f4i s\u1ebd nhanh ch\u00f3ng ch\u1ec9nh s\u1eeda b\u1ea5t k\u1ef3 th\u00f4ng tin n\u00e0o \u0111\u01b0\u1ee3c ph\u00e1t hi\u1ec7n l\u00e0 kh\u00f4ng ch\u00ednh x\u00e1c.<\/p>\t\t\t\t\t\t\t\t<\/div>\n\t\t\t\t<\/div>\n\t\t\t\t\t<\/div>\n\t\t<\/div>\n\t\t\t\t\t<\/div>\n\t\t<\/section>\n\t\t\t\t<\/div>\n\t\t","protected":false},"excerpt":{"rendered":"<p>Ch\u00ednh s\u00e1ch B\u1ea3o m\u1eadt Ch\u00ednh s\u00e1ch b\u1ea3o m\u1eadt n\u00e0y quy \u0111\u1ecbnh c\u00e1ch N\u0103ng L\u01b0\u1ee3ng Metis s\u1eed d\u1ee5ng v\u00e0 b\u1ea3o v\u1ec7 b\u1ea5t k\u1ef3 th\u00f4ng tin n\u00e0o m\u00e0 b\u1ea1n cung c\u1ea5p cho N\u0103ng L\u01b0\u1ee3ng Metis khi b\u1ea1n s\u1eed d\u1ee5ng trang web n\u00e0y. N\u0103ng L\u01b0\u1ee3ng Metis cam k\u1ebft \u0111\u1ea3m b\u1ea3o r\u1eb1ng s\u1ef1 ri\u00eang t\u01b0 c\u1ee7a b\u1ea1n \u0111\u01b0\u1ee3c b\u1ea3o&hellip;<\/p>\n","protected":false},"author":11,"featured_media":7755,"parent":0,"menu_order":0,"comment_status":"closed","ping_status":"closed","template":"elementor_header_footer","meta":{"footnotes":""},"class_list":["post-8161","page","type-page","status-publish","has-post-thumbnail","hentry"],"yoast_head":"<!-- This site is optimized with the Yoast SEO plugin v27.2 - https:\/\/yoast.com\/product\/yoast-seo-wordpress\/ -->\n<title>Ch\u00ednh s\u00e1ch b\u1ea3o m\u1eadt - Metis Energy<\/title>\n<meta name=\"robots\" content=\"index, follow, max-snippet:-1, max-image-preview:large, max-video-preview:-1\" \/>\n<link rel=\"canonical\" href=\"https:\/\/metisenergy.com\/vi\/chinh-sach-bao-mat\/\" \/>\n<meta property=\"og:locale\" content=\"vi_VN\" \/>\n<meta property=\"og:type\" content=\"article\" \/>\n<meta property=\"og:title\" content=\"Ch\u00ednh s\u00e1ch b\u1ea3o m\u1eadt - Metis Energy\" \/>\n<meta property=\"og:description\" content=\"Ch\u00ednh s\u00e1ch B\u1ea3o m\u1eadt Ch\u00ednh s\u00e1ch b\u1ea3o m\u1eadt n\u00e0y quy \u0111\u1ecbnh c\u00e1ch N\u0103ng L\u01b0\u1ee3ng Metis s\u1eed d\u1ee5ng v\u00e0 b\u1ea3o v\u1ec7 b\u1ea5t k\u1ef3 th\u00f4ng tin n\u00e0o m\u00e0 b\u1ea1n cung c\u1ea5p cho N\u0103ng L\u01b0\u1ee3ng Metis khi b\u1ea1n s\u1eed d\u1ee5ng trang web n\u00e0y. N\u0103ng L\u01b0\u1ee3ng Metis cam k\u1ebft \u0111\u1ea3m b\u1ea3o r\u1eb1ng s\u1ef1 ri\u00eang t\u01b0 c\u1ee7a b\u1ea1n \u0111\u01b0\u1ee3c b\u1ea3o&hellip;\" \/>\n<meta property=\"og:url\" content=\"https:\/\/metisenergy.com\/vi\/chinh-sach-bao-mat\/\" \/>\n<meta property=\"og:site_name\" content=\"Metis Energy\" \/>\n<meta property=\"article:modified_time\" content=\"2022-09-29T08:43:28+00:00\" \/>\n<meta property=\"og:image\" content=\"https:\/\/metisenergy.com\/wp-content\/uploads\/metis-energy-privacy-policy-1.jpg\" \/>\n\t<meta property=\"og:image:width\" content=\"1920\" \/>\n\t<meta property=\"og:image:height\" content=\"369\" \/>\n\t<meta property=\"og:image:type\" content=\"image\/jpeg\" \/>\n<meta name=\"twitter:card\" content=\"summary_large_image\" \/>\n<meta name=\"twitter:label1\" content=\"Est. reading time\" \/>\n\t<meta name=\"twitter:data1\" content=\"6 minutes\" \/>\n<script type=\"application\/ld+json\" class=\"yoast-schema-graph\">{\"@context\":\"https:\/\/schema.org\",\"@graph\":[{\"@type\":\"WebPage\",\"@id\":\"https:\/\/metisenergy.com\/vi\/chinh-sach-bao-mat\/\",\"url\":\"https:\/\/metisenergy.com\/vi\/chinh-sach-bao-mat\/\",\"name\":\"Ch\u00ednh s\u00e1ch b\u1ea3o m\u1eadt - Metis Energy\",\"isPartOf\":{\"@id\":\"https:\/\/metisenergy.com\/vi\/#website\"},\"primaryImageOfPage\":{\"@id\":\"https:\/\/metisenergy.com\/vi\/chinh-sach-bao-mat\/#primaryimage\"},\"image\":{\"@id\":\"https:\/\/metisenergy.com\/vi\/chinh-sach-bao-mat\/#primaryimage\"},\"thumbnailUrl\":\"https:\/\/metisenergy.com\/wp-content\/uploads\/metis-energy-privacy-policy-1.jpg\",\"datePublished\":\"2022-05-24T16:29:42+00:00\",\"dateModified\":\"2022-09-29T08:43:28+00:00\",\"breadcrumb\":{\"@id\":\"https:\/\/metisenergy.com\/vi\/chinh-sach-bao-mat\/#breadcrumb\"},\"inLanguage\":\"vi-VN\",\"potentialAction\":[{\"@type\":\"ReadAction\",\"target\":[\"https:\/\/metisenergy.com\/vi\/chinh-sach-bao-mat\/\"]}]},{\"@type\":\"ImageObject\",\"inLanguage\":\"vi-VN\",\"@id\":\"https:\/\/metisenergy.com\/vi\/chinh-sach-bao-mat\/#primaryimage\",\"url\":\"https:\/\/metisenergy.com\/wp-content\/uploads\/metis-energy-privacy-policy-1.jpg\",\"contentUrl\":\"https:\/\/metisenergy.com\/wp-content\/uploads\/metis-energy-privacy-policy-1.jpg\",\"width\":1920,\"height\":369},{\"@type\":\"BreadcrumbList\",\"@id\":\"https:\/\/metisenergy.com\/vi\/chinh-sach-bao-mat\/#breadcrumb\",\"itemListElement\":[{\"@type\":\"ListItem\",\"position\":1,\"name\":\"Home\",\"item\":\"https:\/\/metisenergy.com\/vi\/\"},{\"@type\":\"ListItem\",\"position\":2,\"name\":\"Ch\u00ednh s\u00e1ch b\u1ea3o m\u1eadt\"}]},{\"@type\":\"WebSite\",\"@id\":\"https:\/\/metisenergy.com\/vi\/#website\",\"url\":\"https:\/\/metisenergy.com\/vi\/\",\"name\":\"Metis Energy\",\"description\":\"Together for a Brighter Future\u2122\",\"publisher\":{\"@id\":\"https:\/\/metisenergy.com\/vi\/#organization\"},\"potentialAction\":[{\"@type\":\"SearchAction\",\"target\":{\"@type\":\"EntryPoint\",\"urlTemplate\":\"https:\/\/metisenergy.com\/vi\/?s={search_term_string}\"},\"query-input\":{\"@type\":\"PropertyValueSpecification\",\"valueRequired\":true,\"valueName\":\"search_term_string\"}}],\"inLanguage\":\"vi-VN\"},{\"@type\":\"Organization\",\"@id\":\"https:\/\/metisenergy.com\/vi\/#organization\",\"name\":\"Metis Energy\",\"url\":\"https:\/\/metisenergy.com\/vi\/\",\"logo\":{\"@type\":\"ImageObject\",\"inLanguage\":\"vi-VN\",\"@id\":\"https:\/\/metisenergy.com\/vi\/#\/schema\/logo\/image\/\",\"url\":\"https:\/\/metisenergy.com\/wp-content\/uploads\/Metis-Logo-V.png-1.png\",\"contentUrl\":\"https:\/\/metisenergy.com\/wp-content\/uploads\/Metis-Logo-V.png-1.png\",\"width\":2394,\"height\":2469,\"caption\":\"Metis Energy\"},\"image\":{\"@id\":\"https:\/\/metisenergy.com\/vi\/#\/schema\/logo\/image\/\"}}]}<\/script>\n<!-- \/ Yoast SEO plugin. -->","yoast_head_json":{"title":"Ch\u00ednh s\u00e1ch b\u1ea3o m\u1eadt - Metis Energy","robots":{"index":"index","follow":"follow","max-snippet":"max-snippet:-1","max-image-preview":"max-image-preview:large","max-video-preview":"max-video-preview:-1"},"canonical":"https:\/\/metisenergy.com\/vi\/chinh-sach-bao-mat\/","og_locale":"vi_VN","og_type":"article","og_title":"Ch\u00ednh s\u00e1ch b\u1ea3o m\u1eadt - Metis Energy","og_description":"Ch\u00ednh s\u00e1ch B\u1ea3o m\u1eadt Ch\u00ednh s\u00e1ch b\u1ea3o m\u1eadt n\u00e0y quy \u0111\u1ecbnh c\u00e1ch N\u0103ng L\u01b0\u1ee3ng Metis s\u1eed d\u1ee5ng v\u00e0 b\u1ea3o v\u1ec7 b\u1ea5t k\u1ef3 th\u00f4ng tin n\u00e0o m\u00e0 b\u1ea1n cung c\u1ea5p cho N\u0103ng L\u01b0\u1ee3ng Metis khi b\u1ea1n s\u1eed d\u1ee5ng trang web n\u00e0y. N\u0103ng L\u01b0\u1ee3ng Metis cam k\u1ebft \u0111\u1ea3m b\u1ea3o r\u1eb1ng s\u1ef1 ri\u00eang t\u01b0 c\u1ee7a b\u1ea1n \u0111\u01b0\u1ee3c b\u1ea3o&hellip;","og_url":"https:\/\/metisenergy.com\/vi\/chinh-sach-bao-mat\/","og_site_name":"Metis Energy","article_modified_time":"2022-09-29T08:43:28+00:00","og_image":[{"width":1920,"height":369,"url":"https:\/\/metisenergy.com\/wp-content\/uploads\/metis-energy-privacy-policy-1.jpg","type":"image\/jpeg"}],"twitter_card":"summary_large_image","twitter_misc":{"Est. reading time":"6 minutes"},"schema":{"@context":"https:\/\/schema.org","@graph":[{"@type":"WebPage","@id":"https:\/\/metisenergy.com\/vi\/chinh-sach-bao-mat\/","url":"https:\/\/metisenergy.com\/vi\/chinh-sach-bao-mat\/","name":"Ch\u00ednh s\u00e1ch b\u1ea3o m\u1eadt - Metis Energy","isPartOf":{"@id":"https:\/\/metisenergy.com\/vi\/#website"},"primaryImageOfPage":{"@id":"https:\/\/metisenergy.com\/vi\/chinh-sach-bao-mat\/#primaryimage"},"image":{"@id":"https:\/\/metisenergy.com\/vi\/chinh-sach-bao-mat\/#primaryimage"},"thumbnailUrl":"https:\/\/metisenergy.com\/wp-content\/uploads\/metis-energy-privacy-policy-1.jpg","datePublished":"2022-05-24T16:29:42+00:00","dateModified":"2022-09-29T08:43:28+00:00","breadcrumb":{"@id":"https:\/\/metisenergy.com\/vi\/chinh-sach-bao-mat\/#breadcrumb"},"inLanguage":"vi-VN","potentialAction":[{"@type":"ReadAction","target":["https:\/\/metisenergy.com\/vi\/chinh-sach-bao-mat\/"]}]},{"@type":"ImageObject","inLanguage":"vi-VN","@id":"https:\/\/metisenergy.com\/vi\/chinh-sach-bao-mat\/#primaryimage","url":"https:\/\/metisenergy.com\/wp-content\/uploads\/metis-energy-privacy-policy-1.jpg","contentUrl":"https:\/\/metisenergy.com\/wp-content\/uploads\/metis-energy-privacy-policy-1.jpg","width":1920,"height":369},{"@type":"BreadcrumbList","@id":"https:\/\/metisenergy.com\/vi\/chinh-sach-bao-mat\/#breadcrumb","itemListElement":[{"@type":"ListItem","position":1,"name":"Home","item":"https:\/\/metisenergy.com\/vi\/"},{"@type":"ListItem","position":2,"name":"Ch\u00ednh s\u00e1ch b\u1ea3o m\u1eadt"}]},{"@type":"WebSite","@id":"https:\/\/metisenergy.com\/vi\/#website","url":"https:\/\/metisenergy.com\/vi\/","name":"Metis Energy","description":"Together for a Brighter Future\u2122","publisher":{"@id":"https:\/\/metisenergy.com\/vi\/#organization"},"potentialAction":[{"@type":"SearchAction","target":{"@type":"EntryPoint","urlTemplate":"https:\/\/metisenergy.com\/vi\/?s={search_term_string}"},"query-input":{"@type":"PropertyValueSpecification","valueRequired":true,"valueName":"search_term_string"}}],"inLanguage":"vi-VN"},{"@type":"Organization","@id":"https:\/\/metisenergy.com\/vi\/#organization","name":"Metis Energy","url":"https:\/\/metisenergy.com\/vi\/","logo":{"@type":"ImageObject","inLanguage":"vi-VN","@id":"https:\/\/metisenergy.com\/vi\/#\/schema\/logo\/image\/","url":"https:\/\/metisenergy.com\/wp-content\/uploads\/Metis-Logo-V.png-1.png","contentUrl":"https:\/\/metisenergy.com\/wp-content\/uploads\/Metis-Logo-V.png-1.png","width":2394,"height":2469,"caption":"Metis Energy"},"image":{"@id":"https:\/\/metisenergy.com\/vi\/#\/schema\/logo\/image\/"}}]}},"_links":{"self":[{"href":"https:\/\/metisenergy.com\/vi\/wp-json\/wp\/v2\/pages\/8161","targetHints":{"allow":["GET"]}}],"collection":[{"href":"https:\/\/metisenergy.com\/vi\/wp-json\/wp\/v2\/pages"}],"about":[{"href":"https:\/\/metisenergy.com\/vi\/wp-json\/wp\/v2\/types\/page"}],"author":[{"embeddable":true,"href":"https:\/\/metisenergy.com\/vi\/wp-json\/wp\/v2\/users\/11"}],"replies":[{"embeddable":true,"href":"https:\/\/metisenergy.com\/vi\/wp-json\/wp\/v2\/comments?post=8161"}],"version-history":[{"count":17,"href":"https:\/\/metisenergy.com\/vi\/wp-json\/wp\/v2\/pages\/8161\/revisions"}],"predecessor-version":[{"id":9531,"href":"https:\/\/metisenergy.com\/vi\/wp-json\/wp\/v2\/pages\/8161\/revisions\/9531"}],"wp:featuredmedia":[{"embeddable":true,"href":"https:\/\/metisenergy.com\/vi\/wp-json\/wp\/v2\/media\/7755"}],"wp:attachment":[{"href":"https:\/\/metisenergy.com\/vi\/wp-json\/wp\/v2\/media?parent=8161"}],"curies":[{"name":"wp","href":"https:\/\/api.w.org\/{rel}","templated":true}]}}