{"id":8176,"date":"2022-05-28T17:18:55","date_gmt":"2022-05-28T09:18:55","guid":{"rendered":"https:\/\/metisenergy.com\/thong-tu\/"},"modified":"2026-04-10T19:29:55","modified_gmt":"2026-04-10T11:29:55","slug":"thong-tu","status":"publish","type":"page","link":"https:\/\/metisenergy.com\/vi\/thong-tu\/","title":{"rendered":"Th\u00f4ng t\u01b0"},"content":{"rendered":"\t\t<div data-elementor-type=\"wp-page\" data-elementor-id=\"8176\" class=\"elementor elementor-8176\">\n\t\t\t\t\t\t<section class=\"elementor-section elementor-top-section elementor-element elementor-element-4574a24 elementor-section-full_width elementor-section-height-default elementor-section-height-default\" data-id=\"4574a24\" data-element_type=\"section\" data-e-type=\"section\" data-settings=\"{&quot;background_background&quot;:&quot;classic&quot;}\">\n\t\t\t\t\t\t<div class=\"elementor-container elementor-column-gap-no\">\n\t\t\t\t\t<div class=\"elementor-column elementor-col-100 elementor-top-column elementor-element elementor-element-aec06a5\" data-id=\"aec06a5\" data-element_type=\"column\" data-e-type=\"column\">\n\t\t\t<div class=\"elementor-widget-wrap elementor-element-populated\">\n\t\t\t\t\t\t<div class=\"elementor-element elementor-element-dc361eb elementor-widget elementor-widget-heading\" data-id=\"dc361eb\" data-element_type=\"widget\" data-e-type=\"widget\" data-widget_type=\"heading.default\">\n\t\t\t\t<div class=\"elementor-widget-container\">\n\t\t\t\t\t<div class=\"elementor-heading-title elementor-size-default\">QUAN H\u1ec6 \u0110\u1ea6U T\u01af<\/div>\t\t\t\t<\/div>\n\t\t\t\t<\/div>\n\t\t\t\t<div class=\"elementor-element elementor-element-addf602 elementor-widget elementor-widget-heading\" data-id=\"addf602\" data-element_type=\"widget\" data-e-type=\"widget\" data-widget_type=\"heading.default\">\n\t\t\t\t<div class=\"elementor-widget-container\">\n\t\t\t\t\t<h2 class=\"elementor-heading-title elementor-size-default\">Th\u00f4ng t\u01b0<\/h2>\t\t\t\t<\/div>\n\t\t\t\t<\/div>\n\t\t\t\t<div class=\"elementor-element elementor-element-937cf08 elementor-widget elementor-widget-text-editor\" data-id=\"937cf08\" data-element_type=\"widget\" data-e-type=\"widget\" data-widget_type=\"text-editor.default\">\n\t\t\t\t<div class=\"elementor-widget-container\">\n\t\t\t\t\t\t\t\t\t<table>\n<tbody>\n<tr>\n<td><b>NG\u00c0Y<\/b><\/td>\n<td><b>S\u1ef0 KI\u1ec6N<\/b><\/td>\n<td><b>V\u1eacT LI\u1ec6U<br><\/b><\/td>\n<\/tr>\n<tr>\n<td>13 th\u00e1ng m\u01b0\u1eddi hai 2022<\/td>\n<td>\u0110\u1ea1i h\u1ed9i b\u1ea5t th\u01b0\u1eddng<\/td>\n<td><a href=\"https:\/\/metisenergy.com\/wp-content\/uploads\/MEL-Circular-to-Shareholders-13Dec2022-cln-2.pdf\">Th\u00f4ng t\u01b0 ng\u00e0y 13 th\u00e1ng 12 n\u0103m 2022<\/a><\/td>\n<\/tr>\n<tr>\n<td>13 th\u00e1ng 4 n\u0103m 2022<\/td>\n<td>\u0110\u1ea1i h\u1ed9i th\u01b0\u1eddng ni\u00ean<\/td>\n<td><a href=\"https:\/\/metisenergy.com\/wp-content\/uploads\/MRL_Addendum_AR_2021.pdf\">Ph\u1ee5 l\u1ee5c Gia h\u1ea1n \u1ee6y quy\u1ec1n IPT ng\u00e0y 13 th\u00e1ng 4 n\u0103m 2022<\/a><\/td>\n<\/tr>\n<tr>\n<td>6 th\u00e1ng 4 n\u0103m 2022<\/td>\n<td>\u0110\u1ea1i h\u1ed9i b\u1ea5t th\u01b0\u1eddng<\/td>\n<td><a href=\"https:\/\/metisenergy.com\/wp-content\/uploads\/Circular_dated_6_April_2022.pdf\">Th\u00f4ng t\u01b0 ng\u00e0y 6 th\u00e1ng 4 n\u0103m 2022<\/a><\/td>\n<\/tr>\n<tr>\n<td>Ng\u00e0y 9 th\u00e1ng 3 n\u0103m 2022<\/td>\n<td>\u0110\u1ea1i h\u1ed9i b\u1ea5t th\u01b0\u1eddng<\/td>\n<td><a href=\"https:\/\/metisenergy.com\/wp-content\/uploads\/2022_MRL_Circular.pdf\">Th\u00f4ng t\u01b0 ng\u00e0y 22 th\u00e1ng 2 n\u0103m 2022<\/a><\/td>\n<\/tr>\n<tr>\n<td>26 th\u00e1ng 4 n\u0103m 2021<\/td>\n<td>\u0110HC\u0110 th\u01b0\u1eddng ni\u00ean n\u0103m FY2021<\/td>\n<td><a href=\"https:\/\/metisenergy.com\/wp-content\/uploads\/2020_IPT-Mandate.pdf\">Ph\u1ee5 l\u1ee5c cho B\u00e1o c\u00e1o th\u01b0\u1eddng ni\u00ean n\u0103m 2020 ng\u00e0y 9 th\u00e1ng 4 n\u0103m 2021<\/a><\/td>\n<\/tr>\n<\/tbody>\n<\/table>\t\t\t\t\t\t\t\t<\/div>\n\t\t\t\t<\/div>\n\t\t\t\t\t<\/div>\n\t\t<\/div>\n\t\t\t\t\t<\/div>\n\t\t<\/section>\n\t\t\t\t<\/div>\n\t\t","protected":false},"excerpt":{"rendered":"<p>QUAN H\u1ec6 NH\u00c0 \u0110\u1ea6U T\u01af Th\u00f4ng t\u01b0 &nbsp; NG\u00c0Y S\u1ef0 KI\u1ec6N NGUY\u00caN V\u1eacT LI\u1ec6U Ng\u00e0y 10 th\u00e1ng 4 n\u0103m 2026 \u0110\u1ea1i h\u1ed9i \u0111\u1ed3ng c\u1ed5 \u0111\u00f4ng n\u0103m t\u00e0i ch\u00ednh 2025 Ph\u1ee5 l\u1ee5c gia h\u1ea1n nhi\u1ec7m v\u1ee5 IPT ng\u00e0y 10 th\u00e1ng 4 n\u0103m 2026 Ng\u00e0y 10 th\u00e1ng 4 n\u0103m 2025 \u0110\u1ea1i h\u1ed9i \u0111\u1ed3ng c\u1ed5 \u0111\u00f4ng n\u0103m t\u00e0i&hellip;<\/p>\n","protected":false},"author":11,"featured_media":0,"parent":0,"menu_order":0,"comment_status":"closed","ping_status":"closed","template":"","meta":{"footnotes":""},"class_list":["post-8176","page","type-page","status-publish","hentry"],"yoast_head":"<!-- This site is optimized with the Yoast SEO plugin v27.2 - https:\/\/yoast.com\/product\/yoast-seo-wordpress\/ -->\n<title>Th\u00f4ng t\u01b0 - Metis Energy<\/title>\n<meta name=\"robots\" content=\"index, follow, max-snippet:-1, max-image-preview:large, max-video-preview:-1\" \/>\n<link rel=\"canonical\" href=\"https:\/\/metisenergy.com\/vi\/thong-tu\/\" \/>\n<meta property=\"og:locale\" content=\"vi_VN\" \/>\n<meta property=\"og:type\" content=\"article\" \/>\n<meta property=\"og:title\" content=\"Th\u00f4ng t\u01b0 - Metis Energy\" \/>\n<meta property=\"og:description\" content=\"QUAN H\u1ec6 NH\u00c0 \u0110\u1ea6U T\u01af Th\u00f4ng t\u01b0 &nbsp; NG\u00c0Y S\u1ef0 KI\u1ec6N NGUY\u00caN V\u1eacT LI\u1ec6U Ng\u00e0y 10 th\u00e1ng 4 n\u0103m 2026 \u0110\u1ea1i h\u1ed9i \u0111\u1ed3ng c\u1ed5 \u0111\u00f4ng n\u0103m t\u00e0i ch\u00ednh 2025 Ph\u1ee5 l\u1ee5c gia h\u1ea1n nhi\u1ec7m v\u1ee5 IPT ng\u00e0y 10 th\u00e1ng 4 n\u0103m 2026 Ng\u00e0y 10 th\u00e1ng 4 n\u0103m 2025 \u0110\u1ea1i h\u1ed9i \u0111\u1ed3ng c\u1ed5 \u0111\u00f4ng n\u0103m t\u00e0i&hellip;\" \/>\n<meta property=\"og:url\" content=\"https:\/\/metisenergy.com\/vi\/thong-tu\/\" \/>\n<meta property=\"og:site_name\" content=\"Metis Energy\" \/>\n<meta property=\"article:modified_time\" content=\"2026-04-10T11:29:55+00:00\" \/>\n<meta name=\"twitter:card\" content=\"summary_large_image\" \/>\n<meta name=\"twitter:label1\" content=\"Est. reading time\" \/>\n\t<meta name=\"twitter:data1\" content=\"2 minutes\" \/>\n<script type=\"application\/ld+json\" class=\"yoast-schema-graph\">{\"@context\":\"https:\/\/schema.org\",\"@graph\":[{\"@type\":\"WebPage\",\"@id\":\"https:\/\/metisenergy.com\/vi\/thong-tu\/\",\"url\":\"https:\/\/metisenergy.com\/vi\/thong-tu\/\",\"name\":\"Th\u00f4ng t\u01b0 - Metis Energy\",\"isPartOf\":{\"@id\":\"https:\/\/metisenergy.com\/vi\/#website\"},\"datePublished\":\"2022-05-28T09:18:55+00:00\",\"dateModified\":\"2026-04-10T11:29:55+00:00\",\"breadcrumb\":{\"@id\":\"https:\/\/metisenergy.com\/vi\/thong-tu\/#breadcrumb\"},\"inLanguage\":\"vi-VN\",\"potentialAction\":[{\"@type\":\"ReadAction\",\"target\":[\"https:\/\/metisenergy.com\/vi\/thong-tu\/\"]}]},{\"@type\":\"BreadcrumbList\",\"@id\":\"https:\/\/metisenergy.com\/vi\/thong-tu\/#breadcrumb\",\"itemListElement\":[{\"@type\":\"ListItem\",\"position\":1,\"name\":\"Home\",\"item\":\"https:\/\/metisenergy.com\/vi\/\"},{\"@type\":\"ListItem\",\"position\":2,\"name\":\"Th\u00f4ng t\u01b0\"}]},{\"@type\":\"WebSite\",\"@id\":\"https:\/\/metisenergy.com\/vi\/#website\",\"url\":\"https:\/\/metisenergy.com\/vi\/\",\"name\":\"Metis Energy\",\"description\":\"Together for a Brighter Future\u2122\",\"publisher\":{\"@id\":\"https:\/\/metisenergy.com\/vi\/#organization\"},\"potentialAction\":[{\"@type\":\"SearchAction\",\"target\":{\"@type\":\"EntryPoint\",\"urlTemplate\":\"https:\/\/metisenergy.com\/vi\/?s={search_term_string}\"},\"query-input\":{\"@type\":\"PropertyValueSpecification\",\"valueRequired\":true,\"valueName\":\"search_term_string\"}}],\"inLanguage\":\"vi-VN\"},{\"@type\":\"Organization\",\"@id\":\"https:\/\/metisenergy.com\/vi\/#organization\",\"name\":\"Metis Energy\",\"url\":\"https:\/\/metisenergy.com\/vi\/\",\"logo\":{\"@type\":\"ImageObject\",\"inLanguage\":\"vi-VN\",\"@id\":\"https:\/\/metisenergy.com\/vi\/#\/schema\/logo\/image\/\",\"url\":\"https:\/\/metisenergy.com\/wp-content\/uploads\/Metis-Logo-V.png-1.png\",\"contentUrl\":\"https:\/\/metisenergy.com\/wp-content\/uploads\/Metis-Logo-V.png-1.png\",\"width\":2394,\"height\":2469,\"caption\":\"Metis Energy\"},\"image\":{\"@id\":\"https:\/\/metisenergy.com\/vi\/#\/schema\/logo\/image\/\"}}]}<\/script>\n<!-- \/ Yoast SEO plugin. -->","yoast_head_json":{"title":"Th\u00f4ng t\u01b0 - Metis Energy","robots":{"index":"index","follow":"follow","max-snippet":"max-snippet:-1","max-image-preview":"max-image-preview:large","max-video-preview":"max-video-preview:-1"},"canonical":"https:\/\/metisenergy.com\/vi\/thong-tu\/","og_locale":"vi_VN","og_type":"article","og_title":"Th\u00f4ng t\u01b0 - Metis Energy","og_description":"QUAN H\u1ec6 NH\u00c0 \u0110\u1ea6U T\u01af Th\u00f4ng t\u01b0 &nbsp; NG\u00c0Y S\u1ef0 KI\u1ec6N NGUY\u00caN V\u1eacT LI\u1ec6U Ng\u00e0y 10 th\u00e1ng 4 n\u0103m 2026 \u0110\u1ea1i h\u1ed9i \u0111\u1ed3ng c\u1ed5 \u0111\u00f4ng n\u0103m t\u00e0i ch\u00ednh 2025 Ph\u1ee5 l\u1ee5c gia h\u1ea1n nhi\u1ec7m v\u1ee5 IPT ng\u00e0y 10 th\u00e1ng 4 n\u0103m 2026 Ng\u00e0y 10 th\u00e1ng 4 n\u0103m 2025 \u0110\u1ea1i h\u1ed9i \u0111\u1ed3ng c\u1ed5 \u0111\u00f4ng n\u0103m t\u00e0i&hellip;","og_url":"https:\/\/metisenergy.com\/vi\/thong-tu\/","og_site_name":"Metis Energy","article_modified_time":"2026-04-10T11:29:55+00:00","twitter_card":"summary_large_image","twitter_misc":{"Est. reading time":"2 minutes"},"schema":{"@context":"https:\/\/schema.org","@graph":[{"@type":"WebPage","@id":"https:\/\/metisenergy.com\/vi\/thong-tu\/","url":"https:\/\/metisenergy.com\/vi\/thong-tu\/","name":"Th\u00f4ng t\u01b0 - Metis Energy","isPartOf":{"@id":"https:\/\/metisenergy.com\/vi\/#website"},"datePublished":"2022-05-28T09:18:55+00:00","dateModified":"2026-04-10T11:29:55+00:00","breadcrumb":{"@id":"https:\/\/metisenergy.com\/vi\/thong-tu\/#breadcrumb"},"inLanguage":"vi-VN","potentialAction":[{"@type":"ReadAction","target":["https:\/\/metisenergy.com\/vi\/thong-tu\/"]}]},{"@type":"BreadcrumbList","@id":"https:\/\/metisenergy.com\/vi\/thong-tu\/#breadcrumb","itemListElement":[{"@type":"ListItem","position":1,"name":"Home","item":"https:\/\/metisenergy.com\/vi\/"},{"@type":"ListItem","position":2,"name":"Th\u00f4ng t\u01b0"}]},{"@type":"WebSite","@id":"https:\/\/metisenergy.com\/vi\/#website","url":"https:\/\/metisenergy.com\/vi\/","name":"Metis Energy","description":"Together for a Brighter Future\u2122","publisher":{"@id":"https:\/\/metisenergy.com\/vi\/#organization"},"potentialAction":[{"@type":"SearchAction","target":{"@type":"EntryPoint","urlTemplate":"https:\/\/metisenergy.com\/vi\/?s={search_term_string}"},"query-input":{"@type":"PropertyValueSpecification","valueRequired":true,"valueName":"search_term_string"}}],"inLanguage":"vi-VN"},{"@type":"Organization","@id":"https:\/\/metisenergy.com\/vi\/#organization","name":"Metis Energy","url":"https:\/\/metisenergy.com\/vi\/","logo":{"@type":"ImageObject","inLanguage":"vi-VN","@id":"https:\/\/metisenergy.com\/vi\/#\/schema\/logo\/image\/","url":"https:\/\/metisenergy.com\/wp-content\/uploads\/Metis-Logo-V.png-1.png","contentUrl":"https:\/\/metisenergy.com\/wp-content\/uploads\/Metis-Logo-V.png-1.png","width":2394,"height":2469,"caption":"Metis Energy"},"image":{"@id":"https:\/\/metisenergy.com\/vi\/#\/schema\/logo\/image\/"}}]}},"_links":{"self":[{"href":"https:\/\/metisenergy.com\/vi\/wp-json\/wp\/v2\/pages\/8176","targetHints":{"allow":["GET"]}}],"collection":[{"href":"https:\/\/metisenergy.com\/vi\/wp-json\/wp\/v2\/pages"}],"about":[{"href":"https:\/\/metisenergy.com\/vi\/wp-json\/wp\/v2\/types\/page"}],"author":[{"embeddable":true,"href":"https:\/\/metisenergy.com\/vi\/wp-json\/wp\/v2\/users\/11"}],"replies":[{"embeddable":true,"href":"https:\/\/metisenergy.com\/vi\/wp-json\/wp\/v2\/comments?post=8176"}],"version-history":[{"count":11,"href":"https:\/\/metisenergy.com\/vi\/wp-json\/wp\/v2\/pages\/8176\/revisions"}],"predecessor-version":[{"id":10048,"href":"https:\/\/metisenergy.com\/vi\/wp-json\/wp\/v2\/pages\/8176\/revisions\/10048"}],"wp:attachment":[{"href":"https:\/\/metisenergy.com\/vi\/wp-json\/wp\/v2\/media?parent=8176"}],"curies":[{"name":"wp","href":"https:\/\/api.w.org\/{rel}","templated":true}]}}