{"id":8201,"date":"2022-05-29T12:47:10","date_gmt":"2022-05-29T04:47:10","guid":{"rendered":"https:\/\/metisenergy.com\/thong-bao-sgx-thong-cao-truyen-thong\/"},"modified":"2022-08-25T12:46:21","modified_gmt":"2022-08-25T04:46:21","slug":"thong-bao-sgx-thong-cao-truyen-thong","status":"publish","type":"page","link":"https:\/\/metisenergy.com\/vi\/thong-bao-sgx-thong-cao-truyen-thong\/","title":{"rendered":"Th\u00f4ng b\u00e1o SGX &amp; Th\u00f4ng c\u00e1o truy\u1ec1n th\u00f4ng"},"content":{"rendered":"\t\t<div data-elementor-type=\"wp-page\" data-elementor-id=\"8201\" class=\"elementor elementor-8201\">\n\t\t\t\t\t\t<section class=\"elementor-section elementor-top-section elementor-element elementor-element-4574a24 elementor-section-full_width elementor-section-height-default elementor-section-height-default\" data-id=\"4574a24\" data-element_type=\"section\" data-e-type=\"section\" data-settings=\"{&quot;background_background&quot;:&quot;classic&quot;}\">\n\t\t\t\t\t\t<div class=\"elementor-container elementor-column-gap-no\">\n\t\t\t\t\t<div class=\"elementor-column elementor-col-100 elementor-top-column elementor-element elementor-element-aec06a5\" data-id=\"aec06a5\" data-element_type=\"column\" data-e-type=\"column\">\n\t\t\t<div class=\"elementor-widget-wrap elementor-element-populated\">\n\t\t\t\t\t\t<div class=\"elementor-element elementor-element-dc361eb elementor-widget elementor-widget-heading\" data-id=\"dc361eb\" data-element_type=\"widget\" data-e-type=\"widget\" data-widget_type=\"heading.default\">\n\t\t\t\t<div class=\"elementor-widget-container\">\n\t\t\t\t\t<div class=\"elementor-heading-title elementor-size-default\">QUAN H\u1ec6 \u0110\u1ea6U T\u01af<\/div>\t\t\t\t<\/div>\n\t\t\t\t<\/div>\n\t\t\t\t<div class=\"elementor-element elementor-element-97eda8a elementor-widget elementor-widget-heading\" data-id=\"97eda8a\" data-element_type=\"widget\" data-e-type=\"widget\" data-widget_type=\"heading.default\">\n\t\t\t\t<div class=\"elementor-widget-container\">\n\t\t\t\t\t<h2 class=\"elementor-heading-title elementor-size-default\">\u0110\u1ea1i h\u1ed9i c\u1ed5 \u0111\u00f4ng<\/h2>\t\t\t\t<\/div>\n\t\t\t\t<\/div>\n\t\t\t\t<div class=\"elementor-element elementor-element-937cf08 elementor-widget elementor-widget-text-editor\" data-id=\"937cf08\" data-element_type=\"widget\" data-e-type=\"widget\" data-widget_type=\"text-editor.default\">\n\t\t\t\t<div class=\"elementor-widget-container\">\n\t\t\t\t\t\t\t\t\t<div id=\"main\" role=\"main\">\n<div id=\"contentarea\" class=\"row\">\n<div class=\"grid_12\">\n<article id=\"page-2517\" class=\"clearfix post-2517 page type-page status-publish hentry\">\n<div class=\"entry-content\">\n<table>\n<tbody>\n<tr>\n<td>Ng\u00e0y<\/td>\n<td>Bi\u1ebfn c\u1ed1<\/td>\n<td>V\u1eadt li\u1ec7u<\/td>\n<\/tr>\n<tr>\n<td>13 th\u00e1ng 4 n\u0103m 2022<\/td>\n<td>\u0110\u1ea1i h\u1ed9i th\u01b0\u1eddng ni\u00ean<\/td>\n<td><a href=\"https:\/\/metisenergy.com\/wp-content\/uploads\/Manhattan_-Notice_of_AGM.pdf\">Th\u00f4ng b\u00e1o v\u1ec1 \u0110\u1ea1i h\u1ed9i th\u01b0\u1eddng ni\u00ean<\/a><br><a href=\"https:\/\/metisenergy.com\/wp-content\/uploads\/Manhattan_Proxy_form.pdf\">Bi\u1ec3u m\u1eabu \u1ee7y quy\u1ec1n cho AGM<\/a><\/td>\n<\/tr>\n<tr>\n<td>6 th\u00e1ng 4 n\u0103m 2022<\/td>\n<td>\u0110\u1ea1i h\u1ed9i b\u1ea5t th\u01b0\u1eddng<\/td>\n<td><a href=\"https:\/\/metisenergy.com\/wp-content\/uploads\/Notice_of_EGM_28_April_2022.pdf\">Th\u00f4ng b\u00e1o v\u1ec1 \u0110\u1ea1i h\u1ed9i b\u1ea5t th\u01b0\u1eddng<\/a><br><a href=\"https:\/\/metisenergy.com\/wp-content\/uploads\/Proxy_Form_28_April_2022.pdf\">Bi\u1ec3u m\u1eabu \u1ee7y quy\u1ec1n cho EGM<\/a><\/td>\n<\/tr>\n<tr>\n<td>Ng\u00e0y 9 th\u00e1ng 3 n\u0103m 2022<\/td>\n<td>\u0110\u1ea1i h\u1ed9i b\u1ea5t th\u01b0\u1eddng<\/td>\n<td><a href=\"https:\/\/metisenergy.com\/wp-content\/uploads\/Notice-of-Extraordinary-General-Meeting-for-9-March-2022.pdf\">Th\u00f4ng b\u00e1o v\u1ec1 \u0110\u1ea1i h\u1ed9i b\u1ea5t th\u01b0\u1eddng<\/a><br><a href=\"https:\/\/metisenergy.com\/wp-content\/uploads\/Proxy-Form-for-9-March-2022.pdf\">Bi\u1ec3u m\u1eabu \u1ee7y quy\u1ec1n cho EGM<\/a><\/td>\n<\/tr>\n<tr>\n<td>26 th\u00e1ng 4 n\u0103m 2021<\/td>\n<td>\u0110HC\u0110 th\u01b0\u1eddng ni\u00ean n\u0103m FY2021<\/td>\n<td>\n<p><a href=\"https:\/\/metisenergy.com\/wp-content\/uploads\/2020_Notice-of-AGM.pdf\">Th\u00f4ng b\u00e1o v\u1ec1 \u0110\u1ea1i h\u1ed9i th\u01b0\u1eddng ni\u00ean<\/a><\/p>\n<p><a href=\"https:\/\/metisenergy.com\/wp-content\/uploads\/2020_Proxy-Form-1.pdf\">Bi\u1ec3u m\u1eabu \u1ee7y quy\u1ec1n cho AGM<\/a><\/p>\n<\/td>\n<\/tr>\n<tr>\n<td>11 th\u00e1ng 5 n\u0103m 2020<\/td>\n<td>\u0110\u1ea1i h\u1ed9i b\u1ea5t th\u01b0\u1eddng<\/td>\n<td><a href=\"https:\/\/metisenergy.com\/wp-content\/uploads\/11_May_2020_AGM_Minutes-1.pdf\">Bi\u00ean b\u1ea3n cu\u1ed9c h\u1ecdp c\u1ee7a EGM<\/a><\/td>\n<\/tr>\n<tr>\n<td>11 th\u00e1ng 5 n\u0103m 2020<\/td>\n<td>\u0110HC\u0110 th\u01b0\u1eddng ni\u00ean n\u0103m FY2020<\/td>\n<td><a href=\"https:\/\/metisenergy.com\/wp-content\/uploads\/11_May_2020_AGM_Minutes-1.pdf%5C\">Bi\u00ean b\u1ea3n h\u1ecdp \u0110HC\u0110<\/a><\/td>\n<\/tr>\n<\/tbody>\n<\/table>\n<\/div>\n<\/article>\n<\/div>\n<\/div>\n<\/div>\t\t\t\t\t\t\t\t<\/div>\n\t\t\t\t<\/div>\n\t\t\t\t\t<\/div>\n\t\t<\/div>\n\t\t\t\t\t<\/div>\n\t\t<\/section>\n\t\t\t\t<\/div>\n\t\t","protected":false},"excerpt":{"rendered":"<p>QUAN H\u1ec6 \u0110\u1ea6U T\u01af \u0110\u1ea1i h\u1ed9i c\u1ed5 \u0111\u00f4ng Ng\u00e0y Bi\u1ebfn c\u1ed1 V\u1eadt li\u1ec7u 13 th\u00e1ng 4 n\u0103m 2022 \u0110\u1ea1i h\u1ed9i th\u01b0\u1eddng ni\u00ean Th\u00f4ng b\u00e1o v\u1ec1 \u0110\u1ea1i h\u1ed9i th\u01b0\u1eddng ni\u00eanBi\u1ec3u m\u1eabu \u1ee7y quy\u1ec1n cho AGM 6 th\u00e1ng 4 n\u0103m 2022 \u0110\u1ea1i h\u1ed9i b\u1ea5t th\u01b0\u1eddng Th\u00f4ng b\u00e1o v\u1ec1 \u0110\u1ea1i h\u1ed9i b\u1ea5t th\u01b0\u1eddngBi\u1ec3u m\u1eabu \u1ee7y quy\u1ec1n cho EGM&hellip;<\/p>\n","protected":false},"author":11,"featured_media":0,"parent":0,"menu_order":0,"comment_status":"closed","ping_status":"closed","template":"elementor_header_footer","meta":{"footnotes":""},"class_list":["post-8201","page","type-page","status-publish","hentry"],"yoast_head":"<!-- This site is optimized with the Yoast SEO plugin v27.2 - https:\/\/yoast.com\/product\/yoast-seo-wordpress\/ -->\n<title>Th\u00f4ng b\u00e1o SGX &amp; Th\u00f4ng c\u00e1o truy\u1ec1n th\u00f4ng - Metis Energy<\/title>\n<meta name=\"robots\" content=\"index, follow, max-snippet:-1, max-image-preview:large, max-video-preview:-1\" \/>\n<link rel=\"canonical\" href=\"https:\/\/metisenergy.com\/vi\/thong-bao-sgx-thong-cao-truyen-thong\/\" \/>\n<meta property=\"og:locale\" content=\"vi_VN\" \/>\n<meta property=\"og:type\" content=\"article\" \/>\n<meta property=\"og:title\" content=\"Th\u00f4ng b\u00e1o SGX &amp; Th\u00f4ng c\u00e1o truy\u1ec1n th\u00f4ng - Metis Energy\" \/>\n<meta property=\"og:description\" content=\"QUAN H\u1ec6 \u0110\u1ea6U T\u01af \u0110\u1ea1i h\u1ed9i c\u1ed5 \u0111\u00f4ng Ng\u00e0y Bi\u1ebfn c\u1ed1 V\u1eadt li\u1ec7u 13 th\u00e1ng 4 n\u0103m 2022 \u0110\u1ea1i h\u1ed9i th\u01b0\u1eddng ni\u00ean Th\u00f4ng b\u00e1o v\u1ec1 \u0110\u1ea1i h\u1ed9i th\u01b0\u1eddng ni\u00eanBi\u1ec3u m\u1eabu \u1ee7y quy\u1ec1n cho AGM 6 th\u00e1ng 4 n\u0103m 2022 \u0110\u1ea1i h\u1ed9i b\u1ea5t th\u01b0\u1eddng Th\u00f4ng b\u00e1o v\u1ec1 \u0110\u1ea1i h\u1ed9i b\u1ea5t th\u01b0\u1eddngBi\u1ec3u m\u1eabu \u1ee7y quy\u1ec1n cho EGM&hellip;\" \/>\n<meta property=\"og:url\" content=\"https:\/\/metisenergy.com\/vi\/thong-bao-sgx-thong-cao-truyen-thong\/\" \/>\n<meta property=\"og:site_name\" content=\"Metis Energy\" \/>\n<meta property=\"article:modified_time\" content=\"2022-08-25T04:46:21+00:00\" \/>\n<meta name=\"twitter:card\" content=\"summary_large_image\" \/>\n<meta name=\"twitter:label1\" content=\"Est. reading time\" \/>\n\t<meta name=\"twitter:data1\" content=\"1 minute\" \/>\n<script type=\"application\/ld+json\" class=\"yoast-schema-graph\">{\"@context\":\"https:\/\/schema.org\",\"@graph\":[{\"@type\":\"WebPage\",\"@id\":\"https:\/\/metisenergy.com\/vi\/thong-bao-sgx-thong-cao-truyen-thong\/\",\"url\":\"https:\/\/metisenergy.com\/vi\/thong-bao-sgx-thong-cao-truyen-thong\/\",\"name\":\"Th\u00f4ng b\u00e1o SGX &amp; Th\u00f4ng c\u00e1o truy\u1ec1n th\u00f4ng - Metis Energy\",\"isPartOf\":{\"@id\":\"https:\/\/metisenergy.com\/vi\/#website\"},\"datePublished\":\"2022-05-29T04:47:10+00:00\",\"dateModified\":\"2022-08-25T04:46:21+00:00\",\"breadcrumb\":{\"@id\":\"https:\/\/metisenergy.com\/vi\/thong-bao-sgx-thong-cao-truyen-thong\/#breadcrumb\"},\"inLanguage\":\"vi-VN\",\"potentialAction\":[{\"@type\":\"ReadAction\",\"target\":[\"https:\/\/metisenergy.com\/vi\/thong-bao-sgx-thong-cao-truyen-thong\/\"]}]},{\"@type\":\"BreadcrumbList\",\"@id\":\"https:\/\/metisenergy.com\/vi\/thong-bao-sgx-thong-cao-truyen-thong\/#breadcrumb\",\"itemListElement\":[{\"@type\":\"ListItem\",\"position\":1,\"name\":\"Home\",\"item\":\"https:\/\/metisenergy.com\/vi\/\"},{\"@type\":\"ListItem\",\"position\":2,\"name\":\"Th\u00f4ng b\u00e1o SGX &amp; Th\u00f4ng c\u00e1o truy\u1ec1n th\u00f4ng\"}]},{\"@type\":\"WebSite\",\"@id\":\"https:\/\/metisenergy.com\/vi\/#website\",\"url\":\"https:\/\/metisenergy.com\/vi\/\",\"name\":\"Metis Energy\",\"description\":\"Together for a Brighter Future\u2122\",\"publisher\":{\"@id\":\"https:\/\/metisenergy.com\/vi\/#organization\"},\"potentialAction\":[{\"@type\":\"SearchAction\",\"target\":{\"@type\":\"EntryPoint\",\"urlTemplate\":\"https:\/\/metisenergy.com\/vi\/?s={search_term_string}\"},\"query-input\":{\"@type\":\"PropertyValueSpecification\",\"valueRequired\":true,\"valueName\":\"search_term_string\"}}],\"inLanguage\":\"vi-VN\"},{\"@type\":\"Organization\",\"@id\":\"https:\/\/metisenergy.com\/vi\/#organization\",\"name\":\"Metis Energy\",\"url\":\"https:\/\/metisenergy.com\/vi\/\",\"logo\":{\"@type\":\"ImageObject\",\"inLanguage\":\"vi-VN\",\"@id\":\"https:\/\/metisenergy.com\/vi\/#\/schema\/logo\/image\/\",\"url\":\"https:\/\/metisenergy.com\/wp-content\/uploads\/Metis-Logo-V.png-1.png\",\"contentUrl\":\"https:\/\/metisenergy.com\/wp-content\/uploads\/Metis-Logo-V.png-1.png\",\"width\":2394,\"height\":2469,\"caption\":\"Metis Energy\"},\"image\":{\"@id\":\"https:\/\/metisenergy.com\/vi\/#\/schema\/logo\/image\/\"}}]}<\/script>\n<!-- \/ Yoast SEO plugin. -->","yoast_head_json":{"title":"Th\u00f4ng b\u00e1o SGX &amp; Th\u00f4ng c\u00e1o truy\u1ec1n th\u00f4ng - Metis Energy","robots":{"index":"index","follow":"follow","max-snippet":"max-snippet:-1","max-image-preview":"max-image-preview:large","max-video-preview":"max-video-preview:-1"},"canonical":"https:\/\/metisenergy.com\/vi\/thong-bao-sgx-thong-cao-truyen-thong\/","og_locale":"vi_VN","og_type":"article","og_title":"Th\u00f4ng b\u00e1o SGX &amp; Th\u00f4ng c\u00e1o truy\u1ec1n th\u00f4ng - Metis Energy","og_description":"QUAN H\u1ec6 \u0110\u1ea6U T\u01af \u0110\u1ea1i h\u1ed9i c\u1ed5 \u0111\u00f4ng Ng\u00e0y Bi\u1ebfn c\u1ed1 V\u1eadt li\u1ec7u 13 th\u00e1ng 4 n\u0103m 2022 \u0110\u1ea1i h\u1ed9i th\u01b0\u1eddng ni\u00ean Th\u00f4ng b\u00e1o v\u1ec1 \u0110\u1ea1i h\u1ed9i th\u01b0\u1eddng ni\u00eanBi\u1ec3u m\u1eabu \u1ee7y quy\u1ec1n cho AGM 6 th\u00e1ng 4 n\u0103m 2022 \u0110\u1ea1i h\u1ed9i b\u1ea5t th\u01b0\u1eddng Th\u00f4ng b\u00e1o v\u1ec1 \u0110\u1ea1i h\u1ed9i b\u1ea5t th\u01b0\u1eddngBi\u1ec3u m\u1eabu \u1ee7y quy\u1ec1n cho EGM&hellip;","og_url":"https:\/\/metisenergy.com\/vi\/thong-bao-sgx-thong-cao-truyen-thong\/","og_site_name":"Metis Energy","article_modified_time":"2022-08-25T04:46:21+00:00","twitter_card":"summary_large_image","twitter_misc":{"Est. reading time":"1 minute"},"schema":{"@context":"https:\/\/schema.org","@graph":[{"@type":"WebPage","@id":"https:\/\/metisenergy.com\/vi\/thong-bao-sgx-thong-cao-truyen-thong\/","url":"https:\/\/metisenergy.com\/vi\/thong-bao-sgx-thong-cao-truyen-thong\/","name":"Th\u00f4ng b\u00e1o SGX &amp; Th\u00f4ng c\u00e1o truy\u1ec1n th\u00f4ng - Metis Energy","isPartOf":{"@id":"https:\/\/metisenergy.com\/vi\/#website"},"datePublished":"2022-05-29T04:47:10+00:00","dateModified":"2022-08-25T04:46:21+00:00","breadcrumb":{"@id":"https:\/\/metisenergy.com\/vi\/thong-bao-sgx-thong-cao-truyen-thong\/#breadcrumb"},"inLanguage":"vi-VN","potentialAction":[{"@type":"ReadAction","target":["https:\/\/metisenergy.com\/vi\/thong-bao-sgx-thong-cao-truyen-thong\/"]}]},{"@type":"BreadcrumbList","@id":"https:\/\/metisenergy.com\/vi\/thong-bao-sgx-thong-cao-truyen-thong\/#breadcrumb","itemListElement":[{"@type":"ListItem","position":1,"name":"Home","item":"https:\/\/metisenergy.com\/vi\/"},{"@type":"ListItem","position":2,"name":"Th\u00f4ng b\u00e1o SGX &amp; Th\u00f4ng c\u00e1o truy\u1ec1n th\u00f4ng"}]},{"@type":"WebSite","@id":"https:\/\/metisenergy.com\/vi\/#website","url":"https:\/\/metisenergy.com\/vi\/","name":"Metis Energy","description":"Together for a Brighter Future\u2122","publisher":{"@id":"https:\/\/metisenergy.com\/vi\/#organization"},"potentialAction":[{"@type":"SearchAction","target":{"@type":"EntryPoint","urlTemplate":"https:\/\/metisenergy.com\/vi\/?s={search_term_string}"},"query-input":{"@type":"PropertyValueSpecification","valueRequired":true,"valueName":"search_term_string"}}],"inLanguage":"vi-VN"},{"@type":"Organization","@id":"https:\/\/metisenergy.com\/vi\/#organization","name":"Metis Energy","url":"https:\/\/metisenergy.com\/vi\/","logo":{"@type":"ImageObject","inLanguage":"vi-VN","@id":"https:\/\/metisenergy.com\/vi\/#\/schema\/logo\/image\/","url":"https:\/\/metisenergy.com\/wp-content\/uploads\/Metis-Logo-V.png-1.png","contentUrl":"https:\/\/metisenergy.com\/wp-content\/uploads\/Metis-Logo-V.png-1.png","width":2394,"height":2469,"caption":"Metis Energy"},"image":{"@id":"https:\/\/metisenergy.com\/vi\/#\/schema\/logo\/image\/"}}]}},"_links":{"self":[{"href":"https:\/\/metisenergy.com\/vi\/wp-json\/wp\/v2\/pages\/8201","targetHints":{"allow":["GET"]}}],"collection":[{"href":"https:\/\/metisenergy.com\/vi\/wp-json\/wp\/v2\/pages"}],"about":[{"href":"https:\/\/metisenergy.com\/vi\/wp-json\/wp\/v2\/types\/page"}],"author":[{"embeddable":true,"href":"https:\/\/metisenergy.com\/vi\/wp-json\/wp\/v2\/users\/11"}],"replies":[{"embeddable":true,"href":"https:\/\/metisenergy.com\/vi\/wp-json\/wp\/v2\/comments?post=8201"}],"version-history":[{"count":4,"href":"https:\/\/metisenergy.com\/vi\/wp-json\/wp\/v2\/pages\/8201\/revisions"}],"predecessor-version":[{"id":8241,"href":"https:\/\/metisenergy.com\/vi\/wp-json\/wp\/v2\/pages\/8201\/revisions\/8241"}],"wp:attachment":[{"href":"https:\/\/metisenergy.com\/vi\/wp-json\/wp\/v2\/media?parent=8201"}],"curies":[{"name":"wp","href":"https:\/\/api.w.org\/{rel}","templated":true}]}}