{"id":8205,"date":"2022-05-24T09:03:46","date_gmt":"2022-05-24T01:03:46","guid":{"rendered":"https:\/\/metisenergy.com\/mo-hinh-kinh-doanh\/"},"modified":"2022-08-25T12:46:20","modified_gmt":"2022-08-25T04:46:20","slug":"mo-hinh-kinh-doanh","status":"publish","type":"page","link":"https:\/\/metisenergy.com\/vi\/mo-hinh-kinh-doanh\/","title":{"rendered":"M\u00f4 h\u00ecnh kinh doanh"},"content":{"rendered":"\t\t<div data-elementor-type=\"wp-page\" data-elementor-id=\"8205\" class=\"elementor elementor-8205\">\n\t\t\t\t\t\t<section class=\"elementor-section elementor-top-section elementor-element elementor-element-15788fb elementor-section-full_width elementor-section-height-default elementor-section-height-default\" data-id=\"15788fb\" data-element_type=\"section\" data-e-type=\"section\" data-settings=\"{&quot;background_background&quot;:&quot;classic&quot;}\">\n\t\t\t\t\t\t\t<div class=\"elementor-background-overlay\"><\/div>\n\t\t\t\t\t\t\t<div class=\"elementor-container elementor-column-gap-no\">\n\t\t\t\t\t<div class=\"elementor-column elementor-col-100 elementor-top-column elementor-element elementor-element-c3b9be3\" data-id=\"c3b9be3\" data-element_type=\"column\" data-e-type=\"column\">\n\t\t\t<div class=\"elementor-widget-wrap elementor-element-populated\">\n\t\t\t\t\t\t<div class=\"elementor-element elementor-element-0a96c3b elementor-widget elementor-widget-heading\" data-id=\"0a96c3b\" data-element_type=\"widget\" data-e-type=\"widget\" data-widget_type=\"heading.default\">\n\t\t\t\t<div class=\"elementor-widget-container\">\n\t\t\t\t\t<div class=\"elementor-heading-title elementor-size-small\">M\u00d4 H\u00ccNH KINH DOANH<\/div>\t\t\t\t<\/div>\n\t\t\t\t<\/div>\n\t\t\t\t<div class=\"elementor-element elementor-element-5607dd3 elementor-widget elementor-widget-heading\" data-id=\"5607dd3\" data-element_type=\"widget\" data-e-type=\"widget\" data-widget_type=\"heading.default\">\n\t\t\t\t<div class=\"elementor-widget-container\">\n\t\t\t\t\t<h2 class=\"elementor-heading-title elementor-size-default\">T\u1ed1i \u0111a h\u00f3a t\u00ednh b\u1ec1n v\u1eefng v\u1edbi gi\u00e1 tr\u1ecb<\/h2>\t\t\t\t<\/div>\n\t\t\t\t<\/div>\n\t\t\t\t<div class=\"elementor-element elementor-element-395460c elementor-widget elementor-widget-text-editor\" data-id=\"395460c\" data-element_type=\"widget\" data-e-type=\"widget\" data-widget_type=\"text-editor.default\">\n\t\t\t\t<div class=\"elementor-widget-container\">\n\t\t\t\t\t\t\t\t\t<p><span style=\"font-weight: 400;\">T\u1ea1i Metis Energy, ch\u00fang t\u00f4i tin t\u01b0\u1edfng m\u1ea1nh m\u1ebd r\u1eb1ng s\u1ef1 b\u1ec1n v\u1eefng v\u00e0 vi\u1ec7c t\u1ea1o ra gi\u00e1 tr\u1ecb t\u00e0i ch\u00ednh lu\u00f4n song h\u00e0nh v\u1edbi nhau. C\u00e1c nguy\u00ean t\u1eafc kinh doanh c\u1ee7a ch\u00fang t\u00f4i \u0111\u01b0\u1ee3c c\u1ea5u tr\u00fac \u0111\u1ec3 \u0111\u1ea1t \u0111\u01b0\u1ee3c t\u1ea7m nh\u00ecn c\u1ee7a ch\u00fang t\u00f4i v\u1ec1 m\u1ed9t t\u01b0\u01a1ng lai kh\u00f4ng c\u00f3 r\u00f2ng v\u00e0 x\u00e3 h\u1ed9i xanh h\u01a1n, b\u1eb1ng c\u00e1ch t\u1eadn d\u1ee5ng n\u0103ng l\u1ef1c v\u00e0 kh\u1ea3 n\u0103ng \u0111\u00e3 \u0111\u01b0\u1ee3c ch\u1ee9ng minh c\u1ee7a ch\u00fang t\u00f4i \u0111\u1ec3 cung c\u1ea5p c\u00e1c d\u1ef1 \u00e1n \u0111\u1eb3ng c\u1ea5p th\u1ebf gi\u1edbi.<\/span><\/p>\t\t\t\t\t\t\t\t<\/div>\n\t\t\t\t<\/div>\n\t\t\t\t\t<\/div>\n\t\t<\/div>\n\t\t\t\t\t<\/div>\n\t\t<\/section>\n\t\t\t\t<section class=\"elementor-section elementor-top-section elementor-element elementor-element-3df65c6 elementor-section-full_width elementor-section-height-default elementor-section-height-default\" data-id=\"3df65c6\" data-element_type=\"section\" data-e-type=\"section\" data-settings=\"{&quot;background_background&quot;:&quot;classic&quot;}\">\n\t\t\t\t\t\t<div class=\"elementor-container elementor-column-gap-no\">\n\t\t\t\t\t<div class=\"elementor-column elementor-col-100 elementor-top-column elementor-element elementor-element-d52cdc2\" data-id=\"d52cdc2\" data-element_type=\"column\" data-e-type=\"column\">\n\t\t\t<div class=\"elementor-widget-wrap elementor-element-populated\">\n\t\t\t\t\t\t<section class=\"elementor-section elementor-inner-section elementor-element elementor-element-39e2c7a elementor-section-full_width elementor-section-height-default elementor-section-height-default\" data-id=\"39e2c7a\" data-element_type=\"section\" data-e-type=\"section\">\n\t\t\t\t\t\t<div class=\"elementor-container elementor-column-gap-no\">\n\t\t\t\t\t<div class=\"elementor-column elementor-col-100 elementor-inner-column elementor-element elementor-element-a6653ed\" data-id=\"a6653ed\" data-element_type=\"column\" data-e-type=\"column\">\n\t\t\t<div class=\"elementor-widget-wrap elementor-element-populated\">\n\t\t\t\t\t\t<div class=\"elementor-element elementor-element-8c2d923 elementor-widget elementor-widget-heading\" data-id=\"8c2d923\" data-element_type=\"widget\" data-e-type=\"widget\" data-widget_type=\"heading.default\">\n\t\t\t\t<div class=\"elementor-widget-container\">\n\t\t\t\t\t<h2 class=\"elementor-heading-title elementor-size-default\">\u0110i b\u1ed9 c\u00f9ng b\u1ea1n tr\u00ean m\u1ecdi n\u1ebbo \u0111\u01b0\u1eddng<\/h2>\t\t\t\t<\/div>\n\t\t\t\t<\/div>\n\t\t\t\t<div class=\"elementor-element elementor-element-66b4ed5 elementor-widget elementor-widget-text-editor\" data-id=\"66b4ed5\" data-element_type=\"widget\" data-e-type=\"widget\" data-widget_type=\"text-editor.default\">\n\t\t\t\t<div class=\"elementor-widget-container\">\n\t\t\t\t\t\t\t\t\t<p><span style=\"font-weight: 400;\">Ch\u00fang t\u00f4i \u00e1p d\u1ee5ng quan \u0111i\u1ec3m v\u00e0 cam k\u1ebft l\u00e2u d\u00e0i cho m\u1ecdi d\u1ef1 \u00e1n. Do \u0111\u00f3, ch\u00fang t\u00f4i tham gia v\u00e0o m\u1ecdi kh\u00eda c\u1ea1nh t\u1eeb nghi\u00ean c\u1ee9u kh\u1ea3 thi, ph\u00e1t tri\u1ec3n, giao h\u00e0ng, v\u1eadn h\u00e0nh v\u00e0 tham gia v\u00e0o c\u1ed9ng \u0111\u1ed3ng.<\/span><\/p>\t\t\t\t\t\t\t\t<\/div>\n\t\t\t\t<\/div>\n\t\t\t\t\t<\/div>\n\t\t<\/div>\n\t\t\t\t\t<\/div>\n\t\t<\/section>\n\t\t\t\t<section class=\"elementor-section elementor-inner-section elementor-element elementor-element-1a1dfda elementor-section-boxed elementor-section-height-default elementor-section-height-default\" data-id=\"1a1dfda\" data-element_type=\"section\" data-e-type=\"section\">\n\t\t\t\t\t\t<div class=\"elementor-container elementor-column-gap-custom\">\n\t\t\t\t\t<div class=\"elementor-column elementor-col-33 elementor-inner-column elementor-element elementor-element-dcb5f71\" data-id=\"dcb5f71\" data-element_type=\"column\" data-e-type=\"column\">\n\t\t\t<div class=\"elementor-widget-wrap elementor-element-populated\">\n\t\t\t\t\t\t<div class=\"elementor-element elementor-element-6612027 elementor-position-top elementor-widget elementor-widget-image-box\" data-id=\"6612027\" data-element_type=\"widget\" data-e-type=\"widget\" data-widget_type=\"image-box.default\">\n\t\t\t\t<div class=\"elementor-widget-container\">\n\t\t\t\t\t<div class=\"elementor-image-box-wrapper\"><figure class=\"elementor-image-box-img\"><img fetchpriority=\"high\" decoding=\"async\" width=\"600\" height=\"600\" src=\"https:\/\/metisenergy.com\/wp-content\/uploads\/metis-energy-synergetic-partnership-1-1.svg\" class=\"attachment-full size-full wp-image-5043\" alt=\"\" \/><\/figure><div class=\"elementor-image-box-content\"><h3 class=\"elementor-image-box-title\">Quan h\u1ec7 \u0111\u1ed1i t\u00e1c hi\u1ec7p \u0111\u1ed3ng<\/h3><p class=\"elementor-image-box-description\">C\u00e1c m\u1ed1i quan h\u1ec7 \u0111\u1ed1i t\u00e1c c\u1ee7a ch\u00fang t\u00f4i \u0111\u01b0\u1ee3c c\u00e2n nh\u1eafc k\u1ef9 l\u01b0\u1ee1ng, t\u1ea5t c\u1ea3 \u0111\u1ec1u v\u1edbi m\u1ee5c ti\u00eau \u0111\u1eb7t l\u00ean h\u00e0ng \u0111\u1ea7u l\u00e0 t\u00ednh trung h\u00f2a carbon. Ch\u00fang t\u00f4i t\u00ecm ki\u1ebfm \u0111\u00f4i b\u00ean c\u00f9ng c\u00f3 l\u1ee3i cho m\u1ed9t t\u01b0\u01a1ng lai xanh h\u01a1n.<\/p><\/div><\/div>\t\t\t\t<\/div>\n\t\t\t\t<\/div>\n\t\t\t\t\t<\/div>\n\t\t<\/div>\n\t\t\t\t<div class=\"elementor-column elementor-col-33 elementor-inner-column elementor-element elementor-element-9199b0b\" data-id=\"9199b0b\" data-element_type=\"column\" data-e-type=\"column\">\n\t\t\t<div class=\"elementor-widget-wrap elementor-element-populated\">\n\t\t\t\t\t\t<div class=\"elementor-element elementor-element-ed7037b elementor-position-top elementor-widget elementor-widget-image-box\" data-id=\"ed7037b\" data-element_type=\"widget\" data-e-type=\"widget\" data-widget_type=\"image-box.default\">\n\t\t\t\t<div class=\"elementor-widget-container\">\n\t\t\t\t\t<div class=\"elementor-image-box-wrapper\"><figure class=\"elementor-image-box-img\"><img decoding=\"async\" src=\"https:\/\/metisenergy.com\/wp-content\/uploads\/metis-energy-techno-commercial-2.svg\" title=\"metis-energy-techno-commercial-2\" alt=\"metis-energy-techno-commercial-2\" loading=\"lazy\" \/><\/figure><div class=\"elementor-image-box-content\"><h3 class=\"elementor-image-box-title\">V\u1eadn h\u00e0nh &amp; B\u1ea3o tr\u00ec<\/h3><p class=\"elementor-image-box-description\">Ch\u00fang t\u00f4i \u0111\u1ea3m nh\u1eadn to\u00e0n b\u1ed9 c\u00e1c ho\u1ea1t \u0111\u1ed9ng, b\u1ea3o tr\u00ec v\u00e0 qu\u1ea3n l\u00fd t\u00e0i s\u1ea3n. Ch\u00fang t\u00f4i tri\u1ec3n khai N\u1ec1n t\u1ea3ng qu\u1ea3n l\u00fd t\u00e0i s\u1ea3n k\u1ef9 thu\u1eadt s\u1ed1 c\u1ee7a m\u00ecnh \u0111\u1ec3 cung c\u1ea5p th\u00f4ng tin chi ti\u1ebft quan tr\u1ecdng.<\/p><\/div><\/div>\t\t\t\t<\/div>\n\t\t\t\t<\/div>\n\t\t\t\t\t<\/div>\n\t\t<\/div>\n\t\t\t\t<div class=\"elementor-column elementor-col-33 elementor-inner-column elementor-element elementor-element-5f64907\" data-id=\"5f64907\" data-element_type=\"column\" data-e-type=\"column\">\n\t\t\t<div class=\"elementor-widget-wrap elementor-element-populated\">\n\t\t\t\t\t\t<div class=\"elementor-element elementor-element-61050b0 elementor-position-top elementor-widget elementor-widget-image-box\" data-id=\"61050b0\" data-element_type=\"widget\" data-e-type=\"widget\" data-widget_type=\"image-box.default\">\n\t\t\t\t<div class=\"elementor-widget-container\">\n\t\t\t\t\t<div class=\"elementor-image-box-wrapper\"><figure class=\"elementor-image-box-img\"><img decoding=\"async\" width=\"600\" height=\"600\" src=\"https:\/\/metisenergy.com\/wp-content\/uploads\/metis-energy-permiting-instalation-1-1.svg\" class=\"attachment-full size-full wp-image-5073\" alt=\"\" \/><\/figure><div class=\"elementor-image-box-content\"><h3 class=\"elementor-image-box-title\">C\u1ea5p ph\u00e9p, C\u00e0i \u0111\u1eb7t &amp; V\u1eadn h\u00e0nh<\/h3><p class=\"elementor-image-box-description\">Ch\u00fang t\u00f4i ch\u1ecbu tr\u00e1ch nhi\u1ec7m cho t\u1ea5t c\u1ea3 c\u00e1c d\u1ef1 \u00e1n c\u1ea5p ph\u00e9p, l\u1eafp \u0111\u1eb7t v\u00e0 v\u1eadn h\u00e0nh, t\u1ea1o ra c\u00e1c gi\u1ea3i ph\u00e1p \u0111\u1ea7u cu\u1ed1i.<\/p><\/div><\/div>\t\t\t\t<\/div>\n\t\t\t\t<\/div>\n\t\t\t\t\t<\/div>\n\t\t<\/div>\n\t\t\t\t\t<\/div>\n\t\t<\/section>\n\t\t\t\t<section class=\"elementor-section elementor-inner-section elementor-element elementor-element-a6e2445 elementor-section-boxed elementor-section-height-default elementor-section-height-default\" data-id=\"a6e2445\" data-element_type=\"section\" data-e-type=\"section\">\n\t\t\t\t\t\t<div class=\"elementor-container elementor-column-gap-custom\">\n\t\t\t\t\t<div class=\"elementor-column elementor-col-33 elementor-inner-column elementor-element elementor-element-de6769e\" data-id=\"de6769e\" data-element_type=\"column\" data-e-type=\"column\">\n\t\t\t<div class=\"elementor-widget-wrap elementor-element-populated\">\n\t\t\t\t\t\t<div class=\"elementor-element elementor-element-b87deb3 elementor-position-top elementor-widget elementor-widget-image-box\" data-id=\"b87deb3\" data-element_type=\"widget\" data-e-type=\"widget\" data-widget_type=\"image-box.default\">\n\t\t\t\t<div class=\"elementor-widget-container\">\n\t\t\t\t\t<div class=\"elementor-image-box-wrapper\"><figure class=\"elementor-image-box-img\"><img decoding=\"async\" width=\"600\" height=\"600\" src=\"https:\/\/metisenergy.com\/wp-content\/uploads\/metis-energy-contraction-management-2.svg\" class=\"attachment-full size-full wp-image-4041\" alt=\"\" \/><\/figure><div class=\"elementor-image-box-content\"><h3 class=\"elementor-image-box-title\">Kh\u00f4ng \u0111\u1ea7u t\u01b0 t\u1eeb kh\u00e1ch h\u00e0ng<\/h3><p class=\"elementor-image-box-description\">Ch\u00fang t\u00f4i ph\u00e1t tri\u1ec3n, \u0111\u1ea7u t\u01b0, x\u00e2y d\u1ef1ng, s\u1edf h\u1eefu v\u00e0 v\u1eadn h\u00e0nh c\u00e1c d\u1ef1 \u00e1n c\u1ee7a m\u00ecnh, d\u1eabn \u0111\u1ebfn vi\u1ec7c \u0111\u1ea7u t\u01b0 g\u1ea7n nh\u01b0 b\u1eb1ng kh\u00f4ng cho kh\u00e1ch h\u00e0ng c\u1ee7a ch\u00fang t\u00f4i. <\/p><\/div><\/div>\t\t\t\t<\/div>\n\t\t\t\t<\/div>\n\t\t\t\t\t<\/div>\n\t\t<\/div>\n\t\t\t\t<div class=\"elementor-column elementor-col-33 elementor-inner-column elementor-element elementor-element-8fafdfc\" data-id=\"8fafdfc\" data-element_type=\"column\" data-e-type=\"column\">\n\t\t\t<div class=\"elementor-widget-wrap elementor-element-populated\">\n\t\t\t\t\t\t<div class=\"elementor-element elementor-element-59c8639 elementor-position-top elementor-widget elementor-widget-image-box\" data-id=\"59c8639\" data-element_type=\"widget\" data-e-type=\"widget\" data-widget_type=\"image-box.default\">\n\t\t\t\t<div class=\"elementor-widget-container\">\n\t\t\t\t\t<div class=\"elementor-image-box-wrapper\"><figure class=\"elementor-image-box-img\"><img decoding=\"async\" src=\"https:\/\/metisenergy.com\/wp-content\/uploads\/metis-energy-financial-solutions-2-1.svg\" title=\"metis-energy-financial-solutions-2\" alt=\"metis-energy-financial-solutions-2\" loading=\"lazy\" \/><\/figure><div class=\"elementor-image-box-content\"><h3 class=\"elementor-image-box-title\">Gi\u1ea3i ph\u00e1p xanh<\/h3><p class=\"elementor-image-box-description\">C\u00e1c d\u1ef1 \u00e1n c\u1ee7a ch\u00fang t\u00f4i gi\u00fap gi\u1ea3m chi ph\u00ed \u0111i\u1ec7n b\u1eb1ng c\u00e1ch t\u1eadn d\u1ee5ng c\u00e1c c\u00f4ng ngh\u1ec7 m\u1edbi nh\u1ea5t trong n\u0103ng l\u01b0\u1ee3ng t\u00e1i t\u1ea1o.<\/p><\/div><\/div>\t\t\t\t<\/div>\n\t\t\t\t<\/div>\n\t\t\t\t\t<\/div>\n\t\t<\/div>\n\t\t\t\t<div class=\"elementor-column elementor-col-33 elementor-inner-column elementor-element elementor-element-6c7396f\" data-id=\"6c7396f\" data-element_type=\"column\" data-e-type=\"column\">\n\t\t\t<div class=\"elementor-widget-wrap elementor-element-populated\">\n\t\t\t\t\t\t<div class=\"elementor-element elementor-element-addb473 elementor-position-top elementor-widget elementor-widget-image-box\" data-id=\"addb473\" data-element_type=\"widget\" data-e-type=\"widget\" data-widget_type=\"image-box.default\">\n\t\t\t\t<div class=\"elementor-widget-container\">\n\t\t\t\t\t<div class=\"elementor-image-box-wrapper\"><figure class=\"elementor-image-box-img\"><img loading=\"lazy\" decoding=\"async\" width=\"600\" height=\"600\" src=\"https:\/\/metisenergy.com\/wp-content\/uploads\/metis-energy-peace-of-mind-1.svg\" class=\"attachment-full size-full wp-image-5074\" alt=\"\" \/><\/figure><div class=\"elementor-image-box-content\"><h3 class=\"elementor-image-box-title\">Y\u00ean t\u00e2m<\/h3><p class=\"elementor-image-box-description\">\u0110\u1ed9i ng\u0169 gi\u00e0u kinh nghi\u1ec7m c\u1ee7a ch\u00fang t\u00f4i qu\u1ea3n l\u00fd m\u1ecdi d\u1ef1 \u00e1n m\u1ed9t c\u00e1ch li\u1ec1n m\u1ea1ch, mang \u0111\u1ebfn cho kh\u00e1ch h\u00e0ng v\u00e0 \u0111\u1ed1i t\u00e1c s\u1ef1 an t\u00e2m ho\u00e0n to\u00e0n.<\/p><\/div><\/div>\t\t\t\t<\/div>\n\t\t\t\t<\/div>\n\t\t\t\t\t<\/div>\n\t\t<\/div>\n\t\t\t\t\t<\/div>\n\t\t<\/section>\n\t\t\t\t\t<\/div>\n\t\t<\/div>\n\t\t\t\t\t<\/div>\n\t\t<\/section>\n\t\t\t\t<\/div>\n\t\t","protected":false},"excerpt":{"rendered":"<p>M\u00d4 H\u00ccNH KINH DOANH T\u1ed1i \u0111a h\u00f3a t\u00ednh b\u1ec1n v\u1eefng v\u1edbi gi\u00e1 tr\u1ecb T\u1ea1i Metis Energy, ch\u00fang t\u00f4i tin t\u01b0\u1edfng m\u1ea1nh m\u1ebd r\u1eb1ng s\u1ef1 b\u1ec1n v\u1eefng v\u00e0 vi\u1ec7c t\u1ea1o ra gi\u00e1 tr\u1ecb t\u00e0i ch\u00ednh lu\u00f4n song h\u00e0nh v\u1edbi nhau. C\u00e1c nguy\u00ean t\u1eafc kinh doanh c\u1ee7a ch\u00fang t\u00f4i \u0111\u01b0\u1ee3c c\u1ea5u tr\u00fac \u0111\u1ec3 \u0111\u1ea1t \u0111\u01b0\u1ee3c t\u1ea7m nh\u00ecn&hellip;<\/p>\n","protected":false},"author":11,"featured_media":7617,"parent":0,"menu_order":0,"comment_status":"closed","ping_status":"closed","template":"elementor_header_footer","meta":{"footnotes":""},"class_list":["post-8205","page","type-page","status-publish","has-post-thumbnail","hentry"],"yoast_head":"<!-- This site is optimized with the Yoast SEO plugin v27.2 - https:\/\/yoast.com\/product\/yoast-seo-wordpress\/ -->\n<title>M\u00f4 h\u00ecnh kinh doanh - Metis Energy<\/title>\n<meta name=\"robots\" content=\"index, follow, max-snippet:-1, max-image-preview:large, max-video-preview:-1\" \/>\n<link rel=\"canonical\" href=\"https:\/\/metisenergy.com\/vi\/mo-hinh-kinh-doanh\/\" \/>\n<meta property=\"og:locale\" content=\"vi_VN\" \/>\n<meta property=\"og:type\" content=\"article\" \/>\n<meta property=\"og:title\" content=\"M\u00f4 h\u00ecnh kinh doanh - Metis Energy\" \/>\n<meta property=\"og:description\" content=\"M\u00d4 H\u00ccNH KINH DOANH T\u1ed1i \u0111a h\u00f3a t\u00ednh b\u1ec1n v\u1eefng v\u1edbi gi\u00e1 tr\u1ecb T\u1ea1i Metis Energy, ch\u00fang t\u00f4i tin t\u01b0\u1edfng m\u1ea1nh m\u1ebd r\u1eb1ng s\u1ef1 b\u1ec1n v\u1eefng v\u00e0 vi\u1ec7c t\u1ea1o ra gi\u00e1 tr\u1ecb t\u00e0i ch\u00ednh lu\u00f4n song h\u00e0nh v\u1edbi nhau. C\u00e1c nguy\u00ean t\u1eafc kinh doanh c\u1ee7a ch\u00fang t\u00f4i \u0111\u01b0\u1ee3c c\u1ea5u tr\u00fac \u0111\u1ec3 \u0111\u1ea1t \u0111\u01b0\u1ee3c t\u1ea7m nh\u00ecn&hellip;\" \/>\n<meta property=\"og:url\" content=\"https:\/\/metisenergy.com\/vi\/mo-hinh-kinh-doanh\/\" \/>\n<meta property=\"og:site_name\" content=\"Metis Energy\" \/>\n<meta property=\"article:modified_time\" content=\"2022-08-25T04:46:20+00:00\" \/>\n<meta property=\"og:image\" content=\"https:\/\/metisenergy.com\/wp-content\/uploads\/metis-energy-brand-image-colour-2.jpg\" \/>\n\t<meta property=\"og:image:width\" content=\"2000\" \/>\n\t<meta property=\"og:image:height\" content=\"1125\" \/>\n\t<meta property=\"og:image:type\" content=\"image\/jpeg\" \/>\n<meta name=\"twitter:card\" content=\"summary_large_image\" \/>\n<meta name=\"twitter:label1\" content=\"Est. reading time\" \/>\n\t<meta name=\"twitter:data1\" content=\"3 minutes\" \/>\n<script type=\"application\/ld+json\" class=\"yoast-schema-graph\">{\"@context\":\"https:\/\/schema.org\",\"@graph\":[{\"@type\":\"WebPage\",\"@id\":\"https:\/\/metisenergy.com\/vi\/mo-hinh-kinh-doanh\/\",\"url\":\"https:\/\/metisenergy.com\/vi\/mo-hinh-kinh-doanh\/\",\"name\":\"M\u00f4 h\u00ecnh kinh doanh - Metis Energy\",\"isPartOf\":{\"@id\":\"https:\/\/metisenergy.com\/vi\/#website\"},\"primaryImageOfPage\":{\"@id\":\"https:\/\/metisenergy.com\/vi\/mo-hinh-kinh-doanh\/#primaryimage\"},\"image\":{\"@id\":\"https:\/\/metisenergy.com\/vi\/mo-hinh-kinh-doanh\/#primaryimage\"},\"thumbnailUrl\":\"https:\/\/metisenergy.com\/wp-content\/uploads\/metis-energy-brand-image-colour-2.jpg\",\"datePublished\":\"2022-05-24T01:03:46+00:00\",\"dateModified\":\"2022-08-25T04:46:20+00:00\",\"breadcrumb\":{\"@id\":\"https:\/\/metisenergy.com\/vi\/mo-hinh-kinh-doanh\/#breadcrumb\"},\"inLanguage\":\"vi-VN\",\"potentialAction\":[{\"@type\":\"ReadAction\",\"target\":[\"https:\/\/metisenergy.com\/vi\/mo-hinh-kinh-doanh\/\"]}]},{\"@type\":\"ImageObject\",\"inLanguage\":\"vi-VN\",\"@id\":\"https:\/\/metisenergy.com\/vi\/mo-hinh-kinh-doanh\/#primaryimage\",\"url\":\"https:\/\/metisenergy.com\/wp-content\/uploads\/metis-energy-brand-image-colour-2.jpg\",\"contentUrl\":\"https:\/\/metisenergy.com\/wp-content\/uploads\/metis-energy-brand-image-colour-2.jpg\",\"width\":2000,\"height\":1125},{\"@type\":\"BreadcrumbList\",\"@id\":\"https:\/\/metisenergy.com\/vi\/mo-hinh-kinh-doanh\/#breadcrumb\",\"itemListElement\":[{\"@type\":\"ListItem\",\"position\":1,\"name\":\"Home\",\"item\":\"https:\/\/metisenergy.com\/vi\/\"},{\"@type\":\"ListItem\",\"position\":2,\"name\":\"M\u00f4 h\u00ecnh kinh doanh\"}]},{\"@type\":\"WebSite\",\"@id\":\"https:\/\/metisenergy.com\/vi\/#website\",\"url\":\"https:\/\/metisenergy.com\/vi\/\",\"name\":\"Metis Energy\",\"description\":\"Together for a Brighter Future\u2122\",\"publisher\":{\"@id\":\"https:\/\/metisenergy.com\/vi\/#organization\"},\"potentialAction\":[{\"@type\":\"SearchAction\",\"target\":{\"@type\":\"EntryPoint\",\"urlTemplate\":\"https:\/\/metisenergy.com\/vi\/?s={search_term_string}\"},\"query-input\":{\"@type\":\"PropertyValueSpecification\",\"valueRequired\":true,\"valueName\":\"search_term_string\"}}],\"inLanguage\":\"vi-VN\"},{\"@type\":\"Organization\",\"@id\":\"https:\/\/metisenergy.com\/vi\/#organization\",\"name\":\"Metis Energy\",\"url\":\"https:\/\/metisenergy.com\/vi\/\",\"logo\":{\"@type\":\"ImageObject\",\"inLanguage\":\"vi-VN\",\"@id\":\"https:\/\/metisenergy.com\/vi\/#\/schema\/logo\/image\/\",\"url\":\"https:\/\/metisenergy.com\/wp-content\/uploads\/Metis-Logo-V.png-1.png\",\"contentUrl\":\"https:\/\/metisenergy.com\/wp-content\/uploads\/Metis-Logo-V.png-1.png\",\"width\":2394,\"height\":2469,\"caption\":\"Metis Energy\"},\"image\":{\"@id\":\"https:\/\/metisenergy.com\/vi\/#\/schema\/logo\/image\/\"}}]}<\/script>\n<!-- \/ Yoast SEO plugin. -->","yoast_head_json":{"title":"M\u00f4 h\u00ecnh kinh doanh - Metis Energy","robots":{"index":"index","follow":"follow","max-snippet":"max-snippet:-1","max-image-preview":"max-image-preview:large","max-video-preview":"max-video-preview:-1"},"canonical":"https:\/\/metisenergy.com\/vi\/mo-hinh-kinh-doanh\/","og_locale":"vi_VN","og_type":"article","og_title":"M\u00f4 h\u00ecnh kinh doanh - Metis Energy","og_description":"M\u00d4 H\u00ccNH KINH DOANH T\u1ed1i \u0111a h\u00f3a t\u00ednh b\u1ec1n v\u1eefng v\u1edbi gi\u00e1 tr\u1ecb T\u1ea1i Metis Energy, ch\u00fang t\u00f4i tin t\u01b0\u1edfng m\u1ea1nh m\u1ebd r\u1eb1ng s\u1ef1 b\u1ec1n v\u1eefng v\u00e0 vi\u1ec7c t\u1ea1o ra gi\u00e1 tr\u1ecb t\u00e0i ch\u00ednh lu\u00f4n song h\u00e0nh v\u1edbi nhau. C\u00e1c nguy\u00ean t\u1eafc kinh doanh c\u1ee7a ch\u00fang t\u00f4i \u0111\u01b0\u1ee3c c\u1ea5u tr\u00fac \u0111\u1ec3 \u0111\u1ea1t \u0111\u01b0\u1ee3c t\u1ea7m nh\u00ecn&hellip;","og_url":"https:\/\/metisenergy.com\/vi\/mo-hinh-kinh-doanh\/","og_site_name":"Metis Energy","article_modified_time":"2022-08-25T04:46:20+00:00","og_image":[{"width":2000,"height":1125,"url":"https:\/\/metisenergy.com\/wp-content\/uploads\/metis-energy-brand-image-colour-2.jpg","type":"image\/jpeg"}],"twitter_card":"summary_large_image","twitter_misc":{"Est. reading time":"3 minutes"},"schema":{"@context":"https:\/\/schema.org","@graph":[{"@type":"WebPage","@id":"https:\/\/metisenergy.com\/vi\/mo-hinh-kinh-doanh\/","url":"https:\/\/metisenergy.com\/vi\/mo-hinh-kinh-doanh\/","name":"M\u00f4 h\u00ecnh kinh doanh - Metis Energy","isPartOf":{"@id":"https:\/\/metisenergy.com\/vi\/#website"},"primaryImageOfPage":{"@id":"https:\/\/metisenergy.com\/vi\/mo-hinh-kinh-doanh\/#primaryimage"},"image":{"@id":"https:\/\/metisenergy.com\/vi\/mo-hinh-kinh-doanh\/#primaryimage"},"thumbnailUrl":"https:\/\/metisenergy.com\/wp-content\/uploads\/metis-energy-brand-image-colour-2.jpg","datePublished":"2022-05-24T01:03:46+00:00","dateModified":"2022-08-25T04:46:20+00:00","breadcrumb":{"@id":"https:\/\/metisenergy.com\/vi\/mo-hinh-kinh-doanh\/#breadcrumb"},"inLanguage":"vi-VN","potentialAction":[{"@type":"ReadAction","target":["https:\/\/metisenergy.com\/vi\/mo-hinh-kinh-doanh\/"]}]},{"@type":"ImageObject","inLanguage":"vi-VN","@id":"https:\/\/metisenergy.com\/vi\/mo-hinh-kinh-doanh\/#primaryimage","url":"https:\/\/metisenergy.com\/wp-content\/uploads\/metis-energy-brand-image-colour-2.jpg","contentUrl":"https:\/\/metisenergy.com\/wp-content\/uploads\/metis-energy-brand-image-colour-2.jpg","width":2000,"height":1125},{"@type":"BreadcrumbList","@id":"https:\/\/metisenergy.com\/vi\/mo-hinh-kinh-doanh\/#breadcrumb","itemListElement":[{"@type":"ListItem","position":1,"name":"Home","item":"https:\/\/metisenergy.com\/vi\/"},{"@type":"ListItem","position":2,"name":"M\u00f4 h\u00ecnh kinh doanh"}]},{"@type":"WebSite","@id":"https:\/\/metisenergy.com\/vi\/#website","url":"https:\/\/metisenergy.com\/vi\/","name":"Metis Energy","description":"Together for a Brighter Future\u2122","publisher":{"@id":"https:\/\/metisenergy.com\/vi\/#organization"},"potentialAction":[{"@type":"SearchAction","target":{"@type":"EntryPoint","urlTemplate":"https:\/\/metisenergy.com\/vi\/?s={search_term_string}"},"query-input":{"@type":"PropertyValueSpecification","valueRequired":true,"valueName":"search_term_string"}}],"inLanguage":"vi-VN"},{"@type":"Organization","@id":"https:\/\/metisenergy.com\/vi\/#organization","name":"Metis Energy","url":"https:\/\/metisenergy.com\/vi\/","logo":{"@type":"ImageObject","inLanguage":"vi-VN","@id":"https:\/\/metisenergy.com\/vi\/#\/schema\/logo\/image\/","url":"https:\/\/metisenergy.com\/wp-content\/uploads\/Metis-Logo-V.png-1.png","contentUrl":"https:\/\/metisenergy.com\/wp-content\/uploads\/Metis-Logo-V.png-1.png","width":2394,"height":2469,"caption":"Metis Energy"},"image":{"@id":"https:\/\/metisenergy.com\/vi\/#\/schema\/logo\/image\/"}}]}},"_links":{"self":[{"href":"https:\/\/metisenergy.com\/vi\/wp-json\/wp\/v2\/pages\/8205","targetHints":{"allow":["GET"]}}],"collection":[{"href":"https:\/\/metisenergy.com\/vi\/wp-json\/wp\/v2\/pages"}],"about":[{"href":"https:\/\/metisenergy.com\/vi\/wp-json\/wp\/v2\/types\/page"}],"author":[{"embeddable":true,"href":"https:\/\/metisenergy.com\/vi\/wp-json\/wp\/v2\/users\/11"}],"replies":[{"embeddable":true,"href":"https:\/\/metisenergy.com\/vi\/wp-json\/wp\/v2\/comments?post=8205"}],"version-history":[{"count":4,"href":"https:\/\/metisenergy.com\/vi\/wp-json\/wp\/v2\/pages\/8205\/revisions"}],"predecessor-version":[{"id":8224,"href":"https:\/\/metisenergy.com\/vi\/wp-json\/wp\/v2\/pages\/8205\/revisions\/8224"}],"wp:featuredmedia":[{"embeddable":true,"href":"https:\/\/metisenergy.com\/vi\/wp-json\/wp\/v2\/media\/7617"}],"wp:attachment":[{"href":"https:\/\/metisenergy.com\/vi\/wp-json\/wp\/v2\/media?parent=8205"}],"curies":[{"name":"wp","href":"https:\/\/api.w.org\/{rel}","templated":true}]}}